{"id":13,"date":"2023-11-30T01:13:39","date_gmt":"2023-11-30T01:13:39","guid":{"rendered":"https:\/\/baccarat168.app\/?page_id=13"},"modified":"2024-06-15T01:38:02","modified_gmt":"2024-06-15T01:38:02","slug":"baccarat-strategies","status":"publish","type":"page","link":"https:\/\/baccarat168.app\/sr\/baccarat-strategies\/","title":{"rendered":"\u0421\u0442\u0440\u0430\u0442\u0435\u0433\u0438\u0458\u0435 \u0438\u0433\u0440\u0435 \u0411\u0430\u043a\u0430\u0440\u0430: \u043f\u0443\u0442 \u0434\u043e \u0443\u0441\u043f\u0435\u0445\u0430 \u0438 \u0443\u0437\u0431\u0443\u0434\u0459\u0438\u0432\u0438\u0445 \u043f\u043e\u0431\u0435\u0434\u0430"},"content":{"rendered":"<h3>\u0423\u0432\u043e\u0434<\/h3>\n<p>\u0411\u0430\u043a\u0430\u0440\u0430, \u0441\u043c\u0430\u0442\u0440\u0430\u043d\u0430 \u0458\u0435\u0434\u043d\u043e\u043c \u043e\u0434 \u043d\u0430\u0458\u043f\u0440\u0438\u0441\u0442\u0443\u043f\u0430\u0447\u043d\u0438\u0458\u0438\u0445 \u0438 \u043d\u0430\u0458\u0437\u0430\u043d\u0438\u043c\u0459\u0438\u0432\u0438\u0458\u0438\u0445 \u043a\u0430\u0440\u0442\u0438\u0447\u043d\u0438\u0445 \u0438\u0433\u0430\u0440\u0430 \u0443 \u0441\u0432\u0435\u0442\u0443 \u043a\u043b\u0430\u0452\u0435\u045a\u0430, \u0438\u0433\u0440\u0430\u0447\u0438\u043c\u0430 \u043f\u0440\u0443\u0436\u0430 \u0443\u043d\u0438\u043a\u0430\u0442\u043d\u0443 \u043f\u0440\u0438\u043b\u0438\u043a\u0443 \u0434\u0430 \u043a\u043e\u043c\u0431\u0438\u043d\u0443\u0458\u0443 \u0441\u0440\u0435\u045b\u0443 \u0438 \u0441\u0442\u0440\u0430\u0442\u0435\u0433\u0438\u0458\u0443. \u0423 \u043e\u0432\u043e\u043c \u0434\u0435\u043b\u0443 \u045b\u0435\u043c\u043e \u0438\u0441\u0442\u0440\u0430\u0436\u0438\u0442\u0438 \u043d\u0435\u043a\u043e\u043b\u0438\u043a\u043e \u0435\u0444\u0438\u043a\u0430\u0441\u043d\u0438\u0445 \u0441\u0442\u0440\u0430\u0442\u0435\u0433\u0438\u0458\u0430 \u0438 \u043e\u043f\u0448\u0442\u0438\u0445 \u043f\u0440\u0435\u043f\u043e\u0440\u0443\u043a\u0430 \u043a\u043e\u0458\u0435 \u045b\u0435 \u0432\u0430\u043c \u043f\u043e\u043c\u043e\u045b\u0438 \u0434\u0430 \u043f\u043e\u0432\u0435\u045b\u0430\u0442\u0435 \u0448\u0430\u043d\u0441\u0435 \u0437\u0430 \u0443\u0441\u043f\u0435\u0445 \u0443 \u0441\u0432\u0435\u0442\u0443 \u0411\u0430\u043a\u0430\u0440\u0430.<\/p>\n<h3>1. \u0421\u0442\u0440\u0430\u0442\u0435\u0433\u0438\u0458\u0430 \u041c\u0430\u0440\u0442\u0438\u043d\u0433\u0435\u0458\u043b: \u0423\u043f\u0440\u0430\u0432\u0459\u0430\u045a\u0435 \u0411\u0430\u043d\u043a\u0440\u043e\u043b\u043e\u043c<\/h3>\n<p>\u0408\u0435\u0434\u043d\u0430 \u043e\u0434 \u043d\u0430\u0458\u043f\u043e\u0437\u043d\u0430\u0442\u0438\u0458\u0438\u0445 \u0441\u0442\u0440\u0430\u0442\u0435\u0433\u0438\u0458\u0430 \u0443 \u0441\u0432\u0435\u0442\u0443 \u043a\u043b\u0430\u0452\u0435\u045a\u0430 \u0458\u0435 \u0441\u0442\u0440\u0430\u0442\u0435\u0433\u0438\u0458\u0430 \u041c\u0430\u0440\u0442\u0438\u043d\u0433\u0435\u0458\u043b. \u041e\u0432\u0430 \u0441\u0442\u0440\u0430\u0442\u0435\u0433\u0438\u0458\u0430 \u0441\u0435 \u0437\u0430\u0441\u043d\u0438\u0432\u0430 \u043d\u0430 \u0458\u0435\u0434\u043d\u043e\u0441\u0442\u0430\u0432\u043d\u043e\u043c \u043f\u0440\u0438\u043d\u0446\u0438\u043f\u0443 \u0443\u0434\u0432\u0430\u0458\u0430\u045a\u0430 \u0443\u043b\u043e\u0433\u0430 \u043d\u0430\u043a\u043e\u043d \u0441\u0432\u0430\u043a\u043e\u0433 \u0433\u0443\u0431\u0438\u0442\u043a\u0430. \u0423 \u0438\u0433\u0440\u0438 \u0411\u0430\u043a\u0430\u0440\u0430, \u043e\u0432\u0430 \u0441\u0442\u0440\u0430\u0442\u0435\u0433\u0438\u0458\u0430 \u043c\u043e\u0436\u0435 \u0431\u0438\u0442\u0438 \u0435\u0444\u0438\u043a\u0430\u0441\u043d\u0430 \u0430\u043a\u043e \u0443\u043f\u0440\u0430\u0432\u0459\u0430\u0442\u0435 \u0441\u0432\u043e\u0458\u0438\u043c \u0431\u0430\u043d\u043a\u0440\u043e\u043b\u043e\u043c \u0438 \u043f\u043e\u0441\u0442\u0430\u0432\u0459\u0430\u0442\u0435 \u043b\u0438\u043c\u0438\u0442\u0435.<\/p>\n<p>\u041d\u0430 \u043f\u0440\u0438\u043c\u0435\u0440, \u0430\u043a\u043e \u0438\u0437\u0433\u0443\u0431\u0438\u0442\u0435 10 \u0458\u0435\u0434\u0438\u043d\u0438\u0446\u0430, \u0441\u043b\u0435\u0434\u0435\u045b\u0438 \u0443\u043b\u043e\u0433 \u045b\u0435 \u0431\u0438\u0442\u0438 20. \u041e\u0432\u043e \u0432\u0430\u043c \u043e\u043c\u043e\u0433\u0443\u045b\u0430\u0432\u0430 \u0431\u0440\u0437\u043e \u043f\u043e\u043a\u0440\u0438\u0432\u0430\u045a\u0435 \u0433\u0443\u0431\u0438\u0442\u0430\u043a\u0430 \u043a\u0430\u0434\u0430 \u0441\u0435 \u0441\u0440\u0435\u045b\u0430 \u043e\u043a\u0440\u0435\u043d\u0435 \u0443 \u0432\u0430\u0448\u0443 \u043a\u043e\u0440\u0438\u0441\u0442. \u041c\u0435\u0452\u0443\u0442\u0438\u043c, \u0432\u0430\u0436\u043d\u043e \u0458\u0435 \u043f\u043e\u0441\u0442\u0430\u0432\u0438\u0442\u0438 \u043b\u0438\u043c\u0438\u0442\u0435 \u0437\u0430 \u0443\u043b\u043e\u0433\u0435 \u043a\u0430\u043a\u043e \u0431\u0438\u0441\u0442\u0435 \u0438\u0437\u0431\u0435\u0433\u043b\u0438 \u043e\u0437\u0431\u0438\u0459\u043d\u0435 \u0433\u0443\u0431\u0438\u0442\u043a\u0435.<\/p>\n<h3>2. \u041f\u0430\u0440\u043e\u043b\u0438 \u0441\u0442\u0440\u0430\u0442\u0435\u0433\u0438\u0458\u0430: \u0418\u0433\u0440\u0430\u0447\u043a\u0438 \u043e\u0431\u0440\u0430\u0441\u0446\u0438<\/h3>\n<p>\u0411\u0430\u043a\u0430\u0440\u0430, \u043a\u0430\u043e \u0438 \u043c\u043d\u043e\u0433\u0435 \u0434\u0440\u0443\u0433\u0435 \u0438\u0433\u0440\u0435 \u043d\u0430 \u0441\u0440\u0435\u045b\u0443, \u043f\u0440\u0430\u0442\u0438 \u0437\u0430\u043a\u043e\u043d\u0438\u0442\u043e\u0441\u0442\u0438 \u0432\u0435\u0440\u043e\u0432\u0430\u0442\u043d\u043e\u045b\u0435. \u041f\u0430\u0440\u043e\u043b\u0438 \u0441\u0442\u0440\u0430\u0442\u0435\u0433\u0438\u0458\u0430 \u0441\u0435 \u0437\u0430\u0441\u043d\u0438\u0432\u0430 \u043d\u0430 \u043e\u0442\u043a\u0440\u0438\u0432\u0430\u045a\u0443 \u043e\u0431\u0440\u0430\u0437\u0430\u0446\u0430 \u0443 \u0440\u0435\u0437\u0443\u043b\u0442\u0430\u0442\u0438\u043c\u0430 \u043f\u0440\u0435\u0442\u0445\u043e\u0434\u043d\u0438\u0445 \u0440\u0443\u043d\u0434\u0438 \u0438 \u043a\u043e\u0440\u0438\u0448\u045b\u0435\u045a\u0443 \u045a\u0438\u0445 \u0437\u0430 \u0434\u043e\u043d\u043e\u0448\u0435\u045a\u0435 \u043e\u0434\u043b\u0443\u043a\u0430 \u0443 \u0442\u0435\u043a\u0443\u045b\u043e\u0458 \u0440\u0443\u043d\u0434\u0438.<\/p>\n<p>\u041f\u0430\u0436\u0459\u0438\u0432\u043e \u043f\u043e\u0441\u043c\u0430\u0442\u0440\u0430\u0458\u0442\u0435 \u0434\u0430 \u043b\u0438 \u041f\u043b\u0435\u0458\u0435\u0440 \u0438\u043b\u0438 \u0411\u0430\u043d\u043a\u0435\u0440 \u043f\u043e\u0431\u0435\u0452\u0443\u0458\u0435, \u0438 \u0430\u043a\u043e \u043f\u043e\u0441\u0442\u043e\u0458\u0435 \u043f\u043e\u043d\u0430\u0432\u0459\u0430\u0458\u0443\u045b\u0438 \u043e\u0431\u0440\u0430\u0441\u0446\u0438, \u043f\u0440\u0438\u043b\u0430\u0433\u043e\u0434\u0438\u0442\u0435 \u0441\u0432\u043e\u0458\u0435 \u0443\u043b\u043e\u0433\u0435 \u0443 \u0441\u043a\u043b\u0430\u0434\u0443 \u0441\u0430 \u045a\u0438\u043c\u0430. \u041e\u0432\u0430 \u0441\u0442\u0440\u0430\u0442\u0435\u0433\u0438\u0458\u0430 \u0437\u0430\u0445\u0442\u0435\u0432\u0430 \u043f\u0430\u0436\u0459\u0438\u0432\u043e\u0441\u0442 \u0438 \u043e\u0441\u043c\u043e\u0442\u0440\u043d\u043e\u0441\u0442, \u0438\u0430\u043a\u043e \u043d\u0435 \u0433\u0430\u0440\u0430\u043d\u0442\u0443\u0458\u0435 \u0443\u0441\u043f\u0435\u0445, \u043c\u043e\u0436\u0435 \u0431\u0438\u0442\u0438 \u0435\u0444\u0438\u043a\u0430\u0441\u043d\u0430 \u0443 \u043d\u0435\u043a\u0438\u043c \u0441\u0438\u0442\u0443\u0430\u0446\u0438\u0458\u0430\u043c\u0430.<\/p>\n<h3>3. \u0424\u0438\u0431\u043e\u043d\u0430\u0446\u0438\u0458\u0438 \u0441\u0442\u0440\u0430\u0442\u0435\u0433\u0438\u0458\u0430: \u041d\u0438\u0437 \u0438 \u041f\u0440\u043e\u0433\u0440\u0435\u0441\u0438\u0458\u0430<\/h3>\n<p>\u0424\u0438\u0431\u043e\u043d\u0430\u0446\u0438\u0458\u0438 \u0441\u0442\u0440\u0430\u0442\u0435\u0433\u0438\u0458\u0430 \u0441\u0435 \u0437\u0430\u0441\u043d\u0438\u0432\u0430 \u043d\u0430 \u0434\u043e\u0431\u0440\u043e \u043f\u043e\u0437\u043d\u0430\u0442\u043e\u043c \u043c\u0430\u0442\u0435\u043c\u0430\u0442\u0438\u0447\u043a\u043e\u043c \u043d\u0438\u0437\u0443, \u0433\u0434\u0435 \u0458\u0435 \u0441\u0432\u0430\u043a\u0438 \u0431\u0440\u043e\u0458 \u0437\u0431\u0438\u0440 \u0434\u0432\u0430 \u043f\u0440\u0435\u0442\u0445\u043e\u0434\u043d\u0430. \u0423 \u0438\u0433\u0440\u0438 \u0411\u0430\u043a\u0430\u0440\u0430, \u043c\u043e\u0436\u0435\u0442\u0435 \u043a\u043e\u0440\u0438\u0441\u0442\u0438\u0442\u0438 \u043e\u0432\u0443 \u0441\u0442\u0440\u0430\u0442\u0435\u0433\u0438\u0458\u0443 \u0442\u0430\u043a\u043e \u0448\u0442\u043e \u045b\u0435\u0442\u0435 \u043f\u043e\u0432\u0435\u045b\u0430\u0432\u0430\u0442\u0438 \u0443\u043b\u043e\u0433 \u043f\u0440\u0435\u043c\u0430 \u0424\u0438\u0431\u043e\u043d\u0430\u0446\u0438\u0458\u0438\u0458\u0435\u0432\u043e\u043c \u043d\u0438\u0437\u0443 \u043d\u0430\u043a\u043e\u043d \u0441\u0432\u0430\u043a\u043e\u0433 \u0433\u0443\u0431\u0438\u0442\u043a\u0430.<\/p>\n<p>\u041d\u0430 \u043f\u0440\u0438\u043c\u0435\u0440, \u0430\u043a\u043e \u0458\u0435 \u0432\u0430\u0448 \u043f\u043e\u0447\u0435\u0442\u043d\u0438 \u0443\u043b\u043e\u0433 10 \u0458\u0435\u0434\u0438\u043d\u0438\u0446\u0430 \u0438 \u0438\u0437\u0433\u0443\u0431\u0438\u0442\u0435, \u0441\u043b\u0435\u0434\u0435\u045b\u0438 \u0443\u043b\u043e\u0433 \u045b\u0435 \u0431\u0438\u0442\u0438 20 (10 + 10), \u0437\u0430\u0442\u0438\u043c 30 (20 + 10), \u0438 \u0442\u0430\u043a\u043e \u0434\u0430\u0459\u0435. \u041e\u0432\u0430 \u0441\u0442\u0440\u0430\u0442\u0435\u0433\u0438\u0458\u0430 \u043f\u043e\u043c\u0430\u0436\u0435 \u0434\u0430 \u0441\u0435 \u043e\u0433\u0440\u0430\u043d\u0438\u0447\u0435 \u0433\u0443\u0431\u0438\u0442\u0446\u0438 \u0438 \u043c\u043e\u0436\u0435 \u0431\u0438\u0442\u0438 \u0435\u0444\u0438\u043a\u0430\u0441\u043d\u0430 \u0430\u043a\u043e \u0438\u043c\u0430\u0442\u0435 \u0441\u0442\u0440\u043f\u0459\u0435\u045a\u0430 \u0438 \u043f\u0440\u0430\u0442\u0438\u0442\u0435 \u0442\u0440\u0435\u043d\u0443\u0442\u043d\u0435 \u0442\u0435\u043d\u0434\u0435\u043d\u0446\u0438\u0458\u0435.<\/p>\n<h3>\u041e\u043f\u0448\u0442\u0435 \u043f\u0440\u0435\u043f\u043e\u0440\u0443\u043a\u0435:<\/h3>\n<ul>\n<li><strong>\u0423\u043f\u0440\u0430\u0432\u0459\u0430\u0458\u0442\u0435 \u0441\u0432\u043e\u0458\u0438\u043c \u0431\u0430\u043d\u043a\u0440\u043e\u043b\u043e\u043c:<\/strong><br \/>\n\u041f\u043e\u0441\u0442\u0430\u0432\u0438\u0442\u0435 \u043b\u0438\u043c\u0438\u0442\u0435 \u0437\u0430 \u0433\u0443\u0431\u0438\u0442\u043a\u0435 \u0438 \u0434\u043e\u0431\u0438\u045b\u0435.<br \/>\n\u041a\u043e\u0440\u0438\u0441\u0442\u0438\u0442\u0435 \u0441\u0442\u0440\u0430\u0442\u0435\u0433\u0438\u0458\u0435 \u0443\u043f\u0440\u0430\u0432\u0459\u0430\u045a\u0430 \u0431\u0430\u043d\u043a\u0440\u043e\u043b\u043e\u043c \u0434\u0430 \u0438\u0437\u0431\u0435\u0433\u043d\u0435\u0442\u0435 \u043e\u0437\u0431\u0438\u0459\u043d\u0435 \u0433\u0443\u0431\u0438\u0442\u043a\u0435.<\/li>\n<li><strong>\u0411\u0443\u0434\u0438\u0442\u0435 \u043f\u0430\u0436\u0459\u0438\u0432\u0438:<\/strong><br \/>\n\u041f\u0430\u0437\u0438\u0442\u0435 \u043d\u0430 \u043e\u0431\u0440\u0430\u0437\u0446\u0435 \u0443 \u0440\u0435\u0437\u0443\u043b\u0442\u0430\u0442\u0438\u043c\u0430 \u043f\u0440\u0435\u0442\u0445\u043e\u0434\u043d\u0438\u0445 \u0440\u0443\u043d\u0434\u0438.<br \/>\n\u041d\u0435 \u043e\u0441\u043b\u0430\u045a\u0430\u0458\u0442\u0435 \u0441\u0435 \u0441\u0430\u043c\u043e \u043d\u0430 \u0441\u0440\u0435\u045b\u0443; \u043f\u0430\u0436\u0459\u0438\u0432\u043e\u0441\u0442 \u043c\u043e\u0436\u0435 \u0431\u0438\u0442\u0438 \u0432\u0430\u0448\u0430 \u043f\u0440\u0435\u0434\u043d\u043e\u0441\u0442.<\/li>\n<li><strong>\u0412\u0435\u0436\u0431\u0430\u0458\u0442\u0435 \u0438\u0433\u0440\u0443:<\/strong><br \/>\n\u0418\u0433\u0440\u0430\u0458\u0442\u0435 \u0443 \u0440\u0435\u0436\u0438\u043c\u0443 &#8222;\u0418\u0433\u0440\u0430\u0458\u0442\u0435 \u0431\u0435\u0441\u043f\u043b\u0430\u0442\u043d\u043e&#8220; \u0434\u0430 \u0431\u0438\u0441\u0442\u0435 \u0443\u0441\u0430\u0432\u0440\u0448\u0438\u043b\u0438 \u0441\u0442\u0440\u0430\u0442\u0435\u0433\u0438\u0458\u0435 \u0431\u0435\u0437 \u0440\u0438\u0437\u0438\u043a\u0430.<br \/>\n\u0412\u0435\u0436\u0431\u0430 \u045b\u0435 \u0432\u0430\u043c \u043f\u043e\u043c\u043e\u045b\u0438 \u0434\u0430 \u0431\u043e\u0459\u0435 \u0440\u0430\u0437\u0443\u043c\u0435\u0442\u0435 \u0434\u0438\u043d\u0430\u043c\u0438\u043a\u0443 \u0438\u0433\u0440\u0435 \u0438 \u0441\u0432\u043e\u0458 \u0441\u0442\u0438\u043b \u0438\u0433\u0440\u0430\u045a\u0430.<\/li>\n<li><strong>\u041f\u043e\u0441\u0442\u0430\u0432\u0438\u0442\u0435 \u0440\u0430\u0437\u0443\u043c\u043d\u0435 \u0446\u0438\u0459\u0435\u0432\u0435:<\/strong><br \/>\n\u0414\u0435\u0444\u0438\u043d\u0438\u0448\u0438\u0442\u0435 \u0441\u0432\u043e\u0458\u0435 \u0446\u0438\u0459\u0435\u0432\u0435 \u043f\u0440\u0435 \u043f\u043e\u0447\u0435\u0442\u043a\u0430 \u0438\u0433\u0440\u0435, \u0431\u0438\u043b\u043e \u0434\u0430 \u0458\u0435 \u0442\u043e \u0437\u0430\u0431\u0430\u0432\u0430, \u043e\u0434\u0440\u0435\u0452\u0435\u043d\u0438 \u043f\u0440\u043e\u0444\u0438\u0442 \u0438\u043b\u0438 \u0438\u0441\u043a\u0443\u0441\u0442\u0432\u043e.<\/li>\n<\/ul>\n<h3>\u0417\u0430\u043a\u0459\u0443\u0447\u0430\u043a<\/h3>\n<p>\u041f\u043e\u0441\u0442\u043e\u0458\u0438 \u043c\u043d\u043e\u0433\u043e \u0441\u0442\u0440\u0430\u0442\u0435\u0433\u0438\u0458\u0430 \u0438 \u043f\u0440\u0438\u0441\u0442\u0443\u043f\u0430 \u0438\u0433\u0440\u0438 \u0411\u0430\u043a\u0430\u0440\u0430. \u0421\u0432\u0430\u043a\u0438 \u0438\u0433\u0440\u0430\u0447 \u043c\u043e\u0436\u0435 \u043d\u0430\u045b\u0438 \u0441\u0432\u043e\u0458 \u0441\u043e\u043f\u0441\u0442\u0432\u0435\u043d\u0438 \u0443\u043d\u0438\u043a\u0430\u0442\u043d\u0438 \u0441\u0442\u0438\u043b \u0438 \u0441\u0442\u0440\u0430\u0442\u0435\u0433\u0438\u0458\u0443 \u043a\u043e\u0458\u0430 \u043e\u0434\u0433\u043e\u0432\u0430\u0440\u0430 \u045a\u0438\u0445\u043e\u0432\u0438\u043c \u043f\u0440\u0435\u0444\u0435\u0440\u0435\u043d\u0446\u0438\u0458\u0430\u043c\u0430. \u0417\u0430\u043f\u0430\u043c\u0442\u0438\u0442\u0435 \u0434\u0430 \u0441\u0443 \u0438\u0433\u0440\u0435 \u043d\u0430 \u0441\u0440\u0435\u045b\u0443 \u043f\u0440\u0435 \u0441\u0432\u0435\u0433\u0430 \u0437\u0430 \u0437\u0430\u0431\u0430\u0432\u0443, \u0437\u0430\u0442\u043e \u0443\u0436\u0438\u0432\u0430\u0458\u0442\u0435 \u0443 \u043f\u0440\u043e\u0446\u0435\u0441\u0443 \u0438 \u0438\u0433\u0440\u0430\u0458\u0442\u0435 \u043e\u0434\u0433\u043e\u0432\u043e\u0440\u043d\u043e. \u0421\u0440\u0435\u045b\u043d\u043e \u0443 \u0432\u0430\u0448\u0438\u043c \u0430\u0432\u0430\u043d\u0442\u0443\u0440\u0430\u043c\u0430 \u0443 \u0441\u0432\u0435\u0442\u0443 \u0411\u0430\u043a\u0430\u0440\u0430!<\/p>\n","protected":false},"excerpt":{"rendered":"<p>\u0423\u0432\u043e\u0434 \u0411\u0430\u043a\u0430\u0440\u0430, \u0441\u043c\u0430\u0442\u0440\u0430\u043d\u0430 \u0458\u0435\u0434\u043d\u043e\u043c \u043e\u0434 \u043d\u0430\u0458\u043f\u0440\u0438\u0441\u0442\u0443\u043f\u0430\u0447\u043d\u0438\u0458\u0438\u0445 \u0438 \u043d\u0430\u0458\u0437\u0430\u043d\u0438\u043c\u0459\u0438\u0432\u0438\u0458\u0438\u0445 \u043a\u0430\u0440\u0442\u0438\u0447\u043d\u0438\u0445 \u0438\u0433\u0430\u0440\u0430 \u0443 \u0441\u0432\u0435\u0442\u0443 \u043a\u043b\u0430\u0452\u0435\u045a\u0430, \u0438\u0433\u0440\u0430\u0447\u0438\u043c\u0430 \u043f\u0440\u0443\u0436\u0430 \u0443\u043d\u0438\u043a\u0430\u0442\u043d\u0443 \u043f\u0440\u0438\u043b\u0438\u043a\u0443 \u0434\u0430 \u043a\u043e\u043c\u0431\u0438\u043d\u0443\u0458\u0443 \u0441\u0440\u0435\u045b\u0443 \u0438 \u0441\u0442\u0440\u0430\u0442\u0435\u0433\u0438\u0458\u0443. \u0423 \u043e\u0432\u043e\u043c \u0434\u0435\u043b\u0443 <a href=\"https:\/\/baccarat168.app\/sr\/baccarat-strategies\/\" class=\"read-more-link\">Continue Reading<\/a><\/p>\n","protected":false},"author":1,"featured_media":0,"parent":0,"menu_order":0,"comment_status":"closed","ping_status":"closed","template":"","meta":{"footnotes":""},"class_list":["post-13","page","type-page","status-publish","hentry"],"yoast_head":"<!-- This site is optimized with the Yoast SEO plugin v27.2 - https:\/\/yoast.com\/product\/yoast-seo-wordpress\/ -->\n<title>Maximizar el \u00c9xito: Estrategias Efectivas para Jugar al Baccarat<\/title>\n<meta name=\"description\" content=\"\u0418\u0441\u0442\u0440\u0430\u0436\u0438\u0442\u0435 \u043d\u0430\u0458\u0431\u043e\u0459\u0435 \u0441\u0442\u0440\u0430\u0442\u0435\u0433\u0438\u0458\u0435 \u0437\u0430 \u043f\u043e\u0431\u0435\u0434\u0443 \u0443 \u0411\u0430\u043a\u0430\u0440\u0438. \u041a\u043e\u0440\u0438\u0441\u043d\u0438 \u0441\u0430\u0432\u0435\u0442\u0438, \u0442\u0430\u043a\u0442\u0438\u043a\u0435 \u0438 \u0432\u043e\u0434\u0438\u0447\u0438 \u0437\u0430 \u043f\u043e\u0431\u043e\u0459\u0448\u0430\u045a\u0435 \u0432\u0430\u0448\u0435 \u0438\u0433\u0440\u0435.\" \/>\n<meta name=\"robots\" content=\"index, follow, max-snippet:-1, max-image-preview:large, max-video-preview:-1\" \/>\n<link rel=\"canonical\" href=\"https:\/\/baccarat168.app\/sr\/baccarat-strategies\/\" \/>\n<meta property=\"og:locale\" content=\"sr_RS\" \/>\n<meta property=\"og:locale:alternate\" content=\"ru_RU\" \/>\n<meta property=\"og:locale:alternate\" content=\"en_US\" \/>\n<meta property=\"og:locale:alternate\" content=\"pt_PT\" \/>\n<meta property=\"og:locale:alternate\" content=\"es_ES\" \/>\n<meta property=\"og:locale:alternate\" content=\"fr_FR\" \/>\n<meta property=\"og:locale:alternate\" content=\"de_DE\" \/>\n<meta property=\"og:locale:alternate\" content=\"ro_RO\" \/>\n<meta property=\"og:locale:alternate\" content=\"bg_BG\" \/>\n<meta property=\"og:locale:alternate\" content=\"pl_PL\" \/>\n<meta property=\"og:locale:alternate\" content=\"it_IT\" \/>\n<meta property=\"og:type\" content=\"article\" \/>\n<meta property=\"og:title\" content=\"Maximizar el \u00c9xito: Estrategias Efectivas para Jugar al Baccarat\" \/>\n<meta property=\"og:description\" content=\"Explora las mejores estrategias para ganar en el Baccarat. Consejos \u00fatiles, t\u00e1cticas y gu\u00edas para mejorar tu juego.\" \/>\n<meta property=\"og:url\" content=\"https:\/\/baccarat168.app\/sr\/baccarat-strategies\/\" \/>\n<meta property=\"og:site_name\" content=\"Baccarat\" \/>\n<meta property=\"article:modified_time\" content=\"2024-06-15T01:38:02+00:00\" \/>\n<meta name=\"twitter:card\" content=\"summary_large_image\" \/>\n<meta name=\"twitter:label1\" content=\"\u041f\u0440\u043e\u0446\u0435\u045a\u0435\u043d\u043e \u0432\u0440\u0435\u043c\u0435 \u0447\u0438\u0442\u0430\u045a\u0430\" \/>\n\t<meta name=\"twitter:data1\" content=\"19 \u043c\u0438\u043d\u0443\u0442\u0430\" \/>\n<script type=\"application\/ld+json\" class=\"yoast-schema-graph\">{\"@context\":\"https:\/\/schema.org\",\"@graph\":[{\"@type\":\"WebPage\",\"@id\":\"https:\/\/baccarat168.app\/es\/baccarat-strategies\/\",\"url\":\"https:\/\/baccarat168.app\/es\/baccarat-strategies\/\",\"name\":\"Maximizar el \u00c9xito: Estrategias Efectivas para Jugar al Baccarat\",\"isPartOf\":{\"@id\":\"https:\/\/baccarat168.app\/#website\"},\"datePublished\":\"2023-11-30T01:13:39+00:00\",\"dateModified\":\"2024-06-15T01:38:02+00:00\",\"description\":\"Explora las mejores estrategias para ganar en el Baccarat. Consejos \u00fatiles, t\u00e1cticas y gu\u00edas para mejorar tu juego.\",\"breadcrumb\":{\"@id\":\"https:\/\/baccarat168.app\/es\/baccarat-strategies\/#breadcrumb\"},\"inLanguage\":\"sr-RS\",\"potentialAction\":[{\"@type\":\"ReadAction\",\"target\":[\"https:\/\/baccarat168.app\/es\/baccarat-strategies\/\"]}]},{\"@type\":\"BreadcrumbList\",\"@id\":\"https:\/\/baccarat168.app\/es\/baccarat-strategies\/#breadcrumb\",\"itemListElement\":[{\"@type\":\"ListItem\",\"position\":1,\"name\":\"Home\",\"item\":\"https:\/\/baccarat168.app\/\"},{\"@type\":\"ListItem\",\"position\":2,\"name\":\"Estrategias del juego de Baccarat: el camino hacia el \u00e9xito y emocionantes victorias\"}]},{\"@type\":\"WebSite\",\"@id\":\"https:\/\/baccarat168.app\/#website\",\"url\":\"https:\/\/baccarat168.app\/\",\"name\":\"Baccarat\",\"description\":\"\",\"potentialAction\":[{\"@type\":\"SearchAction\",\"target\":{\"@type\":\"EntryPoint\",\"urlTemplate\":\"https:\/\/baccarat168.app\/?s={search_term_string}\"},\"query-input\":{\"@type\":\"PropertyValueSpecification\",\"valueRequired\":true,\"valueName\":\"search_term_string\"}}],\"inLanguage\":\"sr-RS\"}]}<\/script>\n<!-- \/ Yoast SEO plugin. -->","yoast_head_json":{"title":"Maximizar el \u00c9xito: Estrategias Efectivas para Jugar al Baccarat","description":"\u0418\u0441\u0442\u0440\u0430\u0436\u0438\u0442\u0435 \u043d\u0430\u0458\u0431\u043e\u0459\u0435 \u0441\u0442\u0440\u0430\u0442\u0435\u0433\u0438\u0458\u0435 \u0437\u0430 \u043f\u043e\u0431\u0435\u0434\u0443 \u0443 \u0411\u0430\u043a\u0430\u0440\u0438. \u041a\u043e\u0440\u0438\u0441\u043d\u0438 \u0441\u0430\u0432\u0435\u0442\u0438, \u0442\u0430\u043a\u0442\u0438\u043a\u0435 \u0438 \u0432\u043e\u0434\u0438\u0447\u0438 \u0437\u0430 \u043f\u043e\u0431\u043e\u0459\u0448\u0430\u045a\u0435 \u0432\u0430\u0448\u0435 \u0438\u0433\u0440\u0435.","robots":{"index":"index","follow":"follow","max-snippet":"max-snippet:-1","max-image-preview":"max-image-preview:large","max-video-preview":"max-video-preview:-1"},"canonical":"https:\/\/baccarat168.app\/sr\/baccarat-strategies\/","og_locale":"sr_RS","og_type":"article","og_title":"Maximizar el \u00c9xito: Estrategias Efectivas para Jugar al Baccarat","og_description":"Explora las mejores estrategias para ganar en el Baccarat. Consejos \u00fatiles, t\u00e1cticas y gu\u00edas para mejorar tu juego.","og_url":"https:\/\/baccarat168.app\/sr\/baccarat-strategies\/","og_site_name":"Baccarat","article_modified_time":"2024-06-15T01:38:02+00:00","twitter_card":"summary_large_image","twitter_misc":{"\u041f\u0440\u043e\u0446\u0435\u045a\u0435\u043d\u043e \u0432\u0440\u0435\u043c\u0435 \u0447\u0438\u0442\u0430\u045a\u0430":"19 \u043c\u0438\u043d\u0443\u0442\u0430"},"schema":{"@context":"https:\/\/schema.org","@graph":[{"@type":"WebPage","@id":"https:\/\/baccarat168.app\/es\/baccarat-strategies\/","url":"https:\/\/baccarat168.app\/es\/baccarat-strategies\/","name":"Maximizar el \u00c9xito: Estrategias Efectivas para Jugar al Baccarat","isPartOf":{"@id":"https:\/\/baccarat168.app\/#website"},"datePublished":"2023-11-30T01:13:39+00:00","dateModified":"2024-06-15T01:38:02+00:00","description":"Explora las mejores estrategias para ganar en el Baccarat. Consejos \u00fatiles, t\u00e1cticas y gu\u00edas para mejorar tu juego.","breadcrumb":{"@id":"https:\/\/baccarat168.app\/es\/baccarat-strategies\/#breadcrumb"},"inLanguage":"sr-RS","potentialAction":[{"@type":"ReadAction","target":["https:\/\/baccarat168.app\/es\/baccarat-strategies\/"]}]},{"@type":"BreadcrumbList","@id":"https:\/\/baccarat168.app\/es\/baccarat-strategies\/#breadcrumb","itemListElement":[{"@type":"ListItem","position":1,"name":"Home","item":"https:\/\/baccarat168.app\/"},{"@type":"ListItem","position":2,"name":"Estrategias del juego de Baccarat: el camino hacia el \u00e9xito y emocionantes victorias"}]},{"@type":"WebSite","@id":"https:\/\/baccarat168.app\/#website","url":"https:\/\/baccarat168.app\/","name":"Baccarat","description":"","potentialAction":[{"@type":"SearchAction","target":{"@type":"EntryPoint","urlTemplate":"https:\/\/baccarat168.app\/?s={search_term_string}"},"query-input":{"@type":"PropertyValueSpecification","valueRequired":true,"valueName":"search_term_string"}}],"inLanguage":"sr-RS"}]}},"_links":{"self":[{"href":"https:\/\/baccarat168.app\/sr\/wp-json\/wp\/v2\/pages\/13","targetHints":{"allow":["GET"]}}],"collection":[{"href":"https:\/\/baccarat168.app\/sr\/wp-json\/wp\/v2\/pages"}],"about":[{"href":"https:\/\/baccarat168.app\/sr\/wp-json\/wp\/v2\/types\/page"}],"author":[{"embeddable":true,"href":"https:\/\/baccarat168.app\/sr\/wp-json\/wp\/v2\/users\/1"}],"replies":[{"embeddable":true,"href":"https:\/\/baccarat168.app\/sr\/wp-json\/wp\/v2\/comments?post=13"}],"version-history":[{"count":22,"href":"https:\/\/baccarat168.app\/sr\/wp-json\/wp\/v2\/pages\/13\/revisions"}],"predecessor-version":[{"id":158,"href":"https:\/\/baccarat168.app\/sr\/wp-json\/wp\/v2\/pages\/13\/revisions\/158"}],"wp:attachment":[{"href":"https:\/\/baccarat168.app\/sr\/wp-json\/wp\/v2\/media?parent=13"}],"curies":[{"name":"wp","href":"https:\/\/api.w.org\/{rel}","templated":true}]}}