{"id":9,"date":"2023-11-30T01:12:04","date_gmt":"2023-11-30T01:12:04","guid":{"rendered":"https:\/\/baccarat168.app\/?page_id=9"},"modified":"2024-06-14T22:12:04","modified_gmt":"2024-06-14T22:12:04","slug":"download-baccarat","status":"publish","type":"page","link":"https:\/\/baccarat168.app\/ro\/download-baccarat\/","title":{"rendered":"Desc\u0103rcarea jocului Baccarat: calea dumneavoastr\u0103 c\u0103tre emo\u021bie \u00eentr-un format convenabil!"},"content":{"rendered":"<h3>1. Desc\u0103rcare pe Android<\/h3>\n<p>Dori\u021bi s\u0103 v\u0103 bucura\u021bi de jocul de Baccarat direct de pe dispozitivul dvs. Android? Este u\u0219or \u0219i convenabil! Urma\u021bi ace\u0219ti pa\u0219i:<\/p>\n<ul>\n<li><strong>Deschide\u021bi Google Play Store:<\/strong> Accesa\u021bi magazinul de aplica\u021bii de pe dispozitivul dvs.<\/li>\n<li><strong>C\u0103uta\u021bi Baccarat:<\/strong> Tasta\u021bi &#8222;Baccarat&#8221; \u00een bara de c\u0103utare pentru a g\u0103si aplica\u021bia noastr\u0103.<\/li>\n<li><strong>Instala\u021bi \u0219i Juca\u021bi:<\/strong> Atinge\u021bi butonul &#8222;Instalare&#8221;, a\u0219tepta\u021bi finalizarea desc\u0103rc\u0103rii \u0219i sunte\u021bi gata s\u0103 intra\u021bi \u00een lumea Baccarat direct de pe dispozitivul dvs. Android!<\/li>\n<\/ul>\n<h3>2. Desc\u0103rcare pe iPhone<\/h3>\n<p>De\u021bine\u021bi un iPhone? Nu v\u0103 face\u021bi griji, Baccarat este disponibil \u0219i pentru dvs.! Desc\u0103rcarea pe iPhone este, de asemenea, simpl\u0103:<\/p>\n<ul>\n<li><strong>Deschide\u021bi App Store:<\/strong> Accesa\u021bi magazinul de aplica\u021bii de pe iPhone-ul dvs.<\/li>\n<li><strong>C\u0103uta\u021bi Baccarat:<\/strong> Tasta\u021bi &#8222;Baccarat&#8221; \u00een bara de c\u0103utare \u0219i g\u0103si\u021bi aplica\u021bia noastr\u0103.<\/li>\n<li><strong>Instala\u021bi \u0219i Juca\u021bi:<\/strong> Atinge\u021bi butonul &#8222;Instalare&#8221;, confirma\u021bi instalarea \u0219i c\u0103r\u021bile de Baccarat sunt deja \u00een m\u00e2inile dvs.!<\/li>\n<\/ul>\n<h3>3. Desc\u0103rcare pe Computer<\/h3>\n<p>Preferi\u021bi s\u0103 juca\u021bi pe ecranul mare al computerului dvs.? Desc\u0103rca\u021bi Baccarat direct pe computer \u0219i bucura\u021bi-v\u0103 de joc \u00eentr-un cadru confortabil:<\/p>\n<ul>\n<li><strong>Vizita\u021bi Site-ul Oficial:<\/strong> Accesa\u021bi site-ul nostru oficial \u0219i g\u0103si\u021bi sec\u021biunea de desc\u0103rcare.<\/li>\n<li><strong>Alege\u021bi Versiunea pentru Computer:<\/strong> Selecta\u021bi versiunea corespunz\u0103toare pentru sistemul dvs. de operare (Windows, MacOS).<\/li>\n<li><strong>Urma\u021bi Instruc\u021biunile:<\/strong> Urma\u021bi instruc\u021biunile simple pentru a instala aplica\u021bia pe computer \u0219i preg\u0103ti\u021bi-v\u0103 pentru runde palpitante de Baccarat!<\/li>\n<\/ul>\n<p>Baccarat este acum disponibil oric\u00e2nd, oriunde, \u0219i pute\u021bi alege formatul convenabil pentru aventura dvs. de jocuri de noroc. Nu rata\u021bi \u0219ansa de a face parte din lumea captivant\u0103 a Baccarat direct de pe dispozitivul sau computerul dvs.! Desc\u0103rca\u021bi acum \u0219i \u00eencepe\u021bi-v\u0103 c\u0103l\u0103toria palpitant\u0103 spre victorie.<\/p>\n","protected":false},"excerpt":{"rendered":"<p>1. Desc\u0103rcare pe Android Dori\u021bi s\u0103 v\u0103 bucura\u021bi de jocul de Baccarat direct de pe dispozitivul dvs. Android? Este u\u0219or \u0219i convenabil! Urma\u021bi ace\u0219ti pa\u0219i: <a href=\"https:\/\/baccarat168.app\/ro\/download-baccarat\/\" class=\"read-more-link\">Continue Reading<\/a><\/p>\n","protected":false},"author":1,"featured_media":0,"parent":0,"menu_order":0,"comment_status":"closed","ping_status":"closed","template":"","meta":{"footnotes":""},"class_list":["post-9","page","type-page","status-publish","hentry"],"yoast_head":"<!-- This site is optimized with the Yoast SEO plugin v27.2 - https:\/\/yoast.com\/product\/yoast-seo-wordpress\/ -->\n<title>Laden Sie Baccarat auf Android, iPhone oder Computer herunter<\/title>\n<meta name=\"description\" content=\"Joac\u0103 Baccarat oriunde. Descarc\u0103 aplica\u021bia pe dispozitivul t\u0103u \u0219i bucur\u0103-te de runde palpitante la cazinoul online.\" \/>\n<meta name=\"robots\" content=\"index, follow, max-snippet:-1, max-image-preview:large, max-video-preview:-1\" \/>\n<link rel=\"canonical\" href=\"https:\/\/baccarat168.app\/ro\/download-baccarat\/\" \/>\n<meta property=\"og:locale\" content=\"ro_RO\" \/>\n<meta property=\"og:locale:alternate\" content=\"ru_RU\" \/>\n<meta property=\"og:locale:alternate\" content=\"en_US\" \/>\n<meta property=\"og:locale:alternate\" content=\"pt_PT\" \/>\n<meta property=\"og:locale:alternate\" content=\"es_ES\" \/>\n<meta property=\"og:locale:alternate\" content=\"fr_FR\" \/>\n<meta property=\"og:locale:alternate\" content=\"de_DE\" \/>\n<meta property=\"og:locale:alternate\" content=\"sr_RS\" \/>\n<meta property=\"og:locale:alternate\" content=\"bg_BG\" \/>\n<meta property=\"og:locale:alternate\" content=\"pl_PL\" \/>\n<meta property=\"og:locale:alternate\" content=\"it_IT\" \/>\n<meta property=\"og:type\" content=\"article\" \/>\n<meta property=\"og:title\" content=\"Laden Sie Baccarat auf Android, iPhone oder Computer herunter\" \/>\n<meta property=\"og:description\" content=\"Spielen Sie Baccarat \u00fcberall. Laden Sie die App auf Ihr Ger\u00e4t herunter und genie\u00dfen Sie aufregende Runden im Online-Casino.\" \/>\n<meta property=\"og:url\" content=\"https:\/\/baccarat168.app\/ro\/download-baccarat\/\" \/>\n<meta property=\"og:site_name\" content=\"Baccarat\" \/>\n<meta property=\"article:modified_time\" content=\"2024-06-14T22:12:04+00:00\" \/>\n<meta name=\"twitter:card\" content=\"summary_large_image\" \/>\n<meta name=\"twitter:label1\" content=\"Timp estimat pentru citire\" \/>\n\t<meta name=\"twitter:data1\" content=\"10 minute\" \/>\n<script type=\"application\/ld+json\" class=\"yoast-schema-graph\">{\"@context\":\"https:\/\/schema.org\",\"@graph\":[{\"@type\":\"WebPage\",\"@id\":\"https:\/\/baccarat168.app\/de\/download-baccarat\/\",\"url\":\"https:\/\/baccarat168.app\/de\/download-baccarat\/\",\"name\":\"Laden Sie Baccarat auf Android, iPhone oder Computer herunter\",\"isPartOf\":{\"@id\":\"https:\/\/baccarat168.app\/#website\"},\"datePublished\":\"2023-11-30T01:12:04+00:00\",\"dateModified\":\"2024-06-14T22:12:04+00:00\",\"description\":\"Spielen Sie Baccarat \u00fcberall. Laden Sie die App auf Ihr Ger\u00e4t herunter und genie\u00dfen Sie aufregende Runden im Online-Casino.\",\"breadcrumb\":{\"@id\":\"https:\/\/baccarat168.app\/de\/download-baccarat\/#breadcrumb\"},\"inLanguage\":\"ro-RO\",\"potentialAction\":[{\"@type\":\"ReadAction\",\"target\":[\"https:\/\/baccarat168.app\/de\/download-baccarat\/\"]}]},{\"@type\":\"BreadcrumbList\",\"@id\":\"https:\/\/baccarat168.app\/de\/download-baccarat\/#breadcrumb\",\"itemListElement\":[{\"@type\":\"ListItem\",\"position\":1,\"name\":\"Home\",\"item\":\"https:\/\/baccarat168.app\/\"},{\"@type\":\"ListItem\",\"position\":2,\"name\":\"Herunterladen des Baccarat-Spiels: Ihr Weg zur Aufregung in einem praktischen Format!\"}]},{\"@type\":\"WebSite\",\"@id\":\"https:\/\/baccarat168.app\/#website\",\"url\":\"https:\/\/baccarat168.app\/\",\"name\":\"Baccarat\",\"description\":\"\",\"potentialAction\":[{\"@type\":\"SearchAction\",\"target\":{\"@type\":\"EntryPoint\",\"urlTemplate\":\"https:\/\/baccarat168.app\/?s={search_term_string}\"},\"query-input\":{\"@type\":\"PropertyValueSpecification\",\"valueRequired\":true,\"valueName\":\"search_term_string\"}}],\"inLanguage\":\"ro-RO\"}]}<\/script>\n<!-- \/ Yoast SEO plugin. -->","yoast_head_json":{"title":"Laden Sie Baccarat auf Android, iPhone oder Computer herunter","description":"Joac\u0103 Baccarat oriunde. Descarc\u0103 aplica\u021bia pe dispozitivul t\u0103u \u0219i bucur\u0103-te de runde palpitante la cazinoul online.","robots":{"index":"index","follow":"follow","max-snippet":"max-snippet:-1","max-image-preview":"max-image-preview:large","max-video-preview":"max-video-preview:-1"},"canonical":"https:\/\/baccarat168.app\/ro\/download-baccarat\/","og_locale":"ro_RO","og_type":"article","og_title":"Laden Sie Baccarat auf Android, iPhone oder Computer herunter","og_description":"Spielen Sie Baccarat \u00fcberall. Laden Sie die App auf Ihr Ger\u00e4t herunter und genie\u00dfen Sie aufregende Runden im Online-Casino.","og_url":"https:\/\/baccarat168.app\/ro\/download-baccarat\/","og_site_name":"Baccarat","article_modified_time":"2024-06-14T22:12:04+00:00","twitter_card":"summary_large_image","twitter_misc":{"Timp estimat pentru citire":"10 minute"},"schema":{"@context":"https:\/\/schema.org","@graph":[{"@type":"WebPage","@id":"https:\/\/baccarat168.app\/de\/download-baccarat\/","url":"https:\/\/baccarat168.app\/de\/download-baccarat\/","name":"Laden Sie Baccarat auf Android, iPhone oder Computer herunter","isPartOf":{"@id":"https:\/\/baccarat168.app\/#website"},"datePublished":"2023-11-30T01:12:04+00:00","dateModified":"2024-06-14T22:12:04+00:00","description":"Spielen Sie Baccarat \u00fcberall. Laden Sie die App auf Ihr Ger\u00e4t herunter und genie\u00dfen Sie aufregende Runden im Online-Casino.","breadcrumb":{"@id":"https:\/\/baccarat168.app\/de\/download-baccarat\/#breadcrumb"},"inLanguage":"ro-RO","potentialAction":[{"@type":"ReadAction","target":["https:\/\/baccarat168.app\/de\/download-baccarat\/"]}]},{"@type":"BreadcrumbList","@id":"https:\/\/baccarat168.app\/de\/download-baccarat\/#breadcrumb","itemListElement":[{"@type":"ListItem","position":1,"name":"Home","item":"https:\/\/baccarat168.app\/"},{"@type":"ListItem","position":2,"name":"Herunterladen des Baccarat-Spiels: Ihr Weg zur Aufregung in einem praktischen Format!"}]},{"@type":"WebSite","@id":"https:\/\/baccarat168.app\/#website","url":"https:\/\/baccarat168.app\/","name":"Baccarat","description":"","potentialAction":[{"@type":"SearchAction","target":{"@type":"EntryPoint","urlTemplate":"https:\/\/baccarat168.app\/?s={search_term_string}"},"query-input":{"@type":"PropertyValueSpecification","valueRequired":true,"valueName":"search_term_string"}}],"inLanguage":"ro-RO"}]}},"_links":{"self":[{"href":"https:\/\/baccarat168.app\/ro\/wp-json\/wp\/v2\/pages\/9","targetHints":{"allow":["GET"]}}],"collection":[{"href":"https:\/\/baccarat168.app\/ro\/wp-json\/wp\/v2\/pages"}],"about":[{"href":"https:\/\/baccarat168.app\/ro\/wp-json\/wp\/v2\/types\/page"}],"author":[{"embeddable":true,"href":"https:\/\/baccarat168.app\/ro\/wp-json\/wp\/v2\/users\/1"}],"replies":[{"embeddable":true,"href":"https:\/\/baccarat168.app\/ro\/wp-json\/wp\/v2\/comments?post=9"}],"version-history":[{"count":22,"href":"https:\/\/baccarat168.app\/ro\/wp-json\/wp\/v2\/pages\/9\/revisions"}],"predecessor-version":[{"id":154,"href":"https:\/\/baccarat168.app\/ro\/wp-json\/wp\/v2\/pages\/9\/revisions\/154"}],"wp:attachment":[{"href":"https:\/\/baccarat168.app\/ro\/wp-json\/wp\/v2\/media?parent=9"}],"curies":[{"name":"wp","href":"https:\/\/api.w.org\/{rel}","templated":true}]}}