{"id":7,"date":"2023-11-30T01:11:20","date_gmt":"2023-11-30T01:11:20","guid":{"rendered":"https:\/\/baccarat168.app\/?page_id=7"},"modified":"2024-06-14T22:22:49","modified_gmt":"2024-06-14T22:22:49","slug":"play-baccarat-online","status":"publish","type":"page","link":"https:\/\/baccarat168.app\/ro\/play-baccarat-online\/","title":{"rendered":"Juc\u00e2nd la cazinoul online: imersa\u021bi-v\u0103 \u00een lumea Baccarat-ului \u0219i a victoriilor palpitante"},"content":{"rendered":"<p>Bine a\u021bi venit \u00een lumea captivant\u0103 a cazinourilor online, unde jocurile de noroc se combin\u0103 cu confortul casei tale. Aici ve\u021bi g\u0103si tot ce ave\u021bi nevoie pentru o experien\u021b\u0103 de joc palpitant\u0103, mai ales dac\u0103 alegerea dvs. este jocul de Baccarat. S\u0103 lu\u0103m \u00een considerare c\u00e2\u021biva pa\u0219i importan\u021bi pentru a \u00eencepe aventura dvs. de jocuri de noroc.<\/p>\n<h3>\u00cenregistra\u021bi-v\u0103 \u0219i \u00cencepe\u021bi S\u0103 Juca\u021bi!<\/h3>\n<p>Primul pas pe drumul c\u0103tre victorii palpitante este \u00eenregistrarea. \u00censcrie\u021bi-v\u0103 pe site-ul nostru complet\u00e2nd c\u00e2teva c\u00e2mpuri simple cu informa\u021biile dvs. Contul dvs. este biletul c\u0103tre lumea jocurilor de noroc, unde v\u0103 a\u0219teapt\u0103 runde captivante de Baccarat \u0219i multe altele.<\/p>\n<h3>Juca\u021bi Baccarat Gratuit<\/h3>\n<p>\u00cenainte de a v\u0103 aventura \u00een pariuri reale, v\u0103 oferim posibilitatea de a \u00eencerca Baccarat \u00een modul &#8222;Joac\u0103 Gratuit&#8221;. Aceasta este o oportunitate excelent\u0103 de a v\u0103 familiariza cu regulile, de a dezvolta strategii \u0219i de a sim\u021bi emo\u021bia jocului f\u0103r\u0103 a risca bankroll-ul. Trece\u021bi la modul de pariuri reale c\u00e2nd v\u0103 sim\u021bi\u021bi \u00eencrez\u0103tor \u00een abilit\u0103\u021bile dvs.<\/p>\n<h3>Metode de \u00cenregistrare \u0219i Depunere<\/h3>\n<p>\u00cenregistrarea pe site-ul nostru este un proces simplu \u0219i sigur. Completa\u021bi c\u00e2teva c\u00e2mpuri obligatorii, verifica\u021bi-v\u0103 identitatea \u0219i sunte\u021bi gata de start. Sunt oferite diverse metode convenabile pentru a depune fonduri \u00een contul dvs.:<\/p>\n<ul>\n<li><strong>Carduri de credit \u0219i debit:<\/strong> Depune\u021bi fonduri utiliz\u00e2nd carduri de plat\u0103 populare.<\/li>\n<li><strong>Portofele electronice:<\/strong> Utiliza\u021bi portofele electronice pentru tranzac\u021bii instantanee.<\/li>\n<li><strong>Transferuri bancare:<\/strong> Depune\u021bi fonduri prin transfer bancar pentru o fiabilitate maxim\u0103.<\/li>\n<\/ul>\n<p>Alege\u021bi metoda care vi se potrive\u0219te cel mai bine \u0219i \u00eencepe\u021bi aventura dvs. de jocuri de noroc!<\/p>\n<h3>Metode de Retragere<\/h3>\n<p>C\u00e2nd vine timpul s\u0103 v\u0103 \u00eencasa\u021bi c\u00e2\u0219tigurile, procesul de retragere este, de asemenea, c\u00e2t se poate de convenabil. Alege\u021bi una dintre metodele de retragere, inclusiv:<\/p>\n<ul>\n<li><strong>Transferuri bancare:<\/strong> Primi\u021bi c\u00e2\u0219tigurile \u00een contul dvs. bancar.<\/li>\n<li><strong>Portofele electronice:<\/strong> Retragere instantanee \u00een portofelul dvs. electronic.<\/li>\n<li><strong>Carduri:<\/strong> Returna\u021bi c\u00e2\u0219tigurile pe un card de credit sau debit.<\/li>\n<\/ul>\n<p>Noi pre\u021buim timpul dvs. \u0219i ne str\u0103duim s\u0103 oferim un confort maxim \u00een timpul tranzac\u021biilor financiare.<\/p>\n<h3>Concluzie<\/h3>\n<p>Jocul la un cazinou online nu \u00eenseamn\u0103 doar jocuri de noroc; este o oportunitate de a v\u0103 bucura de jocuri captivante, inclusiv Baccarat, \u00eentr-un mediu convenabil. \u00cenregistra\u021bi-v\u0103, juca\u021bi gratuit \u0219i c\u00e2nd vine momentul dvs., depune\u021bi fonduri \u0219i bucura\u021bi-v\u0103 de victorii. Am creat acest portal de jocuri unic pentru a face experien\u021ba dvs. c\u00e2t mai interesant\u0103 \u0219i lipsit\u0103 de griji. \u00cencepe\u021bi aventura dvs. \u00een lumea jocurilor de noroc chiar acum!<\/p>\n","protected":false},"excerpt":{"rendered":"<p>Bine a\u021bi venit \u00een lumea captivant\u0103 a cazinourilor online, unde jocurile de noroc se combin\u0103 cu confortul casei tale. Aici ve\u021bi g\u0103si tot ce ave\u021bi <a href=\"https:\/\/baccarat168.app\/ro\/play-baccarat-online\/\" class=\"read-more-link\">Continue Reading<\/a><\/p>\n","protected":false},"author":1,"featured_media":0,"parent":0,"menu_order":0,"comment_status":"closed","ping_status":"closed","template":"","meta":{"footnotes":""},"class_list":["post-7","page","type-page","status-publish","hentry"],"yoast_head":"<!-- This site is optimized with the Yoast SEO plugin v27.2 - https:\/\/yoast.com\/product\/yoast-seo-wordpress\/ -->\n<title>\u041e\u043d\u043b\u0430\u0439\u043d \u041a\u0430\u0437\u0438\u043d\u043e: \u0418\u0433\u0440\u0430\u0439\u0442\u0435 \u0432 Baccarat, \u0420\u0435\u0433\u0438\u0441\u0442\u0440\u0438\u0440\u0443\u0439\u0442\u0435\u0441\u044c \u0438 \u0412\u044b\u0438\u0433\u0440\u044b\u0432\u0430\u0439\u0442\u0435!<\/title>\n<meta name=\"description\" content=\"Exploreaz\u0103 lumea divertismentului de jocuri de noroc. \u00cenregistreaz\u0103-te, joac\u0103 Baccarat gratuit \u0219i f\u0103 un depozit pentru victorii palpitante!\" \/>\n<meta name=\"robots\" content=\"index, follow, max-snippet:-1, max-image-preview:large, max-video-preview:-1\" \/>\n<link rel=\"canonical\" href=\"https:\/\/baccarat168.app\/ro\/play-baccarat-online\/\" \/>\n<meta property=\"og:locale\" content=\"ro_RO\" \/>\n<meta property=\"og:locale:alternate\" content=\"ru_RU\" \/>\n<meta property=\"og:locale:alternate\" content=\"en_US\" \/>\n<meta property=\"og:locale:alternate\" content=\"pt_PT\" \/>\n<meta property=\"og:locale:alternate\" content=\"es_ES\" \/>\n<meta property=\"og:locale:alternate\" content=\"fr_FR\" \/>\n<meta property=\"og:locale:alternate\" content=\"de_DE\" \/>\n<meta property=\"og:locale:alternate\" content=\"sr_RS\" \/>\n<meta property=\"og:locale:alternate\" content=\"bg_BG\" \/>\n<meta property=\"og:locale:alternate\" content=\"pl_PL\" \/>\n<meta property=\"og:locale:alternate\" content=\"it_IT\" \/>\n<meta property=\"og:type\" content=\"article\" \/>\n<meta property=\"og:title\" content=\"\u041e\u043d\u043b\u0430\u0439\u043d \u041a\u0430\u0437\u0438\u043d\u043e: \u0418\u0433\u0440\u0430\u0439\u0442\u0435 \u0432 Baccarat, \u0420\u0435\u0433\u0438\u0441\u0442\u0440\u0438\u0440\u0443\u0439\u0442\u0435\u0441\u044c \u0438 \u0412\u044b\u0438\u0433\u0440\u044b\u0432\u0430\u0439\u0442\u0435!\" \/>\n<meta property=\"og:description\" content=\"\u0417\u0430\u0433\u043b\u044f\u043d\u0438\u0442\u0435 \u0432 \u043c\u0438\u0440 \u0430\u0437\u0430\u0440\u0442\u043d\u044b\u0445 \u0440\u0430\u0437\u0432\u043b\u0435\u0447\u0435\u043d\u0438\u0439. \u0420\u0435\u0433\u0438\u0441\u0442\u0440\u0438\u0440\u0443\u0439\u0442\u0435\u0441\u044c, \u0438\u0433\u0440\u0430\u0439\u0442\u0435 \u0431\u0435\u0441\u043f\u043b\u0430\u0442\u043d\u043e \u0432 Baccarat \u0438 \u0432\u043d\u043e\u0441\u0438\u0442\u0435 \u0434\u0435\u043f\u043e\u0437\u0438\u0442 \u0434\u043b\u044f \u0437\u0430\u0445\u0432\u0430\u0442\u044b\u0432\u0430\u044e\u0449\u0438\u0445 \u043f\u043e\u0431\u0435\u0434!\" \/>\n<meta property=\"og:url\" content=\"https:\/\/baccarat168.app\/ro\/play-baccarat-online\/\" \/>\n<meta property=\"og:site_name\" content=\"Baccarat\" \/>\n<meta property=\"article:modified_time\" content=\"2024-06-14T22:22:49+00:00\" \/>\n<meta name=\"twitter:card\" content=\"summary_large_image\" \/>\n<meta name=\"twitter:label1\" content=\"Timp estimat pentru citire\" \/>\n\t<meta name=\"twitter:data1\" content=\"17 minute\" \/>\n<script type=\"application\/ld+json\" class=\"yoast-schema-graph\">{\"@context\":\"https:\/\/schema.org\",\"@graph\":[{\"@type\":\"WebPage\",\"@id\":\"https:\/\/baccarat168.app\/play-baccarat-online\/\",\"url\":\"https:\/\/baccarat168.app\/play-baccarat-online\/\",\"name\":\"\u041e\u043d\u043b\u0430\u0439\u043d \u041a\u0430\u0437\u0438\u043d\u043e: \u0418\u0433\u0440\u0430\u0439\u0442\u0435 \u0432 Baccarat, \u0420\u0435\u0433\u0438\u0441\u0442\u0440\u0438\u0440\u0443\u0439\u0442\u0435\u0441\u044c \u0438 \u0412\u044b\u0438\u0433\u0440\u044b\u0432\u0430\u0439\u0442\u0435!\",\"isPartOf\":{\"@id\":\"https:\/\/baccarat168.app\/#website\"},\"datePublished\":\"2023-11-30T01:11:20+00:00\",\"dateModified\":\"2024-06-14T22:22:49+00:00\",\"description\":\"\u0417\u0430\u0433\u043b\u044f\u043d\u0438\u0442\u0435 \u0432 \u043c\u0438\u0440 \u0430\u0437\u0430\u0440\u0442\u043d\u044b\u0445 \u0440\u0430\u0437\u0432\u043b\u0435\u0447\u0435\u043d\u0438\u0439. \u0420\u0435\u0433\u0438\u0441\u0442\u0440\u0438\u0440\u0443\u0439\u0442\u0435\u0441\u044c, \u0438\u0433\u0440\u0430\u0439\u0442\u0435 \u0431\u0435\u0441\u043f\u043b\u0430\u0442\u043d\u043e \u0432 Baccarat \u0438 \u0432\u043d\u043e\u0441\u0438\u0442\u0435 \u0434\u0435\u043f\u043e\u0437\u0438\u0442 \u0434\u043b\u044f \u0437\u0430\u0445\u0432\u0430\u0442\u044b\u0432\u0430\u044e\u0449\u0438\u0445 \u043f\u043e\u0431\u0435\u0434!\",\"breadcrumb\":{\"@id\":\"https:\/\/baccarat168.app\/play-baccarat-online\/#breadcrumb\"},\"inLanguage\":\"ro-RO\",\"potentialAction\":[{\"@type\":\"ReadAction\",\"target\":[\"https:\/\/baccarat168.app\/play-baccarat-online\/\"]}]},{\"@type\":\"BreadcrumbList\",\"@id\":\"https:\/\/baccarat168.app\/play-baccarat-online\/#breadcrumb\",\"itemListElement\":[{\"@type\":\"ListItem\",\"position\":1,\"name\":\"Home\",\"item\":\"https:\/\/baccarat168.app\/\"},{\"@type\":\"ListItem\",\"position\":2,\"name\":\"\u0418\u0433\u0440\u0430\u0442\u044c \u0432 \u043e\u043d\u043b\u0430\u0439\u043d \u043a\u0430\u0437\u0438\u043d\u043e: \u043f\u043e\u0433\u0440\u0443\u0436\u0435\u043d\u0438\u0435 \u0432 \u043c\u0438\u0440 Baccarat \u0438 \u0430\u0437\u0430\u0440\u0442\u043d\u044b\u0445 \u043f\u043e\u0431\u0435\u0434\"}]},{\"@type\":\"WebSite\",\"@id\":\"https:\/\/baccarat168.app\/#website\",\"url\":\"https:\/\/baccarat168.app\/\",\"name\":\"Baccarat\",\"description\":\"\",\"potentialAction\":[{\"@type\":\"SearchAction\",\"target\":{\"@type\":\"EntryPoint\",\"urlTemplate\":\"https:\/\/baccarat168.app\/?s={search_term_string}\"},\"query-input\":{\"@type\":\"PropertyValueSpecification\",\"valueRequired\":true,\"valueName\":\"search_term_string\"}}],\"inLanguage\":\"ro-RO\"}]}<\/script>\n<!-- \/ Yoast SEO plugin. -->","yoast_head_json":{"title":"\u041e\u043d\u043b\u0430\u0439\u043d \u041a\u0430\u0437\u0438\u043d\u043e: \u0418\u0433\u0440\u0430\u0439\u0442\u0435 \u0432 Baccarat, \u0420\u0435\u0433\u0438\u0441\u0442\u0440\u0438\u0440\u0443\u0439\u0442\u0435\u0441\u044c \u0438 \u0412\u044b\u0438\u0433\u0440\u044b\u0432\u0430\u0439\u0442\u0435!","description":"Exploreaz\u0103 lumea divertismentului de jocuri de noroc. \u00cenregistreaz\u0103-te, joac\u0103 Baccarat gratuit \u0219i f\u0103 un depozit pentru victorii palpitante!","robots":{"index":"index","follow":"follow","max-snippet":"max-snippet:-1","max-image-preview":"max-image-preview:large","max-video-preview":"max-video-preview:-1"},"canonical":"https:\/\/baccarat168.app\/ro\/play-baccarat-online\/","og_locale":"ro_RO","og_type":"article","og_title":"\u041e\u043d\u043b\u0430\u0439\u043d \u041a\u0430\u0437\u0438\u043d\u043e: \u0418\u0433\u0440\u0430\u0439\u0442\u0435 \u0432 Baccarat, \u0420\u0435\u0433\u0438\u0441\u0442\u0440\u0438\u0440\u0443\u0439\u0442\u0435\u0441\u044c \u0438 \u0412\u044b\u0438\u0433\u0440\u044b\u0432\u0430\u0439\u0442\u0435!","og_description":"\u0417\u0430\u0433\u043b\u044f\u043d\u0438\u0442\u0435 \u0432 \u043c\u0438\u0440 \u0430\u0437\u0430\u0440\u0442\u043d\u044b\u0445 \u0440\u0430\u0437\u0432\u043b\u0435\u0447\u0435\u043d\u0438\u0439. \u0420\u0435\u0433\u0438\u0441\u0442\u0440\u0438\u0440\u0443\u0439\u0442\u0435\u0441\u044c, \u0438\u0433\u0440\u0430\u0439\u0442\u0435 \u0431\u0435\u0441\u043f\u043b\u0430\u0442\u043d\u043e \u0432 Baccarat \u0438 \u0432\u043d\u043e\u0441\u0438\u0442\u0435 \u0434\u0435\u043f\u043e\u0437\u0438\u0442 \u0434\u043b\u044f \u0437\u0430\u0445\u0432\u0430\u0442\u044b\u0432\u0430\u044e\u0449\u0438\u0445 \u043f\u043e\u0431\u0435\u0434!","og_url":"https:\/\/baccarat168.app\/ro\/play-baccarat-online\/","og_site_name":"Baccarat","article_modified_time":"2024-06-14T22:22:49+00:00","twitter_card":"summary_large_image","twitter_misc":{"Timp estimat pentru citire":"17 minute"},"schema":{"@context":"https:\/\/schema.org","@graph":[{"@type":"WebPage","@id":"https:\/\/baccarat168.app\/play-baccarat-online\/","url":"https:\/\/baccarat168.app\/play-baccarat-online\/","name":"\u041e\u043d\u043b\u0430\u0439\u043d \u041a\u0430\u0437\u0438\u043d\u043e: \u0418\u0433\u0440\u0430\u0439\u0442\u0435 \u0432 Baccarat, \u0420\u0435\u0433\u0438\u0441\u0442\u0440\u0438\u0440\u0443\u0439\u0442\u0435\u0441\u044c \u0438 \u0412\u044b\u0438\u0433\u0440\u044b\u0432\u0430\u0439\u0442\u0435!","isPartOf":{"@id":"https:\/\/baccarat168.app\/#website"},"datePublished":"2023-11-30T01:11:20+00:00","dateModified":"2024-06-14T22:22:49+00:00","description":"\u0417\u0430\u0433\u043b\u044f\u043d\u0438\u0442\u0435 \u0432 \u043c\u0438\u0440 \u0430\u0437\u0430\u0440\u0442\u043d\u044b\u0445 \u0440\u0430\u0437\u0432\u043b\u0435\u0447\u0435\u043d\u0438\u0439. \u0420\u0435\u0433\u0438\u0441\u0442\u0440\u0438\u0440\u0443\u0439\u0442\u0435\u0441\u044c, \u0438\u0433\u0440\u0430\u0439\u0442\u0435 \u0431\u0435\u0441\u043f\u043b\u0430\u0442\u043d\u043e \u0432 Baccarat \u0438 \u0432\u043d\u043e\u0441\u0438\u0442\u0435 \u0434\u0435\u043f\u043e\u0437\u0438\u0442 \u0434\u043b\u044f \u0437\u0430\u0445\u0432\u0430\u0442\u044b\u0432\u0430\u044e\u0449\u0438\u0445 \u043f\u043e\u0431\u0435\u0434!","breadcrumb":{"@id":"https:\/\/baccarat168.app\/play-baccarat-online\/#breadcrumb"},"inLanguage":"ro-RO","potentialAction":[{"@type":"ReadAction","target":["https:\/\/baccarat168.app\/play-baccarat-online\/"]}]},{"@type":"BreadcrumbList","@id":"https:\/\/baccarat168.app\/play-baccarat-online\/#breadcrumb","itemListElement":[{"@type":"ListItem","position":1,"name":"Home","item":"https:\/\/baccarat168.app\/"},{"@type":"ListItem","position":2,"name":"\u0418\u0433\u0440\u0430\u0442\u044c \u0432 \u043e\u043d\u043b\u0430\u0439\u043d \u043a\u0430\u0437\u0438\u043d\u043e: \u043f\u043e\u0433\u0440\u0443\u0436\u0435\u043d\u0438\u0435 \u0432 \u043c\u0438\u0440 Baccarat \u0438 \u0430\u0437\u0430\u0440\u0442\u043d\u044b\u0445 \u043f\u043e\u0431\u0435\u0434"}]},{"@type":"WebSite","@id":"https:\/\/baccarat168.app\/#website","url":"https:\/\/baccarat168.app\/","name":"Baccarat","description":"","potentialAction":[{"@type":"SearchAction","target":{"@type":"EntryPoint","urlTemplate":"https:\/\/baccarat168.app\/?s={search_term_string}"},"query-input":{"@type":"PropertyValueSpecification","valueRequired":true,"valueName":"search_term_string"}}],"inLanguage":"ro-RO"}]}},"_links":{"self":[{"href":"https:\/\/baccarat168.app\/ro\/wp-json\/wp\/v2\/pages\/7","targetHints":{"allow":["GET"]}}],"collection":[{"href":"https:\/\/baccarat168.app\/ro\/wp-json\/wp\/v2\/pages"}],"about":[{"href":"https:\/\/baccarat168.app\/ro\/wp-json\/wp\/v2\/types\/page"}],"author":[{"embeddable":true,"href":"https:\/\/baccarat168.app\/ro\/wp-json\/wp\/v2\/users\/1"}],"replies":[{"embeddable":true,"href":"https:\/\/baccarat168.app\/ro\/wp-json\/wp\/v2\/comments?post=7"}],"version-history":[{"count":24,"href":"https:\/\/baccarat168.app\/ro\/wp-json\/wp\/v2\/pages\/7\/revisions"}],"predecessor-version":[{"id":43,"href":"https:\/\/baccarat168.app\/ro\/wp-json\/wp\/v2\/pages\/7\/revisions\/43"}],"wp:attachment":[{"href":"https:\/\/baccarat168.app\/ro\/wp-json\/wp\/v2\/media?parent=7"}],"curies":[{"name":"wp","href":"https:\/\/api.w.org\/{rel}","templated":true}]}}