{"id":5,"date":"2023-11-30T01:10:38","date_gmt":"2023-11-30T01:10:38","guid":{"rendered":"https:\/\/baccarat168.app\/?page_id=5"},"modified":"2024-06-15T01:29:57","modified_gmt":"2024-06-15T01:29:57","slug":"about-us","status":"publish","type":"page","link":"https:\/\/baccarat168.app\/ro\/about-us\/","title":{"rendered":"Despre noi: \u00eemp\u0103rt\u0103\u0219i\u021bi pasiunea dumneavoastr\u0103 pentru jocurile de noroc"},"content":{"rendered":"<p>Bine a\u021bi venit la cazinoul nostru online, unde jocurile de noroc se \u00eent\u00e2lnesc cu informa\u021bia, iar momentele tale de joc devin ale noastre. Suntem o echip\u0103 de entuzia\u0219ti care am creat acest spa\u021biu pentru a v\u0103 \u00eemp\u0103rt\u0103\u0219i lumea captivant\u0103 a divertismentului prin jocuri de noroc.<\/p>\n<p><strong>Ideea Principal\u0103:<\/strong> Ne propunem s\u0103 v\u0103 oferim nu doar o experien\u021b\u0103 de joc captivant\u0103, ci \u0219i informa\u021bii valoroase despre jocuri, \u00een special despre jocul nostru preferat &#8211; Baccarat. Pe pagina &#8222;Despre Noi&#8221;, dorim s\u0103 \u00eemp\u0103rt\u0103\u0219im cu voi valorile \u0219i misiunea noastr\u0103 &#8211; de a crea un spa\u021biu \u00een care informa\u021bia \u0219i jocurile de noroc se \u00eembin\u0103 \u00eentr-un echilibru perfect.<\/p>\n<p><strong>Ce Oferim:<\/strong><\/p>\n<ul>\n<li><strong>Recenzii de Jocuri:<\/strong> Actualiz\u0103m regulat recenziile noastre de jocuri, oferindu-v\u0103 informa\u021bii detaliate despre reguli, strategii \u0219i caracteristici ale fiec\u0103rui joc, inclusiv despre vedeta noastr\u0103 principal\u0103 &#8211; Baccarat.<\/li>\n<li><strong>Strategii \u0219i Sfaturi:<\/strong> Exper\u021bii no\u0219tri \u00eemp\u0103rt\u0103\u0219esc strategii pentru a v\u0103 ajuta s\u0103 v\u0103 \u00eembun\u0103t\u0103\u021bi\u021bi jocul la Baccarat \u0219i alte divertismente de jocuri de noroc. Credem c\u0103 un juc\u0103tor informat este un juc\u0103tor de succes.<\/li>\n<li><strong>\u0218tiri \u0219i Actualiz\u0103ri:<\/strong> Fi\u021bi la curent cu cele mai recente nout\u0103\u021bi din lumea jocurilor de noroc. Oferim \u0219tiri proaspete \u0219i actualiz\u0103ri despre jocuri, turnee \u0219i tendin\u021be \u00een industrie.<\/li>\n<\/ul>\n<p><strong>De ce Noi:<\/strong> Suntem aici pentru a face c\u0103l\u0103toria voastr\u0103 \u00een lumea jocurilor de noroc c\u00e2t mai bogat\u0103 \u0219i captivant\u0103 posibil. Echipa noastr\u0103 \u00ee\u0219i propune s\u0103 fie ghidul vostru \u00een lumea jocurilor de noroc, unde fiecare carte, fiecare aruncare \u0219i fiecare pariu fac parte dintr-o experien\u021b\u0103 unic\u0103.<\/p>\n<p>Preg\u0103ti\u021bi-v\u0103 s\u0103 v\u0103 cufunda\u021bi \u00een lumea Baccaratului \u0219i a altor jocuri palpitante, sprijinit\u0103 de informa\u021bii care nu numai c\u0103 v\u0103 vor ajuta s\u0103 c\u00e2\u0219tiga\u021bi, dar v\u0103 vor \u0219i aprofunda \u00een\u021belegerea despre jocurile de noroc \u0219i strategiile acestora. Cu noi, fiecare mi\u0219care pe care o face\u021bi este un pas c\u0103tre o nou\u0103 aventur\u0103 \u00een jocurile de noroc. Bine a\u021bi venit \u00een lumea noastr\u0103, unde jocurile de noroc se \u00eent\u00e2lnesc cu cuno\u0219tin\u021bele!<\/p>\n","protected":false},"excerpt":{"rendered":"<p>Bine a\u021bi venit la cazinoul nostru online, unde jocurile de noroc se \u00eent\u00e2lnesc cu informa\u021bia, iar momentele tale de joc devin ale noastre. Suntem o <a href=\"https:\/\/baccarat168.app\/ro\/about-us\/\" class=\"read-more-link\">Continue Reading<\/a><\/p>\n","protected":false},"author":1,"featured_media":0,"parent":0,"menu_order":0,"comment_status":"closed","ping_status":"closed","template":"","meta":{"footnotes":""},"class_list":["post-5","page","type-page","status-publish","hentry"],"yoast_head":"<!-- This site is optimized with the Yoast SEO plugin v27.2 - https:\/\/yoast.com\/product\/yoast-seo-wordpress\/ -->\n<title>\u041c\u044b \u2014 \u0412\u0430\u0448 \u0433\u0438\u0434 \u0432 \u043c\u0438\u0440\u0435 \u0430\u0437\u0430\u0440\u0442\u0430: \u043e\u0431 \u0438\u0433\u0440\u0430\u0445, \u0441\u0442\u0440\u0430\u0442\u0435\u0433\u0438\u044f\u0445 \u0438 \u0441\u0435\u043a\u0440\u0435\u0442\u0430\u0445 Baccarat<\/title>\n<meta name=\"description\" content=\"Cunoa\u0219te echipa noastr\u0103 de entuzia\u0219ti ai jocurilor de noroc. Informa\u021bii, strategii \u0219i jocuri palpitante - toate \u00eentr-un singur loc pentru tine!\" \/>\n<meta name=\"robots\" content=\"index, follow, max-snippet:-1, max-image-preview:large, max-video-preview:-1\" \/>\n<link rel=\"canonical\" href=\"https:\/\/baccarat168.app\/ro\/about-us\/\" \/>\n<meta property=\"og:locale\" content=\"ro_RO\" \/>\n<meta property=\"og:locale:alternate\" content=\"ru_RU\" \/>\n<meta property=\"og:locale:alternate\" content=\"en_US\" \/>\n<meta property=\"og:locale:alternate\" content=\"pt_PT\" \/>\n<meta property=\"og:locale:alternate\" content=\"es_ES\" \/>\n<meta property=\"og:locale:alternate\" content=\"fr_FR\" \/>\n<meta property=\"og:locale:alternate\" content=\"de_DE\" \/>\n<meta property=\"og:locale:alternate\" content=\"sr_RS\" \/>\n<meta property=\"og:locale:alternate\" content=\"bg_BG\" \/>\n<meta property=\"og:locale:alternate\" content=\"pl_PL\" \/>\n<meta property=\"og:locale:alternate\" content=\"it_IT\" \/>\n<meta property=\"og:type\" content=\"article\" \/>\n<meta property=\"og:title\" content=\"\u041c\u044b \u2014 \u0412\u0430\u0448 \u0433\u0438\u0434 \u0432 \u043c\u0438\u0440\u0435 \u0430\u0437\u0430\u0440\u0442\u0430: \u043e\u0431 \u0438\u0433\u0440\u0430\u0445, \u0441\u0442\u0440\u0430\u0442\u0435\u0433\u0438\u044f\u0445 \u0438 \u0441\u0435\u043a\u0440\u0435\u0442\u0430\u0445 Baccarat\" \/>\n<meta property=\"og:description\" content=\"\u041f\u043e\u0437\u043d\u0430\u043a\u043e\u043c\u044c\u0442\u0435\u0441\u044c \u0441 \u043d\u0430\u0448\u0435\u0439 \u043a\u043e\u043c\u0430\u043d\u0434\u043e\u0439 \u0430\u0437\u0430\u0440\u0442\u043d\u044b\u0445 \u044d\u043d\u0442\u0443\u0437\u0438\u0430\u0441\u0442\u043e\u0432. \u0418\u043d\u0444\u043e\u0440\u043c\u0430\u0446\u0438\u044f, \u0441\u0442\u0440\u0430\u0442\u0435\u0433\u0438\u0438 \u0438 \u0432\u043e\u043b\u043d\u0443\u044e\u0449\u0438\u0435 \u0438\u0433\u0440\u044b \u2014 \u0432\u0441\u0451 \u0432 \u043e\u0434\u043d\u043e\u043c \u043c\u0435\u0441\u0442\u0435 \u0434\u043b\u044f \u0432\u0430\u0441!\" \/>\n<meta property=\"og:url\" content=\"https:\/\/baccarat168.app\/ro\/about-us\/\" \/>\n<meta property=\"og:site_name\" content=\"Baccarat\" \/>\n<meta property=\"article:modified_time\" content=\"2024-06-15T01:29:57+00:00\" \/>\n<meta name=\"twitter:card\" content=\"summary_large_image\" \/>\n<meta name=\"twitter:label1\" content=\"Timp estimat pentru citire\" \/>\n\t<meta name=\"twitter:data1\" content=\"13 minute\" \/>\n<script type=\"application\/ld+json\" class=\"yoast-schema-graph\">{\"@context\":\"https:\/\/schema.org\",\"@graph\":[{\"@type\":\"WebPage\",\"@id\":\"https:\/\/baccarat168.app\/about-us\/\",\"url\":\"https:\/\/baccarat168.app\/about-us\/\",\"name\":\"\u041c\u044b \u2014 \u0412\u0430\u0448 \u0433\u0438\u0434 \u0432 \u043c\u0438\u0440\u0435 \u0430\u0437\u0430\u0440\u0442\u0430: \u043e\u0431 \u0438\u0433\u0440\u0430\u0445, \u0441\u0442\u0440\u0430\u0442\u0435\u0433\u0438\u044f\u0445 \u0438 \u0441\u0435\u043a\u0440\u0435\u0442\u0430\u0445 Baccarat\",\"isPartOf\":{\"@id\":\"https:\/\/baccarat168.app\/#website\"},\"datePublished\":\"2023-11-30T01:10:38+00:00\",\"dateModified\":\"2024-06-15T01:29:57+00:00\",\"description\":\"\u041f\u043e\u0437\u043d\u0430\u043a\u043e\u043c\u044c\u0442\u0435\u0441\u044c \u0441 \u043d\u0430\u0448\u0435\u0439 \u043a\u043e\u043c\u0430\u043d\u0434\u043e\u0439 \u0430\u0437\u0430\u0440\u0442\u043d\u044b\u0445 \u044d\u043d\u0442\u0443\u0437\u0438\u0430\u0441\u0442\u043e\u0432. \u0418\u043d\u0444\u043e\u0440\u043c\u0430\u0446\u0438\u044f, \u0441\u0442\u0440\u0430\u0442\u0435\u0433\u0438\u0438 \u0438 \u0432\u043e\u043b\u043d\u0443\u044e\u0449\u0438\u0435 \u0438\u0433\u0440\u044b \u2014 \u0432\u0441\u0451 \u0432 \u043e\u0434\u043d\u043e\u043c \u043c\u0435\u0441\u0442\u0435 \u0434\u043b\u044f \u0432\u0430\u0441!\",\"breadcrumb\":{\"@id\":\"https:\/\/baccarat168.app\/about-us\/#breadcrumb\"},\"inLanguage\":\"ro-RO\",\"potentialAction\":[{\"@type\":\"ReadAction\",\"target\":[\"https:\/\/baccarat168.app\/about-us\/\"]}]},{\"@type\":\"BreadcrumbList\",\"@id\":\"https:\/\/baccarat168.app\/about-us\/#breadcrumb\",\"itemListElement\":[{\"@type\":\"ListItem\",\"position\":1,\"name\":\"Home\",\"item\":\"https:\/\/baccarat168.app\/\"},{\"@type\":\"ListItem\",\"position\":2,\"name\":\"\u041e \u043d\u0430\u0441: \u0440\u0430\u0437\u0434\u0435\u043b\u044f\u044f \u0412\u0430\u0448\u0443 \u0441\u0442\u0440\u0430\u0441\u0442\u044c \u043a \u0430\u0437\u0430\u0440\u0442\u0443\"}]},{\"@type\":\"WebSite\",\"@id\":\"https:\/\/baccarat168.app\/#website\",\"url\":\"https:\/\/baccarat168.app\/\",\"name\":\"Baccarat\",\"description\":\"\",\"potentialAction\":[{\"@type\":\"SearchAction\",\"target\":{\"@type\":\"EntryPoint\",\"urlTemplate\":\"https:\/\/baccarat168.app\/?s={search_term_string}\"},\"query-input\":{\"@type\":\"PropertyValueSpecification\",\"valueRequired\":true,\"valueName\":\"search_term_string\"}}],\"inLanguage\":\"ro-RO\"}]}<\/script>\n<!-- \/ Yoast SEO plugin. -->","yoast_head_json":{"title":"\u041c\u044b \u2014 \u0412\u0430\u0448 \u0433\u0438\u0434 \u0432 \u043c\u0438\u0440\u0435 \u0430\u0437\u0430\u0440\u0442\u0430: \u043e\u0431 \u0438\u0433\u0440\u0430\u0445, \u0441\u0442\u0440\u0430\u0442\u0435\u0433\u0438\u044f\u0445 \u0438 \u0441\u0435\u043a\u0440\u0435\u0442\u0430\u0445 Baccarat","description":"Cunoa\u0219te echipa noastr\u0103 de entuzia\u0219ti ai jocurilor de noroc. Informa\u021bii, strategii \u0219i jocuri palpitante - toate \u00eentr-un singur loc pentru tine!","robots":{"index":"index","follow":"follow","max-snippet":"max-snippet:-1","max-image-preview":"max-image-preview:large","max-video-preview":"max-video-preview:-1"},"canonical":"https:\/\/baccarat168.app\/ro\/about-us\/","og_locale":"ro_RO","og_type":"article","og_title":"\u041c\u044b \u2014 \u0412\u0430\u0448 \u0433\u0438\u0434 \u0432 \u043c\u0438\u0440\u0435 \u0430\u0437\u0430\u0440\u0442\u0430: \u043e\u0431 \u0438\u0433\u0440\u0430\u0445, \u0441\u0442\u0440\u0430\u0442\u0435\u0433\u0438\u044f\u0445 \u0438 \u0441\u0435\u043a\u0440\u0435\u0442\u0430\u0445 Baccarat","og_description":"\u041f\u043e\u0437\u043d\u0430\u043a\u043e\u043c\u044c\u0442\u0435\u0441\u044c \u0441 \u043d\u0430\u0448\u0435\u0439 \u043a\u043e\u043c\u0430\u043d\u0434\u043e\u0439 \u0430\u0437\u0430\u0440\u0442\u043d\u044b\u0445 \u044d\u043d\u0442\u0443\u0437\u0438\u0430\u0441\u0442\u043e\u0432. \u0418\u043d\u0444\u043e\u0440\u043c\u0430\u0446\u0438\u044f, \u0441\u0442\u0440\u0430\u0442\u0435\u0433\u0438\u0438 \u0438 \u0432\u043e\u043b\u043d\u0443\u044e\u0449\u0438\u0435 \u0438\u0433\u0440\u044b \u2014 \u0432\u0441\u0451 \u0432 \u043e\u0434\u043d\u043e\u043c \u043c\u0435\u0441\u0442\u0435 \u0434\u043b\u044f \u0432\u0430\u0441!","og_url":"https:\/\/baccarat168.app\/ro\/about-us\/","og_site_name":"Baccarat","article_modified_time":"2024-06-15T01:29:57+00:00","twitter_card":"summary_large_image","twitter_misc":{"Timp estimat pentru citire":"13 minute"},"schema":{"@context":"https:\/\/schema.org","@graph":[{"@type":"WebPage","@id":"https:\/\/baccarat168.app\/about-us\/","url":"https:\/\/baccarat168.app\/about-us\/","name":"\u041c\u044b \u2014 \u0412\u0430\u0448 \u0433\u0438\u0434 \u0432 \u043c\u0438\u0440\u0435 \u0430\u0437\u0430\u0440\u0442\u0430: \u043e\u0431 \u0438\u0433\u0440\u0430\u0445, \u0441\u0442\u0440\u0430\u0442\u0435\u0433\u0438\u044f\u0445 \u0438 \u0441\u0435\u043a\u0440\u0435\u0442\u0430\u0445 Baccarat","isPartOf":{"@id":"https:\/\/baccarat168.app\/#website"},"datePublished":"2023-11-30T01:10:38+00:00","dateModified":"2024-06-15T01:29:57+00:00","description":"\u041f\u043e\u0437\u043d\u0430\u043a\u043e\u043c\u044c\u0442\u0435\u0441\u044c \u0441 \u043d\u0430\u0448\u0435\u0439 \u043a\u043e\u043c\u0430\u043d\u0434\u043e\u0439 \u0430\u0437\u0430\u0440\u0442\u043d\u044b\u0445 \u044d\u043d\u0442\u0443\u0437\u0438\u0430\u0441\u0442\u043e\u0432. \u0418\u043d\u0444\u043e\u0440\u043c\u0430\u0446\u0438\u044f, \u0441\u0442\u0440\u0430\u0442\u0435\u0433\u0438\u0438 \u0438 \u0432\u043e\u043b\u043d\u0443\u044e\u0449\u0438\u0435 \u0438\u0433\u0440\u044b \u2014 \u0432\u0441\u0451 \u0432 \u043e\u0434\u043d\u043e\u043c \u043c\u0435\u0441\u0442\u0435 \u0434\u043b\u044f \u0432\u0430\u0441!","breadcrumb":{"@id":"https:\/\/baccarat168.app\/about-us\/#breadcrumb"},"inLanguage":"ro-RO","potentialAction":[{"@type":"ReadAction","target":["https:\/\/baccarat168.app\/about-us\/"]}]},{"@type":"BreadcrumbList","@id":"https:\/\/baccarat168.app\/about-us\/#breadcrumb","itemListElement":[{"@type":"ListItem","position":1,"name":"Home","item":"https:\/\/baccarat168.app\/"},{"@type":"ListItem","position":2,"name":"\u041e \u043d\u0430\u0441: \u0440\u0430\u0437\u0434\u0435\u043b\u044f\u044f \u0412\u0430\u0448\u0443 \u0441\u0442\u0440\u0430\u0441\u0442\u044c \u043a \u0430\u0437\u0430\u0440\u0442\u0443"}]},{"@type":"WebSite","@id":"https:\/\/baccarat168.app\/#website","url":"https:\/\/baccarat168.app\/","name":"Baccarat","description":"","potentialAction":[{"@type":"SearchAction","target":{"@type":"EntryPoint","urlTemplate":"https:\/\/baccarat168.app\/?s={search_term_string}"},"query-input":{"@type":"PropertyValueSpecification","valueRequired":true,"valueName":"search_term_string"}}],"inLanguage":"ro-RO"}]}},"_links":{"self":[{"href":"https:\/\/baccarat168.app\/ro\/wp-json\/wp\/v2\/pages\/5","targetHints":{"allow":["GET"]}}],"collection":[{"href":"https:\/\/baccarat168.app\/ro\/wp-json\/wp\/v2\/pages"}],"about":[{"href":"https:\/\/baccarat168.app\/ro\/wp-json\/wp\/v2\/types\/page"}],"author":[{"embeddable":true,"href":"https:\/\/baccarat168.app\/ro\/wp-json\/wp\/v2\/users\/1"}],"replies":[{"embeddable":true,"href":"https:\/\/baccarat168.app\/ro\/wp-json\/wp\/v2\/comments?post=5"}],"version-history":[{"count":22,"href":"https:\/\/baccarat168.app\/ro\/wp-json\/wp\/v2\/pages\/5\/revisions"}],"predecessor-version":[{"id":156,"href":"https:\/\/baccarat168.app\/ro\/wp-json\/wp\/v2\/pages\/5\/revisions\/156"}],"wp:attachment":[{"href":"https:\/\/baccarat168.app\/ro\/wp-json\/wp\/v2\/media?parent=5"}],"curies":[{"name":"wp","href":"https:\/\/api.w.org\/{rel}","templated":true}]}}