{"id":5,"date":"2023-11-30T01:10:38","date_gmt":"2023-11-30T01:10:38","guid":{"rendered":"https:\/\/baccarat168.app\/?page_id=5"},"modified":"2024-06-15T01:29:57","modified_gmt":"2024-06-15T01:29:57","slug":"about-us","status":"publish","type":"page","link":"https:\/\/baccarat168.app\/pt\/about-us\/","title":{"rendered":"Sobre n\u00f3s: compartilhando sua paix\u00e3o pelo jogo"},"content":{"rendered":"<p>Bem-vindo ao nosso cassino online, onde o jogo se encontra com a informa\u00e7\u00e3o, e seus momentos de jogo se tornam nossos. Somos uma equipe de entusiastas que criou este espa\u00e7o para compartilhar com voc\u00ea o emocionante mundo do entretenimento de jogos de azar.<\/p>\n<p><strong>Ideia Principal:<\/strong> Nosso objetivo \u00e9 fornecer a voc\u00ea n\u00e3o apenas uma experi\u00eancia de jogo emocionante, mas tamb\u00e9m informa\u00e7\u00f5es valiosas sobre jogos, especialmente o nosso favorito &#8211; Baccarat. Na p\u00e1gina &#8220;Sobre N\u00f3s&#8221;, queremos compartilhar nossos valores e miss\u00e3o com voc\u00ea &#8211; criar um espa\u00e7o onde informa\u00e7\u00f5es e jogos de azar se misturam em perfeito equil\u00edbrio.<\/p>\n<p><strong>O Que Oferecemos:<\/strong><\/p>\n<ul>\n<li><strong>Avalia\u00e7\u00f5es de Jogos:<\/strong> Atualizamos regularmente nossas avalia\u00e7\u00f5es de jogos, oferecendo informa\u00e7\u00f5es detalhadas sobre as regras, estrat\u00e9gias e caracter\u00edsticas de cada jogo, incluindo nossa estrela principal &#8211; Baccarat.<\/li>\n<li><strong>Estrat\u00e9gias e Dicas:<\/strong> Nossos especialistas compartilham estrat\u00e9gias para ajud\u00e1-lo a melhorar seu jogo em Baccarat e outros entretenimentos de jogos de azar. Acreditamos que um jogador informado \u00e9 um jogador bem-sucedido.<\/li>\n<li><strong>Not\u00edcias e Atualiza\u00e7\u00f5es:<\/strong> Mantenha-se atualizado com os \u00faltimos acontecimentos no mundo dos jogos de azar. Fornecemos not\u00edcias e atualiza\u00e7\u00f5es frescas sobre jogos, torneios e tend\u00eancias da ind\u00fastria.<\/li>\n<\/ul>\n<p><strong>Por Que N\u00f3s:<\/strong> Estamos aqui para tornar sua jornada de jogo o mais rica e emocionante poss\u00edvel. Nossa equipe visa ser seu guia no mundo dos jogos de azar, onde cada carta, cada lance e cada aposta fazem parte de uma experi\u00eancia \u00fanica.<\/p>\n<p>Prepare-se para mergulhar no mundo do Baccarat e de outros jogos emocionantes, apoiados por informa\u00e7\u00f5es que n\u00e3o apenas o ajudar\u00e3o a vencer, mas tamb\u00e9m a aprofundar sua compreens\u00e3o dos jogos de azar e das estrat\u00e9gias de jogo. Com n\u00f3s, cada movimento que voc\u00ea faz \u00e9 um passo em dire\u00e7\u00e3o a uma nova aventura de jogo. Bem-vindo ao nosso mundo, onde o jogo se encontra com o conhecimento!<\/p>\n","protected":false},"excerpt":{"rendered":"<p>Bem-vindo ao nosso cassino online, onde o jogo se encontra com a informa\u00e7\u00e3o, e seus momentos de jogo se tornam nossos. Somos uma equipe de <a href=\"https:\/\/baccarat168.app\/pt\/about-us\/\" class=\"read-more-link\">Continue Reading<\/a><\/p>\n","protected":false},"author":1,"featured_media":0,"parent":0,"menu_order":0,"comment_status":"closed","ping_status":"closed","template":"","meta":{"footnotes":""},"class_list":["post-5","page","type-page","status-publish","hentry"],"yoast_head":"<!-- This site is optimized with the Yoast SEO plugin v27.2 - https:\/\/yoast.com\/product\/yoast-seo-wordpress\/ -->\n<title>\u041c\u044b \u2014 \u0412\u0430\u0448 \u0433\u0438\u0434 \u0432 \u043c\u0438\u0440\u0435 \u0430\u0437\u0430\u0440\u0442\u0430: \u043e\u0431 \u0438\u0433\u0440\u0430\u0445, \u0441\u0442\u0440\u0430\u0442\u0435\u0433\u0438\u044f\u0445 \u0438 \u0441\u0435\u043a\u0440\u0435\u0442\u0430\u0445 Baccarat<\/title>\n<meta name=\"description\" content=\"Conhe\u00e7a nossa equipe de entusiastas do jogo. Informa\u00e7\u00f5es, estrat\u00e9gias e jogos emocionantes - tudo em um s\u00f3 lugar para voc\u00ea!\" \/>\n<meta name=\"robots\" content=\"index, follow, max-snippet:-1, max-image-preview:large, max-video-preview:-1\" \/>\n<link rel=\"canonical\" href=\"https:\/\/baccarat168.app\/pt\/about-us\/\" \/>\n<meta property=\"og:locale\" content=\"pt_PT\" \/>\n<meta property=\"og:locale:alternate\" content=\"ru_RU\" \/>\n<meta property=\"og:locale:alternate\" content=\"en_US\" \/>\n<meta property=\"og:locale:alternate\" content=\"es_ES\" \/>\n<meta property=\"og:locale:alternate\" content=\"fr_FR\" \/>\n<meta property=\"og:locale:alternate\" content=\"de_DE\" \/>\n<meta property=\"og:locale:alternate\" content=\"ro_RO\" \/>\n<meta property=\"og:locale:alternate\" content=\"sr_RS\" \/>\n<meta property=\"og:locale:alternate\" content=\"bg_BG\" \/>\n<meta property=\"og:locale:alternate\" content=\"pl_PL\" \/>\n<meta property=\"og:locale:alternate\" content=\"it_IT\" \/>\n<meta property=\"og:type\" content=\"article\" \/>\n<meta property=\"og:title\" content=\"\u041c\u044b \u2014 \u0412\u0430\u0448 \u0433\u0438\u0434 \u0432 \u043c\u0438\u0440\u0435 \u0430\u0437\u0430\u0440\u0442\u0430: \u043e\u0431 \u0438\u0433\u0440\u0430\u0445, \u0441\u0442\u0440\u0430\u0442\u0435\u0433\u0438\u044f\u0445 \u0438 \u0441\u0435\u043a\u0440\u0435\u0442\u0430\u0445 Baccarat\" \/>\n<meta property=\"og:description\" content=\"\u041f\u043e\u0437\u043d\u0430\u043a\u043e\u043c\u044c\u0442\u0435\u0441\u044c \u0441 \u043d\u0430\u0448\u0435\u0439 \u043a\u043e\u043c\u0430\u043d\u0434\u043e\u0439 \u0430\u0437\u0430\u0440\u0442\u043d\u044b\u0445 \u044d\u043d\u0442\u0443\u0437\u0438\u0430\u0441\u0442\u043e\u0432. \u0418\u043d\u0444\u043e\u0440\u043c\u0430\u0446\u0438\u044f, \u0441\u0442\u0440\u0430\u0442\u0435\u0433\u0438\u0438 \u0438 \u0432\u043e\u043b\u043d\u0443\u044e\u0449\u0438\u0435 \u0438\u0433\u0440\u044b \u2014 \u0432\u0441\u0451 \u0432 \u043e\u0434\u043d\u043e\u043c \u043c\u0435\u0441\u0442\u0435 \u0434\u043b\u044f \u0432\u0430\u0441!\" \/>\n<meta property=\"og:url\" content=\"https:\/\/baccarat168.app\/pt\/about-us\/\" \/>\n<meta property=\"og:site_name\" content=\"Baccarat\" \/>\n<meta property=\"article:modified_time\" content=\"2024-06-15T01:29:57+00:00\" \/>\n<meta name=\"twitter:card\" content=\"summary_large_image\" \/>\n<meta name=\"twitter:label1\" content=\"Tempo estimado de leitura\" \/>\n\t<meta name=\"twitter:data1\" content=\"13 minutos\" \/>\n<script type=\"application\/ld+json\" class=\"yoast-schema-graph\">{\"@context\":\"https:\/\/schema.org\",\"@graph\":[{\"@type\":\"WebPage\",\"@id\":\"https:\/\/baccarat168.app\/about-us\/\",\"url\":\"https:\/\/baccarat168.app\/about-us\/\",\"name\":\"\u041c\u044b \u2014 \u0412\u0430\u0448 \u0433\u0438\u0434 \u0432 \u043c\u0438\u0440\u0435 \u0430\u0437\u0430\u0440\u0442\u0430: \u043e\u0431 \u0438\u0433\u0440\u0430\u0445, \u0441\u0442\u0440\u0430\u0442\u0435\u0433\u0438\u044f\u0445 \u0438 \u0441\u0435\u043a\u0440\u0435\u0442\u0430\u0445 Baccarat\",\"isPartOf\":{\"@id\":\"https:\/\/baccarat168.app\/#website\"},\"datePublished\":\"2023-11-30T01:10:38+00:00\",\"dateModified\":\"2024-06-15T01:29:57+00:00\",\"description\":\"\u041f\u043e\u0437\u043d\u0430\u043a\u043e\u043c\u044c\u0442\u0435\u0441\u044c \u0441 \u043d\u0430\u0448\u0435\u0439 \u043a\u043e\u043c\u0430\u043d\u0434\u043e\u0439 \u0430\u0437\u0430\u0440\u0442\u043d\u044b\u0445 \u044d\u043d\u0442\u0443\u0437\u0438\u0430\u0441\u0442\u043e\u0432. \u0418\u043d\u0444\u043e\u0440\u043c\u0430\u0446\u0438\u044f, \u0441\u0442\u0440\u0430\u0442\u0435\u0433\u0438\u0438 \u0438 \u0432\u043e\u043b\u043d\u0443\u044e\u0449\u0438\u0435 \u0438\u0433\u0440\u044b \u2014 \u0432\u0441\u0451 \u0432 \u043e\u0434\u043d\u043e\u043c \u043c\u0435\u0441\u0442\u0435 \u0434\u043b\u044f \u0432\u0430\u0441!\",\"breadcrumb\":{\"@id\":\"https:\/\/baccarat168.app\/about-us\/#breadcrumb\"},\"inLanguage\":\"pt-PT\",\"potentialAction\":[{\"@type\":\"ReadAction\",\"target\":[\"https:\/\/baccarat168.app\/about-us\/\"]}]},{\"@type\":\"BreadcrumbList\",\"@id\":\"https:\/\/baccarat168.app\/about-us\/#breadcrumb\",\"itemListElement\":[{\"@type\":\"ListItem\",\"position\":1,\"name\":\"Home\",\"item\":\"https:\/\/baccarat168.app\/\"},{\"@type\":\"ListItem\",\"position\":2,\"name\":\"\u041e \u043d\u0430\u0441: \u0440\u0430\u0437\u0434\u0435\u043b\u044f\u044f \u0412\u0430\u0448\u0443 \u0441\u0442\u0440\u0430\u0441\u0442\u044c \u043a \u0430\u0437\u0430\u0440\u0442\u0443\"}]},{\"@type\":\"WebSite\",\"@id\":\"https:\/\/baccarat168.app\/#website\",\"url\":\"https:\/\/baccarat168.app\/\",\"name\":\"Baccarat\",\"description\":\"\",\"potentialAction\":[{\"@type\":\"SearchAction\",\"target\":{\"@type\":\"EntryPoint\",\"urlTemplate\":\"https:\/\/baccarat168.app\/?s={search_term_string}\"},\"query-input\":{\"@type\":\"PropertyValueSpecification\",\"valueRequired\":true,\"valueName\":\"search_term_string\"}}],\"inLanguage\":\"pt-PT\"}]}<\/script>\n<!-- \/ Yoast SEO plugin. -->","yoast_head_json":{"title":"\u041c\u044b \u2014 \u0412\u0430\u0448 \u0433\u0438\u0434 \u0432 \u043c\u0438\u0440\u0435 \u0430\u0437\u0430\u0440\u0442\u0430: \u043e\u0431 \u0438\u0433\u0440\u0430\u0445, \u0441\u0442\u0440\u0430\u0442\u0435\u0433\u0438\u044f\u0445 \u0438 \u0441\u0435\u043a\u0440\u0435\u0442\u0430\u0445 Baccarat","description":"Conhe\u00e7a nossa equipe de entusiastas do jogo. Informa\u00e7\u00f5es, estrat\u00e9gias e jogos emocionantes - tudo em um s\u00f3 lugar para voc\u00ea!","robots":{"index":"index","follow":"follow","max-snippet":"max-snippet:-1","max-image-preview":"max-image-preview:large","max-video-preview":"max-video-preview:-1"},"canonical":"https:\/\/baccarat168.app\/pt\/about-us\/","og_locale":"pt_PT","og_type":"article","og_title":"\u041c\u044b \u2014 \u0412\u0430\u0448 \u0433\u0438\u0434 \u0432 \u043c\u0438\u0440\u0435 \u0430\u0437\u0430\u0440\u0442\u0430: \u043e\u0431 \u0438\u0433\u0440\u0430\u0445, \u0441\u0442\u0440\u0430\u0442\u0435\u0433\u0438\u044f\u0445 \u0438 \u0441\u0435\u043a\u0440\u0435\u0442\u0430\u0445 Baccarat","og_description":"\u041f\u043e\u0437\u043d\u0430\u043a\u043e\u043c\u044c\u0442\u0435\u0441\u044c \u0441 \u043d\u0430\u0448\u0435\u0439 \u043a\u043e\u043c\u0430\u043d\u0434\u043e\u0439 \u0430\u0437\u0430\u0440\u0442\u043d\u044b\u0445 \u044d\u043d\u0442\u0443\u0437\u0438\u0430\u0441\u0442\u043e\u0432. \u0418\u043d\u0444\u043e\u0440\u043c\u0430\u0446\u0438\u044f, \u0441\u0442\u0440\u0430\u0442\u0435\u0433\u0438\u0438 \u0438 \u0432\u043e\u043b\u043d\u0443\u044e\u0449\u0438\u0435 \u0438\u0433\u0440\u044b \u2014 \u0432\u0441\u0451 \u0432 \u043e\u0434\u043d\u043e\u043c \u043c\u0435\u0441\u0442\u0435 \u0434\u043b\u044f \u0432\u0430\u0441!","og_url":"https:\/\/baccarat168.app\/pt\/about-us\/","og_site_name":"Baccarat","article_modified_time":"2024-06-15T01:29:57+00:00","twitter_card":"summary_large_image","twitter_misc":{"Tempo estimado de leitura":"13 minutos"},"schema":{"@context":"https:\/\/schema.org","@graph":[{"@type":"WebPage","@id":"https:\/\/baccarat168.app\/about-us\/","url":"https:\/\/baccarat168.app\/about-us\/","name":"\u041c\u044b \u2014 \u0412\u0430\u0448 \u0433\u0438\u0434 \u0432 \u043c\u0438\u0440\u0435 \u0430\u0437\u0430\u0440\u0442\u0430: \u043e\u0431 \u0438\u0433\u0440\u0430\u0445, \u0441\u0442\u0440\u0430\u0442\u0435\u0433\u0438\u044f\u0445 \u0438 \u0441\u0435\u043a\u0440\u0435\u0442\u0430\u0445 Baccarat","isPartOf":{"@id":"https:\/\/baccarat168.app\/#website"},"datePublished":"2023-11-30T01:10:38+00:00","dateModified":"2024-06-15T01:29:57+00:00","description":"\u041f\u043e\u0437\u043d\u0430\u043a\u043e\u043c\u044c\u0442\u0435\u0441\u044c \u0441 \u043d\u0430\u0448\u0435\u0439 \u043a\u043e\u043c\u0430\u043d\u0434\u043e\u0439 \u0430\u0437\u0430\u0440\u0442\u043d\u044b\u0445 \u044d\u043d\u0442\u0443\u0437\u0438\u0430\u0441\u0442\u043e\u0432. \u0418\u043d\u0444\u043e\u0440\u043c\u0430\u0446\u0438\u044f, \u0441\u0442\u0440\u0430\u0442\u0435\u0433\u0438\u0438 \u0438 \u0432\u043e\u043b\u043d\u0443\u044e\u0449\u0438\u0435 \u0438\u0433\u0440\u044b \u2014 \u0432\u0441\u0451 \u0432 \u043e\u0434\u043d\u043e\u043c \u043c\u0435\u0441\u0442\u0435 \u0434\u043b\u044f \u0432\u0430\u0441!","breadcrumb":{"@id":"https:\/\/baccarat168.app\/about-us\/#breadcrumb"},"inLanguage":"pt-PT","potentialAction":[{"@type":"ReadAction","target":["https:\/\/baccarat168.app\/about-us\/"]}]},{"@type":"BreadcrumbList","@id":"https:\/\/baccarat168.app\/about-us\/#breadcrumb","itemListElement":[{"@type":"ListItem","position":1,"name":"Home","item":"https:\/\/baccarat168.app\/"},{"@type":"ListItem","position":2,"name":"\u041e \u043d\u0430\u0441: \u0440\u0430\u0437\u0434\u0435\u043b\u044f\u044f \u0412\u0430\u0448\u0443 \u0441\u0442\u0440\u0430\u0441\u0442\u044c \u043a \u0430\u0437\u0430\u0440\u0442\u0443"}]},{"@type":"WebSite","@id":"https:\/\/baccarat168.app\/#website","url":"https:\/\/baccarat168.app\/","name":"Baccarat","description":"","potentialAction":[{"@type":"SearchAction","target":{"@type":"EntryPoint","urlTemplate":"https:\/\/baccarat168.app\/?s={search_term_string}"},"query-input":{"@type":"PropertyValueSpecification","valueRequired":true,"valueName":"search_term_string"}}],"inLanguage":"pt-PT"}]}},"_links":{"self":[{"href":"https:\/\/baccarat168.app\/pt\/wp-json\/wp\/v2\/pages\/5","targetHints":{"allow":["GET"]}}],"collection":[{"href":"https:\/\/baccarat168.app\/pt\/wp-json\/wp\/v2\/pages"}],"about":[{"href":"https:\/\/baccarat168.app\/pt\/wp-json\/wp\/v2\/types\/page"}],"author":[{"embeddable":true,"href":"https:\/\/baccarat168.app\/pt\/wp-json\/wp\/v2\/users\/1"}],"replies":[{"embeddable":true,"href":"https:\/\/baccarat168.app\/pt\/wp-json\/wp\/v2\/comments?post=5"}],"version-history":[{"count":22,"href":"https:\/\/baccarat168.app\/pt\/wp-json\/wp\/v2\/pages\/5\/revisions"}],"predecessor-version":[{"id":156,"href":"https:\/\/baccarat168.app\/pt\/wp-json\/wp\/v2\/pages\/5\/revisions\/156"}],"wp:attachment":[{"href":"https:\/\/baccarat168.app\/pt\/wp-json\/wp\/v2\/media?parent=5"}],"curies":[{"name":"wp","href":"https:\/\/api.w.org\/{rel}","templated":true}]}}