{"id":9,"date":"2023-11-30T01:12:04","date_gmt":"2023-11-30T01:12:04","guid":{"rendered":"https:\/\/baccarat168.app\/?page_id=9"},"modified":"2024-06-14T22:12:04","modified_gmt":"2024-06-14T22:12:04","slug":"download-baccarat","status":"publish","type":"page","link":"https:\/\/baccarat168.app\/pl\/download-baccarat\/","title":{"rendered":"Pobieranie gry Baccarat: Twoja droga do emocji w wygodnym formacie!"},"content":{"rendered":"<h3>1. Pobierz na Androida<\/h3>\n<p>Chcesz cieszy\u0107 si\u0119 gr\u0105 w Baccarat bezpo\u015brednio na swoim urz\u0105dzeniu z Androidem? To proste i wygodne! Wystarczy wykona\u0107 te kroki:<\/p>\n<ul>\n<li><strong>Otw\u00f3rz Google Play Store:<\/strong> Wejd\u017a do sklepu z aplikacjami na swoim urz\u0105dzeniu.<\/li>\n<li><strong>Wyszukaj Baccarat:<\/strong> Wpisz &#8222;Baccarat&#8221; w pasku wyszukiwania, aby znale\u017a\u0107 nasz\u0105 aplikacj\u0119.<\/li>\n<li><strong>Zainstaluj i Graj:<\/strong> Dotknij przycisku &#8222;Zainstaluj&#8221;, poczekaj, a\u017c pobieranie si\u0119 zako\u0144czy, i jeste\u015b gotowy, aby zanurzy\u0107 si\u0119 w \u015bwiecie Baccarat bezpo\u015brednio na swoim urz\u0105dzeniu z Androidem!<\/li>\n<\/ul>\n<h3>2. Pobierz na iPhone&#8217;a<\/h3>\n<p>Masz iPhone&#8217;a? Nie martw si\u0119, Baccarat jest dost\u0119pny r\u00f3wnie\u017c dla Ciebie! Pobranie na iPhone&#8217;a jest r\u00f3wnie proste:<\/p>\n<ul>\n<li><strong>Otw\u00f3rz App Store:<\/strong> Wejd\u017a do sklepu z aplikacjami na swoim iPhone&#8217;ie.<\/li>\n<li><strong>Wyszukaj Baccarat:<\/strong> Wpisz &#8222;Baccarat&#8221; w pasku wyszukiwania i znajd\u017a nasz\u0105 aplikacj\u0119.<\/li>\n<li><strong>Zainstaluj i Graj:<\/strong> Dotknij przycisku &#8222;Zainstaluj&#8221;, potwierd\u017a instalacj\u0119, a karty do gry w Baccarat ju\u017c s\u0105 w Twoich r\u0119kach!<\/li>\n<\/ul>\n<h3>3. Pobierz na komputer<\/h3>\n<p>Wolisz gra\u0107 na du\u017cym ekranie swojego komputera? Pobierz Baccarat bezpo\u015brednio na sw\u00f3j komputer i ciesz si\u0119 gr\u0105 w komfortowych warunkach:<\/p>\n<ul>\n<li><strongOdwied\u017a oficjaln\u0105 stron\u0119:<\/strong> Przejd\u017a na nasz\u0105 oficjaln\u0105 stron\u0119 internetow\u0105 i znajd\u017a sekcj\u0119 pobierania.<\/li>\n<li><strong>Wybierz wersj\u0119 na komputer:<\/strong> Wybierz odpowiedni\u0105 wersj\u0119 dla swojego systemu operacyjnego (Windows, MacOS).<\/li>\n<li><strong>Post\u0119puj zgodnie z instrukcjami:<\/strong> Post\u0119puj zgodnie z prostymi instrukcjami, aby zainstalowa\u0107 aplikacj\u0119 na swoim komputerze i przygotuj si\u0119 na ekscytuj\u0105ce rozgrywki w Baccarat!<\/li>\n<\/ul>\n<p>Baccarat jest teraz dost\u0119pny o ka\u017cdej porze, w ka\u017cdym miejscu, a Ty mo\u017cesz wybra\u0107 wygodny format dla swojej przygody z hazardem. Nie przegap szansy na bycie cz\u0119\u015bci\u0105 ekscytuj\u0105cego \u015bwiata Baccarat bezpo\u015brednio ze swojego urz\u0105dzenia lub komputera! Pobierz teraz i rozpocznij swoj\u0105 ekscytuj\u0105c\u0105 podr\u00f3\u017c do zwyci\u0119stwa.<\/p>\n","protected":false},"excerpt":{"rendered":"<p>1. Pobierz na Androida Chcesz cieszy\u0107 si\u0119 gr\u0105 w Baccarat bezpo\u015brednio na swoim urz\u0105dzeniu z Androidem? To proste i wygodne! Wystarczy wykona\u0107 te kroki: Otw\u00f3rz <a href=\"https:\/\/baccarat168.app\/pl\/download-baccarat\/\" class=\"read-more-link\">Continue Reading<\/a><\/p>\n","protected":false},"author":1,"featured_media":0,"parent":0,"menu_order":0,"comment_status":"closed","ping_status":"closed","template":"","meta":{"footnotes":""},"class_list":["post-9","page","type-page","status-publish","hentry"],"yoast_head":"<!-- This site is optimized with the Yoast SEO plugin v27.2 - https:\/\/yoast.com\/product\/yoast-seo-wordpress\/ -->\n<title>Laden Sie Baccarat auf Android, iPhone oder Computer herunter<\/title>\n<meta name=\"description\" content=\"Graj w Baccarat gdziekolwiek chcesz. Pobierz aplikacj\u0119 na swoje urz\u0105dzenie i ciesz si\u0119 emocjonuj\u0105cymi rundami w kasynie online.\" \/>\n<meta name=\"robots\" content=\"index, follow, max-snippet:-1, max-image-preview:large, max-video-preview:-1\" \/>\n<link rel=\"canonical\" href=\"https:\/\/baccarat168.app\/pl\/download-baccarat\/\" \/>\n<meta property=\"og:locale\" content=\"pl_PL\" \/>\n<meta property=\"og:locale:alternate\" content=\"ru_RU\" \/>\n<meta property=\"og:locale:alternate\" content=\"en_US\" \/>\n<meta property=\"og:locale:alternate\" content=\"pt_PT\" \/>\n<meta property=\"og:locale:alternate\" content=\"es_ES\" \/>\n<meta property=\"og:locale:alternate\" content=\"fr_FR\" \/>\n<meta property=\"og:locale:alternate\" content=\"de_DE\" \/>\n<meta property=\"og:locale:alternate\" content=\"ro_RO\" \/>\n<meta property=\"og:locale:alternate\" content=\"sr_RS\" \/>\n<meta property=\"og:locale:alternate\" content=\"bg_BG\" \/>\n<meta property=\"og:locale:alternate\" content=\"it_IT\" \/>\n<meta property=\"og:type\" content=\"article\" \/>\n<meta property=\"og:title\" content=\"Laden Sie Baccarat auf Android, iPhone oder Computer herunter\" \/>\n<meta property=\"og:description\" content=\"Spielen Sie Baccarat \u00fcberall. Laden Sie die App auf Ihr Ger\u00e4t herunter und genie\u00dfen Sie aufregende Runden im Online-Casino.\" \/>\n<meta property=\"og:url\" content=\"https:\/\/baccarat168.app\/pl\/download-baccarat\/\" \/>\n<meta property=\"og:site_name\" content=\"Baccarat\" \/>\n<meta property=\"article:modified_time\" content=\"2024-06-14T22:12:04+00:00\" \/>\n<meta name=\"twitter:card\" content=\"summary_large_image\" \/>\n<meta name=\"twitter:label1\" content=\"Szacowany czas czytania\" \/>\n\t<meta name=\"twitter:data1\" content=\"10 minut\" \/>\n<script type=\"application\/ld+json\" class=\"yoast-schema-graph\">{\"@context\":\"https:\/\/schema.org\",\"@graph\":[{\"@type\":\"WebPage\",\"@id\":\"https:\/\/baccarat168.app\/de\/download-baccarat\/\",\"url\":\"https:\/\/baccarat168.app\/de\/download-baccarat\/\",\"name\":\"Laden Sie Baccarat auf Android, iPhone oder Computer herunter\",\"isPartOf\":{\"@id\":\"https:\/\/baccarat168.app\/#website\"},\"datePublished\":\"2023-11-30T01:12:04+00:00\",\"dateModified\":\"2024-06-14T22:12:04+00:00\",\"description\":\"Spielen Sie Baccarat \u00fcberall. Laden Sie die App auf Ihr Ger\u00e4t herunter und genie\u00dfen Sie aufregende Runden im Online-Casino.\",\"breadcrumb\":{\"@id\":\"https:\/\/baccarat168.app\/de\/download-baccarat\/#breadcrumb\"},\"inLanguage\":\"pl-PL\",\"potentialAction\":[{\"@type\":\"ReadAction\",\"target\":[\"https:\/\/baccarat168.app\/de\/download-baccarat\/\"]}]},{\"@type\":\"BreadcrumbList\",\"@id\":\"https:\/\/baccarat168.app\/de\/download-baccarat\/#breadcrumb\",\"itemListElement\":[{\"@type\":\"ListItem\",\"position\":1,\"name\":\"Home\",\"item\":\"https:\/\/baccarat168.app\/\"},{\"@type\":\"ListItem\",\"position\":2,\"name\":\"Herunterladen des Baccarat-Spiels: Ihr Weg zur Aufregung in einem praktischen Format!\"}]},{\"@type\":\"WebSite\",\"@id\":\"https:\/\/baccarat168.app\/#website\",\"url\":\"https:\/\/baccarat168.app\/\",\"name\":\"Baccarat\",\"description\":\"\",\"potentialAction\":[{\"@type\":\"SearchAction\",\"target\":{\"@type\":\"EntryPoint\",\"urlTemplate\":\"https:\/\/baccarat168.app\/?s={search_term_string}\"},\"query-input\":{\"@type\":\"PropertyValueSpecification\",\"valueRequired\":true,\"valueName\":\"search_term_string\"}}],\"inLanguage\":\"pl-PL\"}]}<\/script>\n<!-- \/ Yoast SEO plugin. -->","yoast_head_json":{"title":"Laden Sie Baccarat auf Android, iPhone oder Computer herunter","description":"Graj w Baccarat gdziekolwiek chcesz. Pobierz aplikacj\u0119 na swoje urz\u0105dzenie i ciesz si\u0119 emocjonuj\u0105cymi rundami w kasynie online.","robots":{"index":"index","follow":"follow","max-snippet":"max-snippet:-1","max-image-preview":"max-image-preview:large","max-video-preview":"max-video-preview:-1"},"canonical":"https:\/\/baccarat168.app\/pl\/download-baccarat\/","og_locale":"pl_PL","og_type":"article","og_title":"Laden Sie Baccarat auf Android, iPhone oder Computer herunter","og_description":"Spielen Sie Baccarat \u00fcberall. Laden Sie die App auf Ihr Ger\u00e4t herunter und genie\u00dfen Sie aufregende Runden im Online-Casino.","og_url":"https:\/\/baccarat168.app\/pl\/download-baccarat\/","og_site_name":"Baccarat","article_modified_time":"2024-06-14T22:12:04+00:00","twitter_card":"summary_large_image","twitter_misc":{"Szacowany czas czytania":"10 minut"},"schema":{"@context":"https:\/\/schema.org","@graph":[{"@type":"WebPage","@id":"https:\/\/baccarat168.app\/de\/download-baccarat\/","url":"https:\/\/baccarat168.app\/de\/download-baccarat\/","name":"Laden Sie Baccarat auf Android, iPhone oder Computer herunter","isPartOf":{"@id":"https:\/\/baccarat168.app\/#website"},"datePublished":"2023-11-30T01:12:04+00:00","dateModified":"2024-06-14T22:12:04+00:00","description":"Spielen Sie Baccarat \u00fcberall. Laden Sie die App auf Ihr Ger\u00e4t herunter und genie\u00dfen Sie aufregende Runden im Online-Casino.","breadcrumb":{"@id":"https:\/\/baccarat168.app\/de\/download-baccarat\/#breadcrumb"},"inLanguage":"pl-PL","potentialAction":[{"@type":"ReadAction","target":["https:\/\/baccarat168.app\/de\/download-baccarat\/"]}]},{"@type":"BreadcrumbList","@id":"https:\/\/baccarat168.app\/de\/download-baccarat\/#breadcrumb","itemListElement":[{"@type":"ListItem","position":1,"name":"Home","item":"https:\/\/baccarat168.app\/"},{"@type":"ListItem","position":2,"name":"Herunterladen des Baccarat-Spiels: Ihr Weg zur Aufregung in einem praktischen Format!"}]},{"@type":"WebSite","@id":"https:\/\/baccarat168.app\/#website","url":"https:\/\/baccarat168.app\/","name":"Baccarat","description":"","potentialAction":[{"@type":"SearchAction","target":{"@type":"EntryPoint","urlTemplate":"https:\/\/baccarat168.app\/?s={search_term_string}"},"query-input":{"@type":"PropertyValueSpecification","valueRequired":true,"valueName":"search_term_string"}}],"inLanguage":"pl-PL"}]}},"_links":{"self":[{"href":"https:\/\/baccarat168.app\/pl\/wp-json\/wp\/v2\/pages\/9","targetHints":{"allow":["GET"]}}],"collection":[{"href":"https:\/\/baccarat168.app\/pl\/wp-json\/wp\/v2\/pages"}],"about":[{"href":"https:\/\/baccarat168.app\/pl\/wp-json\/wp\/v2\/types\/page"}],"author":[{"embeddable":true,"href":"https:\/\/baccarat168.app\/pl\/wp-json\/wp\/v2\/users\/1"}],"replies":[{"embeddable":true,"href":"https:\/\/baccarat168.app\/pl\/wp-json\/wp\/v2\/comments?post=9"}],"version-history":[{"count":22,"href":"https:\/\/baccarat168.app\/pl\/wp-json\/wp\/v2\/pages\/9\/revisions"}],"predecessor-version":[{"id":154,"href":"https:\/\/baccarat168.app\/pl\/wp-json\/wp\/v2\/pages\/9\/revisions\/154"}],"wp:attachment":[{"href":"https:\/\/baccarat168.app\/pl\/wp-json\/wp\/v2\/media?parent=9"}],"curies":[{"name":"wp","href":"https:\/\/api.w.org\/{rel}","templated":true}]}}