{"id":5,"date":"2023-11-30T01:10:38","date_gmt":"2023-11-30T01:10:38","guid":{"rendered":"https:\/\/baccarat168.app\/?page_id=5"},"modified":"2024-06-15T01:29:57","modified_gmt":"2024-06-15T01:29:57","slug":"about-us","status":"publish","type":"page","link":"https:\/\/baccarat168.app\/pl\/about-us\/","title":{"rendered":"O nas: podziel si\u0119 swoj\u0105 pasj\u0105 do hazardu"},"content":{"rendered":"<p>Witaj w naszym kasynie online, gdzie hazard spotyka si\u0119 z informacj\u0105, a Twoje chwile rozgrywki staj\u0105 si\u0119 naszymi. Jeste\u015bmy zespo\u0142em entuzjast\u00f3w, kt\u00f3rzy stworzyli to miejsce, aby podzieli\u0107 si\u0119 z Tob\u0105 ekscytuj\u0105cym \u015bwiatem rozrywki hazardowej.<\/p>\n<p><strong>G\u0142\u00f3wna Idea:<\/strong> Naszym celem jest nie tylko zapewnienie Ci ekscytuj\u0105cych dozna\u0144 z gier, ale r\u00f3wnie\u017c dostarczenie cennych informacji o grach, szczeg\u00f3lnie o naszym ulubionym &#8211; Baccaracie. Na stronie &#8222;O nas&#8221; chcemy podzieli\u0107 si\u0119 z Tob\u0105 naszymi warto\u015bciami i misj\u0105 &#8211; tworzy\u0107 przestrze\u0144, gdzie informacja i hazard \u0142\u0105cz\u0105 si\u0119 w doskona\u0142ym balansie.<\/p>\n<p><strong>Co Oferujemy:<\/strong><\/p>\n<ul>\n<li><strong>Recenzje Gier:<\/strong> Regularnie aktualizujemy nasze recenzje gier, oferuj\u0105c szczeg\u00f3\u0142owe informacje na temat zasad, strategii i funkcji ka\u017cdej gry, w tym naszej gwiazdy &#8211; Baccarata.<\/li>\n<li><strong>Strategie i Porady:<\/strong> Nasi eksperci dziel\u0105 si\u0119 strategiami, kt\u00f3re pomog\u0105 Ci poprawi\u0107 swoj\u0105 gr\u0119 w Baccarata oraz innych rozrywkach hazardowych. Wierzymy, \u017ce dobrze poinformowany gracz jest skuteczny.<\/li>\n<li><strong>Aktualno\u015bci i Aktualizacje:<\/strong> B\u0105d\u017a na bie\u017c\u0105co z najnowszymi wydarzeniami w \u015bwiecie hazardu. Oferujemy \u015bwie\u017ce wiadomo\u015bci i aktualizacje dotycz\u0105ce gier, turniej\u00f3w i trend\u00f3w przemys\u0142owych.<\/li>\n<\/ul>\n<p><strong>Dlaczego My:<\/strong> Jeste\u015bmy tutaj, aby Twoja podr\u00f3\u017c hazardowa by\u0142a jak najbardziej bogata i ekscytuj\u0105ca. Nasz zesp\u00f3\u0142 stara si\u0119 by\u0107 Twoim przewodnikiem w \u015bwiecie hazardu, gdzie ka\u017cda karta, ka\u017cdy rzut i ka\u017cdy zak\u0142ad jest cz\u0119\u015bci\u0105 unikalnego do\u015bwiadczenia.<\/p>\n<p>Przygotuj si\u0119 na zanurzenie si\u0119 w \u015bwiat Baccarata i innych ekscytuj\u0105cych gier, wspartych informacjami, kt\u00f3re nie tylko pomog\u0105 Ci wygrywa\u0107, ale tak\u017ce pog\u0142\u0119bi\u0105 Twoje zrozumienie hazardu i strategii gry. Z nami ka\u017cdy Tw\u00f3j ruch to krok w now\u0105 przygod\u0119 hazardow\u0105. Witaj w naszym \u015bwiecie, gdzie hazard spotyka si\u0119 z wiedz\u0105!<\/p>\n","protected":false},"excerpt":{"rendered":"<p>Witaj w naszym kasynie online, gdzie hazard spotyka si\u0119 z informacj\u0105, a Twoje chwile rozgrywki staj\u0105 si\u0119 naszymi. Jeste\u015bmy zespo\u0142em entuzjast\u00f3w, kt\u00f3rzy stworzyli to miejsce, <a href=\"https:\/\/baccarat168.app\/pl\/about-us\/\" class=\"read-more-link\">Continue Reading<\/a><\/p>\n","protected":false},"author":1,"featured_media":0,"parent":0,"menu_order":0,"comment_status":"closed","ping_status":"closed","template":"","meta":{"footnotes":""},"class_list":["post-5","page","type-page","status-publish","hentry"],"yoast_head":"<!-- This site is optimized with the Yoast SEO plugin v27.2 - https:\/\/yoast.com\/product\/yoast-seo-wordpress\/ -->\n<title>\u041c\u044b \u2014 \u0412\u0430\u0448 \u0433\u0438\u0434 \u0432 \u043c\u0438\u0440\u0435 \u0430\u0437\u0430\u0440\u0442\u0430: \u043e\u0431 \u0438\u0433\u0440\u0430\u0445, \u0441\u0442\u0440\u0430\u0442\u0435\u0433\u0438\u044f\u0445 \u0438 \u0441\u0435\u043a\u0440\u0435\u0442\u0430\u0445 Baccarat<\/title>\n<meta name=\"description\" content=\"Poznaj nasz zesp\u00f3\u0142 entuzjast\u00f3w hazardu. Informacje, strategie i ekscytuj\u0105ce gry - wszystko w jednym miejscu dla ciebie!\" \/>\n<meta name=\"robots\" content=\"index, follow, max-snippet:-1, max-image-preview:large, max-video-preview:-1\" \/>\n<link rel=\"canonical\" href=\"https:\/\/baccarat168.app\/pl\/about-us\/\" \/>\n<meta property=\"og:locale\" content=\"pl_PL\" \/>\n<meta property=\"og:locale:alternate\" content=\"ru_RU\" \/>\n<meta property=\"og:locale:alternate\" content=\"en_US\" \/>\n<meta property=\"og:locale:alternate\" content=\"pt_PT\" \/>\n<meta property=\"og:locale:alternate\" content=\"es_ES\" \/>\n<meta property=\"og:locale:alternate\" content=\"fr_FR\" \/>\n<meta property=\"og:locale:alternate\" content=\"de_DE\" \/>\n<meta property=\"og:locale:alternate\" content=\"ro_RO\" \/>\n<meta property=\"og:locale:alternate\" content=\"sr_RS\" \/>\n<meta property=\"og:locale:alternate\" content=\"bg_BG\" \/>\n<meta property=\"og:locale:alternate\" content=\"it_IT\" \/>\n<meta property=\"og:type\" content=\"article\" \/>\n<meta property=\"og:title\" content=\"\u041c\u044b \u2014 \u0412\u0430\u0448 \u0433\u0438\u0434 \u0432 \u043c\u0438\u0440\u0435 \u0430\u0437\u0430\u0440\u0442\u0430: \u043e\u0431 \u0438\u0433\u0440\u0430\u0445, \u0441\u0442\u0440\u0430\u0442\u0435\u0433\u0438\u044f\u0445 \u0438 \u0441\u0435\u043a\u0440\u0435\u0442\u0430\u0445 Baccarat\" \/>\n<meta property=\"og:description\" content=\"\u041f\u043e\u0437\u043d\u0430\u043a\u043e\u043c\u044c\u0442\u0435\u0441\u044c \u0441 \u043d\u0430\u0448\u0435\u0439 \u043a\u043e\u043c\u0430\u043d\u0434\u043e\u0439 \u0430\u0437\u0430\u0440\u0442\u043d\u044b\u0445 \u044d\u043d\u0442\u0443\u0437\u0438\u0430\u0441\u0442\u043e\u0432. \u0418\u043d\u0444\u043e\u0440\u043c\u0430\u0446\u0438\u044f, \u0441\u0442\u0440\u0430\u0442\u0435\u0433\u0438\u0438 \u0438 \u0432\u043e\u043b\u043d\u0443\u044e\u0449\u0438\u0435 \u0438\u0433\u0440\u044b \u2014 \u0432\u0441\u0451 \u0432 \u043e\u0434\u043d\u043e\u043c \u043c\u0435\u0441\u0442\u0435 \u0434\u043b\u044f \u0432\u0430\u0441!\" \/>\n<meta property=\"og:url\" content=\"https:\/\/baccarat168.app\/pl\/about-us\/\" \/>\n<meta property=\"og:site_name\" content=\"Baccarat\" \/>\n<meta property=\"article:modified_time\" content=\"2024-06-15T01:29:57+00:00\" \/>\n<meta name=\"twitter:card\" content=\"summary_large_image\" \/>\n<meta name=\"twitter:label1\" content=\"Szacowany czas czytania\" \/>\n\t<meta name=\"twitter:data1\" content=\"13 minut\" \/>\n<script type=\"application\/ld+json\" class=\"yoast-schema-graph\">{\"@context\":\"https:\/\/schema.org\",\"@graph\":[{\"@type\":\"WebPage\",\"@id\":\"https:\/\/baccarat168.app\/about-us\/\",\"url\":\"https:\/\/baccarat168.app\/about-us\/\",\"name\":\"\u041c\u044b \u2014 \u0412\u0430\u0448 \u0433\u0438\u0434 \u0432 \u043c\u0438\u0440\u0435 \u0430\u0437\u0430\u0440\u0442\u0430: \u043e\u0431 \u0438\u0433\u0440\u0430\u0445, \u0441\u0442\u0440\u0430\u0442\u0435\u0433\u0438\u044f\u0445 \u0438 \u0441\u0435\u043a\u0440\u0435\u0442\u0430\u0445 Baccarat\",\"isPartOf\":{\"@id\":\"https:\/\/baccarat168.app\/#website\"},\"datePublished\":\"2023-11-30T01:10:38+00:00\",\"dateModified\":\"2024-06-15T01:29:57+00:00\",\"description\":\"\u041f\u043e\u0437\u043d\u0430\u043a\u043e\u043c\u044c\u0442\u0435\u0441\u044c \u0441 \u043d\u0430\u0448\u0435\u0439 \u043a\u043e\u043c\u0430\u043d\u0434\u043e\u0439 \u0430\u0437\u0430\u0440\u0442\u043d\u044b\u0445 \u044d\u043d\u0442\u0443\u0437\u0438\u0430\u0441\u0442\u043e\u0432. \u0418\u043d\u0444\u043e\u0440\u043c\u0430\u0446\u0438\u044f, \u0441\u0442\u0440\u0430\u0442\u0435\u0433\u0438\u0438 \u0438 \u0432\u043e\u043b\u043d\u0443\u044e\u0449\u0438\u0435 \u0438\u0433\u0440\u044b \u2014 \u0432\u0441\u0451 \u0432 \u043e\u0434\u043d\u043e\u043c \u043c\u0435\u0441\u0442\u0435 \u0434\u043b\u044f \u0432\u0430\u0441!\",\"breadcrumb\":{\"@id\":\"https:\/\/baccarat168.app\/about-us\/#breadcrumb\"},\"inLanguage\":\"pl-PL\",\"potentialAction\":[{\"@type\":\"ReadAction\",\"target\":[\"https:\/\/baccarat168.app\/about-us\/\"]}]},{\"@type\":\"BreadcrumbList\",\"@id\":\"https:\/\/baccarat168.app\/about-us\/#breadcrumb\",\"itemListElement\":[{\"@type\":\"ListItem\",\"position\":1,\"name\":\"Home\",\"item\":\"https:\/\/baccarat168.app\/\"},{\"@type\":\"ListItem\",\"position\":2,\"name\":\"\u041e \u043d\u0430\u0441: \u0440\u0430\u0437\u0434\u0435\u043b\u044f\u044f \u0412\u0430\u0448\u0443 \u0441\u0442\u0440\u0430\u0441\u0442\u044c \u043a \u0430\u0437\u0430\u0440\u0442\u0443\"}]},{\"@type\":\"WebSite\",\"@id\":\"https:\/\/baccarat168.app\/#website\",\"url\":\"https:\/\/baccarat168.app\/\",\"name\":\"Baccarat\",\"description\":\"\",\"potentialAction\":[{\"@type\":\"SearchAction\",\"target\":{\"@type\":\"EntryPoint\",\"urlTemplate\":\"https:\/\/baccarat168.app\/?s={search_term_string}\"},\"query-input\":{\"@type\":\"PropertyValueSpecification\",\"valueRequired\":true,\"valueName\":\"search_term_string\"}}],\"inLanguage\":\"pl-PL\"}]}<\/script>\n<!-- \/ Yoast SEO plugin. -->","yoast_head_json":{"title":"\u041c\u044b \u2014 \u0412\u0430\u0448 \u0433\u0438\u0434 \u0432 \u043c\u0438\u0440\u0435 \u0430\u0437\u0430\u0440\u0442\u0430: \u043e\u0431 \u0438\u0433\u0440\u0430\u0445, \u0441\u0442\u0440\u0430\u0442\u0435\u0433\u0438\u044f\u0445 \u0438 \u0441\u0435\u043a\u0440\u0435\u0442\u0430\u0445 Baccarat","description":"Poznaj nasz zesp\u00f3\u0142 entuzjast\u00f3w hazardu. Informacje, strategie i ekscytuj\u0105ce gry - wszystko w jednym miejscu dla ciebie!","robots":{"index":"index","follow":"follow","max-snippet":"max-snippet:-1","max-image-preview":"max-image-preview:large","max-video-preview":"max-video-preview:-1"},"canonical":"https:\/\/baccarat168.app\/pl\/about-us\/","og_locale":"pl_PL","og_type":"article","og_title":"\u041c\u044b \u2014 \u0412\u0430\u0448 \u0433\u0438\u0434 \u0432 \u043c\u0438\u0440\u0435 \u0430\u0437\u0430\u0440\u0442\u0430: \u043e\u0431 \u0438\u0433\u0440\u0430\u0445, \u0441\u0442\u0440\u0430\u0442\u0435\u0433\u0438\u044f\u0445 \u0438 \u0441\u0435\u043a\u0440\u0435\u0442\u0430\u0445 Baccarat","og_description":"\u041f\u043e\u0437\u043d\u0430\u043a\u043e\u043c\u044c\u0442\u0435\u0441\u044c \u0441 \u043d\u0430\u0448\u0435\u0439 \u043a\u043e\u043c\u0430\u043d\u0434\u043e\u0439 \u0430\u0437\u0430\u0440\u0442\u043d\u044b\u0445 \u044d\u043d\u0442\u0443\u0437\u0438\u0430\u0441\u0442\u043e\u0432. \u0418\u043d\u0444\u043e\u0440\u043c\u0430\u0446\u0438\u044f, \u0441\u0442\u0440\u0430\u0442\u0435\u0433\u0438\u0438 \u0438 \u0432\u043e\u043b\u043d\u0443\u044e\u0449\u0438\u0435 \u0438\u0433\u0440\u044b \u2014 \u0432\u0441\u0451 \u0432 \u043e\u0434\u043d\u043e\u043c \u043c\u0435\u0441\u0442\u0435 \u0434\u043b\u044f \u0432\u0430\u0441!","og_url":"https:\/\/baccarat168.app\/pl\/about-us\/","og_site_name":"Baccarat","article_modified_time":"2024-06-15T01:29:57+00:00","twitter_card":"summary_large_image","twitter_misc":{"Szacowany czas czytania":"13 minut"},"schema":{"@context":"https:\/\/schema.org","@graph":[{"@type":"WebPage","@id":"https:\/\/baccarat168.app\/about-us\/","url":"https:\/\/baccarat168.app\/about-us\/","name":"\u041c\u044b \u2014 \u0412\u0430\u0448 \u0433\u0438\u0434 \u0432 \u043c\u0438\u0440\u0435 \u0430\u0437\u0430\u0440\u0442\u0430: \u043e\u0431 \u0438\u0433\u0440\u0430\u0445, \u0441\u0442\u0440\u0430\u0442\u0435\u0433\u0438\u044f\u0445 \u0438 \u0441\u0435\u043a\u0440\u0435\u0442\u0430\u0445 Baccarat","isPartOf":{"@id":"https:\/\/baccarat168.app\/#website"},"datePublished":"2023-11-30T01:10:38+00:00","dateModified":"2024-06-15T01:29:57+00:00","description":"\u041f\u043e\u0437\u043d\u0430\u043a\u043e\u043c\u044c\u0442\u0435\u0441\u044c \u0441 \u043d\u0430\u0448\u0435\u0439 \u043a\u043e\u043c\u0430\u043d\u0434\u043e\u0439 \u0430\u0437\u0430\u0440\u0442\u043d\u044b\u0445 \u044d\u043d\u0442\u0443\u0437\u0438\u0430\u0441\u0442\u043e\u0432. \u0418\u043d\u0444\u043e\u0440\u043c\u0430\u0446\u0438\u044f, \u0441\u0442\u0440\u0430\u0442\u0435\u0433\u0438\u0438 \u0438 \u0432\u043e\u043b\u043d\u0443\u044e\u0449\u0438\u0435 \u0438\u0433\u0440\u044b \u2014 \u0432\u0441\u0451 \u0432 \u043e\u0434\u043d\u043e\u043c \u043c\u0435\u0441\u0442\u0435 \u0434\u043b\u044f \u0432\u0430\u0441!","breadcrumb":{"@id":"https:\/\/baccarat168.app\/about-us\/#breadcrumb"},"inLanguage":"pl-PL","potentialAction":[{"@type":"ReadAction","target":["https:\/\/baccarat168.app\/about-us\/"]}]},{"@type":"BreadcrumbList","@id":"https:\/\/baccarat168.app\/about-us\/#breadcrumb","itemListElement":[{"@type":"ListItem","position":1,"name":"Home","item":"https:\/\/baccarat168.app\/"},{"@type":"ListItem","position":2,"name":"\u041e \u043d\u0430\u0441: \u0440\u0430\u0437\u0434\u0435\u043b\u044f\u044f \u0412\u0430\u0448\u0443 \u0441\u0442\u0440\u0430\u0441\u0442\u044c \u043a \u0430\u0437\u0430\u0440\u0442\u0443"}]},{"@type":"WebSite","@id":"https:\/\/baccarat168.app\/#website","url":"https:\/\/baccarat168.app\/","name":"Baccarat","description":"","potentialAction":[{"@type":"SearchAction","target":{"@type":"EntryPoint","urlTemplate":"https:\/\/baccarat168.app\/?s={search_term_string}"},"query-input":{"@type":"PropertyValueSpecification","valueRequired":true,"valueName":"search_term_string"}}],"inLanguage":"pl-PL"}]}},"_links":{"self":[{"href":"https:\/\/baccarat168.app\/pl\/wp-json\/wp\/v2\/pages\/5","targetHints":{"allow":["GET"]}}],"collection":[{"href":"https:\/\/baccarat168.app\/pl\/wp-json\/wp\/v2\/pages"}],"about":[{"href":"https:\/\/baccarat168.app\/pl\/wp-json\/wp\/v2\/types\/page"}],"author":[{"embeddable":true,"href":"https:\/\/baccarat168.app\/pl\/wp-json\/wp\/v2\/users\/1"}],"replies":[{"embeddable":true,"href":"https:\/\/baccarat168.app\/pl\/wp-json\/wp\/v2\/comments?post=5"}],"version-history":[{"count":22,"href":"https:\/\/baccarat168.app\/pl\/wp-json\/wp\/v2\/pages\/5\/revisions"}],"predecessor-version":[{"id":156,"href":"https:\/\/baccarat168.app\/pl\/wp-json\/wp\/v2\/pages\/5\/revisions\/156"}],"wp:attachment":[{"href":"https:\/\/baccarat168.app\/pl\/wp-json\/wp\/v2\/media?parent=5"}],"curies":[{"name":"wp","href":"https:\/\/api.w.org\/{rel}","templated":true}]}}