{"id":7,"date":"2023-11-30T01:11:20","date_gmt":"2023-11-30T01:11:20","guid":{"rendered":"https:\/\/baccarat168.app\/?page_id=7"},"modified":"2024-06-14T22:22:49","modified_gmt":"2024-06-14T22:22:49","slug":"play-baccarat-online","status":"publish","type":"page","link":"https:\/\/baccarat168.app\/it\/play-baccarat-online\/","title":{"rendered":"Giocare al casin\u00f2 online: immergersi nel mondo del Baccarat e delle vittorie emozionanti"},"content":{"rendered":"<p>Benvenuti nel mondo entusiasmante dei casin\u00f2 online, dove il gioco d&#8217;azzardo si combina con il comfort della vostra casa. Qui troverete tutto ci\u00f2 di cui avete bisogno per un&#8217;esperienza di gioco avvincente, soprattutto se la vostra scelta \u00e8 il gioco del Baccarat. Vediamo alcuni passaggi importanti per iniziare la vostra avventura nel gioco d&#8217;azzardo.<\/p>\n<h3>Registrati e Inizia a Giocare!<\/h3>\n<p>Il primo passo verso vittorie emozionanti \u00e8 la registrazione. Iscriviti sul nostro sito compilando alcuni semplici campi con le tue informazioni. Il tuo account \u00e8 il tuo biglietto per il mondo del gioco d&#8217;azzardo, dove ti aspettano emozionanti partite di Baccarat e molto altro.<\/p>\n<h3>Gioca a Baccarat Gratis<\/h3>\n<p>Prima di tuffarti nelle scommesse reali, ti offriamo la possibilit\u00e0 di provare il Baccarat in modalit\u00e0 &#8220;Gioca Gratis&#8221;. Questa \u00e8 un&#8217;ottima opportunit\u00e0 per familiarizzare con le regole, sviluppare strategie e sentire l&#8217;adrenalina del gioco senza rischiare il tuo bankroll. Passa alla modalit\u00e0 di scommesse reali quando ti sentirai sicuro delle tue abilit\u00e0.<\/p>\n<h3>Metodi di Registrazione e Deposito<\/h3>\n<p>La registrazione sul nostro sito \u00e8 un processo semplice e sicuro. Compila alcuni campi obbligatori, verifica la tua identit\u00e0 e sei pronto per iniziare. Sono forniti vari metodi convenienti per depositare fondi sul tuo account:<\/p>\n<ul>\n<li><strong>Carte di credito e debito:<\/strong> Deposita fondi utilizzando carte di pagamento popolari.<\/li>\n<li><strong>Portafogli elettronici:<\/strong> Utilizza portafogli elettronici per transazioni istantanee.<\/li>\n<li><strong>Bonifici bancari:<\/strong> Deposita fondi tramite bonifico bancario per la massima affidabilit\u00e0.<\/li>\n<\/ul>\n<p>Scegli il metodo che ti si addice di pi\u00f9 e inizia la tua avventura nel gioco d&#8217;azzardo!<\/p>\n<h3>Metodo di Prelievo<\/h3>\n<p>Quando \u00e8 il momento di incassare le tue vincite, il processo di prelievo \u00e8 altrettanto conveniente. Scegli uno dei metodi di prelievo, tra cui:<\/p>\n<ul>\n<li><strong>Bonifici bancari:<\/strong> Ricevi le tue vincite sul tuo conto bancario.<\/li>\n<li><strong>Portafogli elettronici:<\/strong> Prelievo istantaneo sul tuo portafoglio elettronico.<\/li>\n<li><strong>Carte:<\/strong> Restituisci le tue vincite a una carta di credito o debito.<\/li>\n<\/ul>\n<p>Valorizziamo il tuo tempo e ci sforziamo di fornire il massimo comfort durante le transazioni finanziarie.<\/p>\n<h3>Conclusione<\/h3>\n<p>Giocare in un casin\u00f2 online non riguarda solo il gioco d&#8217;azzardo; \u00e8 un&#8217;opportunit\u00e0 per godersi giochi emozionanti, incluso il Baccarat, in un ambiente conveniente. Registrati, gioca gratuitamente e, quando arriva il tuo momento, deposita i fondi e goditi le tue vittorie. Abbiamo creato questo portale di gioco unico per rendere la tua esperienza il pi\u00f9 eccitante e spensierata possibile. Inizia la tua avventura nel mondo del gioco d&#8217;azzardo proprio ora!<\/p>\n","protected":false},"excerpt":{"rendered":"<p>Benvenuti nel mondo entusiasmante dei casin\u00f2 online, dove il gioco d&#8217;azzardo si combina con il comfort della vostra casa. Qui troverete tutto ci\u00f2 di cui <a href=\"https:\/\/baccarat168.app\/it\/play-baccarat-online\/\" class=\"read-more-link\">Continue Reading<\/a><\/p>\n","protected":false},"author":1,"featured_media":0,"parent":0,"menu_order":0,"comment_status":"closed","ping_status":"closed","template":"","meta":{"footnotes":""},"class_list":["post-7","page","type-page","status-publish","hentry"],"yoast_head":"<!-- This site is optimized with the Yoast SEO plugin v27.2 - https:\/\/yoast.com\/product\/yoast-seo-wordpress\/ -->\n<title>\u041e\u043d\u043b\u0430\u0439\u043d \u041a\u0430\u0437\u0438\u043d\u043e: \u0418\u0433\u0440\u0430\u0439\u0442\u0435 \u0432 Baccarat, \u0420\u0435\u0433\u0438\u0441\u0442\u0440\u0438\u0440\u0443\u0439\u0442\u0435\u0441\u044c \u0438 \u0412\u044b\u0438\u0433\u0440\u044b\u0432\u0430\u0439\u0442\u0435!<\/title>\n<meta name=\"description\" content=\"Esplora il mondo dell&#039;intrattenimento del gioco d&#039;azzardo. Registrati, gioca a Baccarat gratuitamente e fai un deposito per vittorie entusiasmanti!\" \/>\n<meta name=\"robots\" content=\"index, follow, max-snippet:-1, max-image-preview:large, max-video-preview:-1\" \/>\n<link rel=\"canonical\" href=\"https:\/\/baccarat168.app\/it\/play-baccarat-online\/\" \/>\n<meta property=\"og:locale\" content=\"it_IT\" \/>\n<meta property=\"og:locale:alternate\" content=\"ru_RU\" \/>\n<meta property=\"og:locale:alternate\" content=\"en_US\" \/>\n<meta property=\"og:locale:alternate\" content=\"pt_PT\" \/>\n<meta property=\"og:locale:alternate\" content=\"es_ES\" \/>\n<meta property=\"og:locale:alternate\" content=\"fr_FR\" \/>\n<meta property=\"og:locale:alternate\" content=\"de_DE\" \/>\n<meta property=\"og:locale:alternate\" content=\"ro_RO\" \/>\n<meta property=\"og:locale:alternate\" content=\"sr_RS\" \/>\n<meta property=\"og:locale:alternate\" content=\"bg_BG\" \/>\n<meta property=\"og:locale:alternate\" content=\"pl_PL\" \/>\n<meta property=\"og:type\" content=\"article\" \/>\n<meta property=\"og:title\" content=\"\u041e\u043d\u043b\u0430\u0439\u043d \u041a\u0430\u0437\u0438\u043d\u043e: \u0418\u0433\u0440\u0430\u0439\u0442\u0435 \u0432 Baccarat, \u0420\u0435\u0433\u0438\u0441\u0442\u0440\u0438\u0440\u0443\u0439\u0442\u0435\u0441\u044c \u0438 \u0412\u044b\u0438\u0433\u0440\u044b\u0432\u0430\u0439\u0442\u0435!\" \/>\n<meta property=\"og:description\" content=\"\u0417\u0430\u0433\u043b\u044f\u043d\u0438\u0442\u0435 \u0432 \u043c\u0438\u0440 \u0430\u0437\u0430\u0440\u0442\u043d\u044b\u0445 \u0440\u0430\u0437\u0432\u043b\u0435\u0447\u0435\u043d\u0438\u0439. \u0420\u0435\u0433\u0438\u0441\u0442\u0440\u0438\u0440\u0443\u0439\u0442\u0435\u0441\u044c, \u0438\u0433\u0440\u0430\u0439\u0442\u0435 \u0431\u0435\u0441\u043f\u043b\u0430\u0442\u043d\u043e \u0432 Baccarat \u0438 \u0432\u043d\u043e\u0441\u0438\u0442\u0435 \u0434\u0435\u043f\u043e\u0437\u0438\u0442 \u0434\u043b\u044f \u0437\u0430\u0445\u0432\u0430\u0442\u044b\u0432\u0430\u044e\u0449\u0438\u0445 \u043f\u043e\u0431\u0435\u0434!\" \/>\n<meta property=\"og:url\" content=\"https:\/\/baccarat168.app\/it\/play-baccarat-online\/\" \/>\n<meta property=\"og:site_name\" content=\"Baccarat\" \/>\n<meta property=\"article:modified_time\" content=\"2024-06-14T22:22:49+00:00\" \/>\n<meta name=\"twitter:card\" content=\"summary_large_image\" \/>\n<meta name=\"twitter:label1\" content=\"Tempo di lettura stimato\" \/>\n\t<meta name=\"twitter:data1\" content=\"17 minuti\" \/>\n<script type=\"application\/ld+json\" class=\"yoast-schema-graph\">{\"@context\":\"https:\/\/schema.org\",\"@graph\":[{\"@type\":\"WebPage\",\"@id\":\"https:\/\/baccarat168.app\/play-baccarat-online\/\",\"url\":\"https:\/\/baccarat168.app\/play-baccarat-online\/\",\"name\":\"\u041e\u043d\u043b\u0430\u0439\u043d \u041a\u0430\u0437\u0438\u043d\u043e: \u0418\u0433\u0440\u0430\u0439\u0442\u0435 \u0432 Baccarat, \u0420\u0435\u0433\u0438\u0441\u0442\u0440\u0438\u0440\u0443\u0439\u0442\u0435\u0441\u044c \u0438 \u0412\u044b\u0438\u0433\u0440\u044b\u0432\u0430\u0439\u0442\u0435!\",\"isPartOf\":{\"@id\":\"https:\/\/baccarat168.app\/#website\"},\"datePublished\":\"2023-11-30T01:11:20+00:00\",\"dateModified\":\"2024-06-14T22:22:49+00:00\",\"description\":\"\u0417\u0430\u0433\u043b\u044f\u043d\u0438\u0442\u0435 \u0432 \u043c\u0438\u0440 \u0430\u0437\u0430\u0440\u0442\u043d\u044b\u0445 \u0440\u0430\u0437\u0432\u043b\u0435\u0447\u0435\u043d\u0438\u0439. \u0420\u0435\u0433\u0438\u0441\u0442\u0440\u0438\u0440\u0443\u0439\u0442\u0435\u0441\u044c, \u0438\u0433\u0440\u0430\u0439\u0442\u0435 \u0431\u0435\u0441\u043f\u043b\u0430\u0442\u043d\u043e \u0432 Baccarat \u0438 \u0432\u043d\u043e\u0441\u0438\u0442\u0435 \u0434\u0435\u043f\u043e\u0437\u0438\u0442 \u0434\u043b\u044f \u0437\u0430\u0445\u0432\u0430\u0442\u044b\u0432\u0430\u044e\u0449\u0438\u0445 \u043f\u043e\u0431\u0435\u0434!\",\"breadcrumb\":{\"@id\":\"https:\/\/baccarat168.app\/play-baccarat-online\/#breadcrumb\"},\"inLanguage\":\"it-IT\",\"potentialAction\":[{\"@type\":\"ReadAction\",\"target\":[\"https:\/\/baccarat168.app\/play-baccarat-online\/\"]}]},{\"@type\":\"BreadcrumbList\",\"@id\":\"https:\/\/baccarat168.app\/play-baccarat-online\/#breadcrumb\",\"itemListElement\":[{\"@type\":\"ListItem\",\"position\":1,\"name\":\"Home\",\"item\":\"https:\/\/baccarat168.app\/\"},{\"@type\":\"ListItem\",\"position\":2,\"name\":\"\u0418\u0433\u0440\u0430\u0442\u044c \u0432 \u043e\u043d\u043b\u0430\u0439\u043d \u043a\u0430\u0437\u0438\u043d\u043e: \u043f\u043e\u0433\u0440\u0443\u0436\u0435\u043d\u0438\u0435 \u0432 \u043c\u0438\u0440 Baccarat \u0438 \u0430\u0437\u0430\u0440\u0442\u043d\u044b\u0445 \u043f\u043e\u0431\u0435\u0434\"}]},{\"@type\":\"WebSite\",\"@id\":\"https:\/\/baccarat168.app\/#website\",\"url\":\"https:\/\/baccarat168.app\/\",\"name\":\"Baccarat\",\"description\":\"\",\"potentialAction\":[{\"@type\":\"SearchAction\",\"target\":{\"@type\":\"EntryPoint\",\"urlTemplate\":\"https:\/\/baccarat168.app\/?s={search_term_string}\"},\"query-input\":{\"@type\":\"PropertyValueSpecification\",\"valueRequired\":true,\"valueName\":\"search_term_string\"}}],\"inLanguage\":\"it-IT\"}]}<\/script>\n<!-- \/ Yoast SEO plugin. -->","yoast_head_json":{"title":"\u041e\u043d\u043b\u0430\u0439\u043d \u041a\u0430\u0437\u0438\u043d\u043e: \u0418\u0433\u0440\u0430\u0439\u0442\u0435 \u0432 Baccarat, \u0420\u0435\u0433\u0438\u0441\u0442\u0440\u0438\u0440\u0443\u0439\u0442\u0435\u0441\u044c \u0438 \u0412\u044b\u0438\u0433\u0440\u044b\u0432\u0430\u0439\u0442\u0435!","description":"Esplora il mondo dell'intrattenimento del gioco d'azzardo. Registrati, gioca a Baccarat gratuitamente e fai un deposito per vittorie entusiasmanti!","robots":{"index":"index","follow":"follow","max-snippet":"max-snippet:-1","max-image-preview":"max-image-preview:large","max-video-preview":"max-video-preview:-1"},"canonical":"https:\/\/baccarat168.app\/it\/play-baccarat-online\/","og_locale":"it_IT","og_type":"article","og_title":"\u041e\u043d\u043b\u0430\u0439\u043d \u041a\u0430\u0437\u0438\u043d\u043e: \u0418\u0433\u0440\u0430\u0439\u0442\u0435 \u0432 Baccarat, \u0420\u0435\u0433\u0438\u0441\u0442\u0440\u0438\u0440\u0443\u0439\u0442\u0435\u0441\u044c \u0438 \u0412\u044b\u0438\u0433\u0440\u044b\u0432\u0430\u0439\u0442\u0435!","og_description":"\u0417\u0430\u0433\u043b\u044f\u043d\u0438\u0442\u0435 \u0432 \u043c\u0438\u0440 \u0430\u0437\u0430\u0440\u0442\u043d\u044b\u0445 \u0440\u0430\u0437\u0432\u043b\u0435\u0447\u0435\u043d\u0438\u0439. \u0420\u0435\u0433\u0438\u0441\u0442\u0440\u0438\u0440\u0443\u0439\u0442\u0435\u0441\u044c, \u0438\u0433\u0440\u0430\u0439\u0442\u0435 \u0431\u0435\u0441\u043f\u043b\u0430\u0442\u043d\u043e \u0432 Baccarat \u0438 \u0432\u043d\u043e\u0441\u0438\u0442\u0435 \u0434\u0435\u043f\u043e\u0437\u0438\u0442 \u0434\u043b\u044f \u0437\u0430\u0445\u0432\u0430\u0442\u044b\u0432\u0430\u044e\u0449\u0438\u0445 \u043f\u043e\u0431\u0435\u0434!","og_url":"https:\/\/baccarat168.app\/it\/play-baccarat-online\/","og_site_name":"Baccarat","article_modified_time":"2024-06-14T22:22:49+00:00","twitter_card":"summary_large_image","twitter_misc":{"Tempo di lettura stimato":"17 minuti"},"schema":{"@context":"https:\/\/schema.org","@graph":[{"@type":"WebPage","@id":"https:\/\/baccarat168.app\/play-baccarat-online\/","url":"https:\/\/baccarat168.app\/play-baccarat-online\/","name":"\u041e\u043d\u043b\u0430\u0439\u043d \u041a\u0430\u0437\u0438\u043d\u043e: \u0418\u0433\u0440\u0430\u0439\u0442\u0435 \u0432 Baccarat, \u0420\u0435\u0433\u0438\u0441\u0442\u0440\u0438\u0440\u0443\u0439\u0442\u0435\u0441\u044c \u0438 \u0412\u044b\u0438\u0433\u0440\u044b\u0432\u0430\u0439\u0442\u0435!","isPartOf":{"@id":"https:\/\/baccarat168.app\/#website"},"datePublished":"2023-11-30T01:11:20+00:00","dateModified":"2024-06-14T22:22:49+00:00","description":"\u0417\u0430\u0433\u043b\u044f\u043d\u0438\u0442\u0435 \u0432 \u043c\u0438\u0440 \u0430\u0437\u0430\u0440\u0442\u043d\u044b\u0445 \u0440\u0430\u0437\u0432\u043b\u0435\u0447\u0435\u043d\u0438\u0439. \u0420\u0435\u0433\u0438\u0441\u0442\u0440\u0438\u0440\u0443\u0439\u0442\u0435\u0441\u044c, \u0438\u0433\u0440\u0430\u0439\u0442\u0435 \u0431\u0435\u0441\u043f\u043b\u0430\u0442\u043d\u043e \u0432 Baccarat \u0438 \u0432\u043d\u043e\u0441\u0438\u0442\u0435 \u0434\u0435\u043f\u043e\u0437\u0438\u0442 \u0434\u043b\u044f \u0437\u0430\u0445\u0432\u0430\u0442\u044b\u0432\u0430\u044e\u0449\u0438\u0445 \u043f\u043e\u0431\u0435\u0434!","breadcrumb":{"@id":"https:\/\/baccarat168.app\/play-baccarat-online\/#breadcrumb"},"inLanguage":"it-IT","potentialAction":[{"@type":"ReadAction","target":["https:\/\/baccarat168.app\/play-baccarat-online\/"]}]},{"@type":"BreadcrumbList","@id":"https:\/\/baccarat168.app\/play-baccarat-online\/#breadcrumb","itemListElement":[{"@type":"ListItem","position":1,"name":"Home","item":"https:\/\/baccarat168.app\/"},{"@type":"ListItem","position":2,"name":"\u0418\u0433\u0440\u0430\u0442\u044c \u0432 \u043e\u043d\u043b\u0430\u0439\u043d \u043a\u0430\u0437\u0438\u043d\u043e: \u043f\u043e\u0433\u0440\u0443\u0436\u0435\u043d\u0438\u0435 \u0432 \u043c\u0438\u0440 Baccarat \u0438 \u0430\u0437\u0430\u0440\u0442\u043d\u044b\u0445 \u043f\u043e\u0431\u0435\u0434"}]},{"@type":"WebSite","@id":"https:\/\/baccarat168.app\/#website","url":"https:\/\/baccarat168.app\/","name":"Baccarat","description":"","potentialAction":[{"@type":"SearchAction","target":{"@type":"EntryPoint","urlTemplate":"https:\/\/baccarat168.app\/?s={search_term_string}"},"query-input":{"@type":"PropertyValueSpecification","valueRequired":true,"valueName":"search_term_string"}}],"inLanguage":"it-IT"}]}},"_links":{"self":[{"href":"https:\/\/baccarat168.app\/it\/wp-json\/wp\/v2\/pages\/7","targetHints":{"allow":["GET"]}}],"collection":[{"href":"https:\/\/baccarat168.app\/it\/wp-json\/wp\/v2\/pages"}],"about":[{"href":"https:\/\/baccarat168.app\/it\/wp-json\/wp\/v2\/types\/page"}],"author":[{"embeddable":true,"href":"https:\/\/baccarat168.app\/it\/wp-json\/wp\/v2\/users\/1"}],"replies":[{"embeddable":true,"href":"https:\/\/baccarat168.app\/it\/wp-json\/wp\/v2\/comments?post=7"}],"version-history":[{"count":24,"href":"https:\/\/baccarat168.app\/it\/wp-json\/wp\/v2\/pages\/7\/revisions"}],"predecessor-version":[{"id":43,"href":"https:\/\/baccarat168.app\/it\/wp-json\/wp\/v2\/pages\/7\/revisions\/43"}],"wp:attachment":[{"href":"https:\/\/baccarat168.app\/it\/wp-json\/wp\/v2\/media?parent=7"}],"curies":[{"name":"wp","href":"https:\/\/api.w.org\/{rel}","templated":true}]}}