{"id":7,"date":"2023-11-30T01:11:20","date_gmt":"2023-11-30T01:11:20","guid":{"rendered":"https:\/\/baccarat168.app\/?page_id=7"},"modified":"2024-06-14T22:22:49","modified_gmt":"2024-06-14T22:22:49","slug":"play-baccarat-online","status":"publish","type":"page","link":"https:\/\/baccarat168.app\/es\/play-baccarat-online\/","title":{"rendered":"Jugando en el casino en l\u00ednea: sumergi\u00e9ndote en el mundo del Baccarat y emocionantes victorias"},"content":{"rendered":"<p>Bienvenido al emocionante mundo de los casinos en l\u00ednea, donde el azar se combina con la comodidad de tu hogar. Aqu\u00ed encontrar\u00e1s todo lo que necesitas para una experiencia de juego emocionante, especialmente si tu elecci\u00f3n es el juego de Baccarat. Consideremos algunos pasos importantes para comenzar tu aventura en el juego.<\/p>\n<h3>\u00a1Reg\u00edstrate y comienza a jugar!<\/h3>\n<p>El primer paso en el camino hacia emocionantes victorias es el registro. Reg\u00edstrate en nuestro sitio web completando unos pocos campos simples con tu informaci\u00f3n. Tu cuenta es tu boleto al mundo del juego, donde te esperan emocionantes rondas de Baccarat y mucho m\u00e1s.<\/p>\n<h3>Juega al Baccarat gratis<\/h3>\n<p>Antes de sumergirte en apuestas reales, te ofrecemos probar el Baccarat en modo \u00abJugar gratis\u00bb. Esta es una gran oportunidad para familiarizarte con las reglas, desarrollar estrategias y sentir la emoci\u00f3n del juego sin arriesgar tu bankroll. Cambia al modo de apuestas reales cuando te sientas seguro en tus habilidades.<\/p>\n<h3>M\u00e9todos de registro y dep\u00f3sito<\/h3>\n<p>El registro en nuestro sitio web es un proceso simple y seguro. Completa unos pocos campos obligatorios, verifica tu identidad y est\u00e1s listo para comenzar. Se proporcionan varios m\u00e9todos convenientes para depositar fondos en tu cuenta:<\/p>\n<ul>\n<li>Tarjetas de cr\u00e9dito y d\u00e9bito: Deposita fondos usando tarjetas de pago populares.<\/li>\n<li>Billeteras electr\u00f3nicas: Usa billeteras electr\u00f3nicas para transacciones instant\u00e1neas.<\/li>\n<li>Transferencias bancarias: Deposita fondos mediante transferencia bancaria para obtener la m\u00e1xima confiabilidad.<\/li>\n<\/ul>\n<p>Elige el m\u00e9todo que mejor se adapte a ti y comienza tu aventura en el juego.<\/p>\n<h3>M\u00e9todo de retiro<\/h3>\n<p>Cuando llegue el momento de cobrar tus ganancias, el proceso de retiro tambi\u00e9n es lo m\u00e1s conveniente posible. Elige uno de los m\u00e9todos de retiro, que incluyen:<\/p>\n<ul>\n<li>Transferencias bancarias: Recibe tus ganancias en tu cuenta bancaria.<\/li>\n<li>Billeteras electr\u00f3nicas: Retiro instant\u00e1neo a tu billetera electr\u00f3nica.<\/li>\n<li>Tarjetas: Devuelve tus ganancias a una tarjeta de cr\u00e9dito o d\u00e9bito.<\/li>\n<\/ul>\n<p>Valoramos tu tiempo y nos esforzamos por proporcionar la m\u00e1xima comodidad durante las transacciones financieras.<\/p>\n<h3>Conclusi\u00f3n<\/h3>\n<p>Jugar en un casino en l\u00ednea no se trata solo de apostar; es una oportunidad para disfrutar de emocionantes juegos, incluido el Baccarat, en un entorno conveniente. Reg\u00edstrate, juega gratis y cuando llegue tu momento, deposita fondos y disfruta de tus victorias. Hemos creado este portal de juegos \u00fanico para que tu experiencia sea lo m\u00e1s emocionante y despreocupada posible. \u00a1Comienza tu aventura en el mundo del juego ahora mismo!<\/p>\n","protected":false},"excerpt":{"rendered":"<p>Bienvenido al emocionante mundo de los casinos en l\u00ednea, donde el azar se combina con la comodidad de tu hogar. Aqu\u00ed encontrar\u00e1s todo lo que <a href=\"https:\/\/baccarat168.app\/es\/play-baccarat-online\/\" class=\"read-more-link\">Continue Reading<\/a><\/p>\n","protected":false},"author":1,"featured_media":0,"parent":0,"menu_order":0,"comment_status":"closed","ping_status":"closed","template":"","meta":{"footnotes":""},"class_list":["post-7","page","type-page","status-publish","hentry"],"yoast_head":"<!-- This site is optimized with the Yoast SEO plugin v27.2 - https:\/\/yoast.com\/product\/yoast-seo-wordpress\/ -->\n<title>\u041e\u043d\u043b\u0430\u0439\u043d \u041a\u0430\u0437\u0438\u043d\u043e: \u0418\u0433\u0440\u0430\u0439\u0442\u0435 \u0432 Baccarat, \u0420\u0435\u0433\u0438\u0441\u0442\u0440\u0438\u0440\u0443\u0439\u0442\u0435\u0441\u044c \u0438 \u0412\u044b\u0438\u0433\u0440\u044b\u0432\u0430\u0439\u0442\u0435!<\/title>\n<meta name=\"description\" content=\"Explora el mundo del entretenimiento de los juegos de azar. \u00a1Reg\u00edstrate, juega Baccarat gratis y realiza un dep\u00f3sito para emocionantes victorias!\" \/>\n<meta name=\"robots\" content=\"index, follow, max-snippet:-1, max-image-preview:large, max-video-preview:-1\" \/>\n<link rel=\"canonical\" href=\"https:\/\/baccarat168.app\/es\/play-baccarat-online\/\" \/>\n<meta property=\"og:locale\" content=\"es_ES\" \/>\n<meta property=\"og:locale:alternate\" content=\"ru_RU\" \/>\n<meta property=\"og:locale:alternate\" content=\"en_US\" \/>\n<meta property=\"og:locale:alternate\" content=\"pt_PT\" \/>\n<meta property=\"og:locale:alternate\" content=\"fr_FR\" \/>\n<meta property=\"og:locale:alternate\" content=\"de_DE\" \/>\n<meta property=\"og:locale:alternate\" content=\"ro_RO\" \/>\n<meta property=\"og:locale:alternate\" content=\"sr_RS\" \/>\n<meta property=\"og:locale:alternate\" content=\"bg_BG\" \/>\n<meta property=\"og:locale:alternate\" content=\"pl_PL\" \/>\n<meta property=\"og:locale:alternate\" content=\"it_IT\" \/>\n<meta property=\"og:type\" content=\"article\" \/>\n<meta property=\"og:title\" content=\"\u041e\u043d\u043b\u0430\u0439\u043d \u041a\u0430\u0437\u0438\u043d\u043e: \u0418\u0433\u0440\u0430\u0439\u0442\u0435 \u0432 Baccarat, \u0420\u0435\u0433\u0438\u0441\u0442\u0440\u0438\u0440\u0443\u0439\u0442\u0435\u0441\u044c \u0438 \u0412\u044b\u0438\u0433\u0440\u044b\u0432\u0430\u0439\u0442\u0435!\" \/>\n<meta property=\"og:description\" content=\"\u0417\u0430\u0433\u043b\u044f\u043d\u0438\u0442\u0435 \u0432 \u043c\u0438\u0440 \u0430\u0437\u0430\u0440\u0442\u043d\u044b\u0445 \u0440\u0430\u0437\u0432\u043b\u0435\u0447\u0435\u043d\u0438\u0439. \u0420\u0435\u0433\u0438\u0441\u0442\u0440\u0438\u0440\u0443\u0439\u0442\u0435\u0441\u044c, \u0438\u0433\u0440\u0430\u0439\u0442\u0435 \u0431\u0435\u0441\u043f\u043b\u0430\u0442\u043d\u043e \u0432 Baccarat \u0438 \u0432\u043d\u043e\u0441\u0438\u0442\u0435 \u0434\u0435\u043f\u043e\u0437\u0438\u0442 \u0434\u043b\u044f \u0437\u0430\u0445\u0432\u0430\u0442\u044b\u0432\u0430\u044e\u0449\u0438\u0445 \u043f\u043e\u0431\u0435\u0434!\" \/>\n<meta property=\"og:url\" content=\"https:\/\/baccarat168.app\/es\/play-baccarat-online\/\" \/>\n<meta property=\"og:site_name\" content=\"Baccarat\" \/>\n<meta property=\"article:modified_time\" content=\"2024-06-14T22:22:49+00:00\" \/>\n<meta name=\"twitter:card\" content=\"summary_large_image\" \/>\n<meta name=\"twitter:label1\" content=\"Tiempo de lectura\" \/>\n\t<meta name=\"twitter:data1\" content=\"17 minutos\" \/>\n<script type=\"application\/ld+json\" class=\"yoast-schema-graph\">{\"@context\":\"https:\/\/schema.org\",\"@graph\":[{\"@type\":\"WebPage\",\"@id\":\"https:\/\/baccarat168.app\/play-baccarat-online\/\",\"url\":\"https:\/\/baccarat168.app\/play-baccarat-online\/\",\"name\":\"\u041e\u043d\u043b\u0430\u0439\u043d \u041a\u0430\u0437\u0438\u043d\u043e: \u0418\u0433\u0440\u0430\u0439\u0442\u0435 \u0432 Baccarat, \u0420\u0435\u0433\u0438\u0441\u0442\u0440\u0438\u0440\u0443\u0439\u0442\u0435\u0441\u044c \u0438 \u0412\u044b\u0438\u0433\u0440\u044b\u0432\u0430\u0439\u0442\u0435!\",\"isPartOf\":{\"@id\":\"https:\/\/baccarat168.app\/#website\"},\"datePublished\":\"2023-11-30T01:11:20+00:00\",\"dateModified\":\"2024-06-14T22:22:49+00:00\",\"description\":\"\u0417\u0430\u0433\u043b\u044f\u043d\u0438\u0442\u0435 \u0432 \u043c\u0438\u0440 \u0430\u0437\u0430\u0440\u0442\u043d\u044b\u0445 \u0440\u0430\u0437\u0432\u043b\u0435\u0447\u0435\u043d\u0438\u0439. \u0420\u0435\u0433\u0438\u0441\u0442\u0440\u0438\u0440\u0443\u0439\u0442\u0435\u0441\u044c, \u0438\u0433\u0440\u0430\u0439\u0442\u0435 \u0431\u0435\u0441\u043f\u043b\u0430\u0442\u043d\u043e \u0432 Baccarat \u0438 \u0432\u043d\u043e\u0441\u0438\u0442\u0435 \u0434\u0435\u043f\u043e\u0437\u0438\u0442 \u0434\u043b\u044f \u0437\u0430\u0445\u0432\u0430\u0442\u044b\u0432\u0430\u044e\u0449\u0438\u0445 \u043f\u043e\u0431\u0435\u0434!\",\"breadcrumb\":{\"@id\":\"https:\/\/baccarat168.app\/play-baccarat-online\/#breadcrumb\"},\"inLanguage\":\"es-ES\",\"potentialAction\":[{\"@type\":\"ReadAction\",\"target\":[\"https:\/\/baccarat168.app\/play-baccarat-online\/\"]}]},{\"@type\":\"BreadcrumbList\",\"@id\":\"https:\/\/baccarat168.app\/play-baccarat-online\/#breadcrumb\",\"itemListElement\":[{\"@type\":\"ListItem\",\"position\":1,\"name\":\"Home\",\"item\":\"https:\/\/baccarat168.app\/\"},{\"@type\":\"ListItem\",\"position\":2,\"name\":\"\u0418\u0433\u0440\u0430\u0442\u044c \u0432 \u043e\u043d\u043b\u0430\u0439\u043d \u043a\u0430\u0437\u0438\u043d\u043e: \u043f\u043e\u0433\u0440\u0443\u0436\u0435\u043d\u0438\u0435 \u0432 \u043c\u0438\u0440 Baccarat \u0438 \u0430\u0437\u0430\u0440\u0442\u043d\u044b\u0445 \u043f\u043e\u0431\u0435\u0434\"}]},{\"@type\":\"WebSite\",\"@id\":\"https:\/\/baccarat168.app\/#website\",\"url\":\"https:\/\/baccarat168.app\/\",\"name\":\"Baccarat\",\"description\":\"\",\"potentialAction\":[{\"@type\":\"SearchAction\",\"target\":{\"@type\":\"EntryPoint\",\"urlTemplate\":\"https:\/\/baccarat168.app\/?s={search_term_string}\"},\"query-input\":{\"@type\":\"PropertyValueSpecification\",\"valueRequired\":true,\"valueName\":\"search_term_string\"}}],\"inLanguage\":\"es-ES\"}]}<\/script>\n<!-- \/ Yoast SEO plugin. -->","yoast_head_json":{"title":"\u041e\u043d\u043b\u0430\u0439\u043d \u041a\u0430\u0437\u0438\u043d\u043e: \u0418\u0433\u0440\u0430\u0439\u0442\u0435 \u0432 Baccarat, \u0420\u0435\u0433\u0438\u0441\u0442\u0440\u0438\u0440\u0443\u0439\u0442\u0435\u0441\u044c \u0438 \u0412\u044b\u0438\u0433\u0440\u044b\u0432\u0430\u0439\u0442\u0435!","description":"Explora el mundo del entretenimiento de los juegos de azar. \u00a1Reg\u00edstrate, juega Baccarat gratis y realiza un dep\u00f3sito para emocionantes victorias!","robots":{"index":"index","follow":"follow","max-snippet":"max-snippet:-1","max-image-preview":"max-image-preview:large","max-video-preview":"max-video-preview:-1"},"canonical":"https:\/\/baccarat168.app\/es\/play-baccarat-online\/","og_locale":"es_ES","og_type":"article","og_title":"\u041e\u043d\u043b\u0430\u0439\u043d \u041a\u0430\u0437\u0438\u043d\u043e: \u0418\u0433\u0440\u0430\u0439\u0442\u0435 \u0432 Baccarat, \u0420\u0435\u0433\u0438\u0441\u0442\u0440\u0438\u0440\u0443\u0439\u0442\u0435\u0441\u044c \u0438 \u0412\u044b\u0438\u0433\u0440\u044b\u0432\u0430\u0439\u0442\u0435!","og_description":"\u0417\u0430\u0433\u043b\u044f\u043d\u0438\u0442\u0435 \u0432 \u043c\u0438\u0440 \u0430\u0437\u0430\u0440\u0442\u043d\u044b\u0445 \u0440\u0430\u0437\u0432\u043b\u0435\u0447\u0435\u043d\u0438\u0439. \u0420\u0435\u0433\u0438\u0441\u0442\u0440\u0438\u0440\u0443\u0439\u0442\u0435\u0441\u044c, \u0438\u0433\u0440\u0430\u0439\u0442\u0435 \u0431\u0435\u0441\u043f\u043b\u0430\u0442\u043d\u043e \u0432 Baccarat \u0438 \u0432\u043d\u043e\u0441\u0438\u0442\u0435 \u0434\u0435\u043f\u043e\u0437\u0438\u0442 \u0434\u043b\u044f \u0437\u0430\u0445\u0432\u0430\u0442\u044b\u0432\u0430\u044e\u0449\u0438\u0445 \u043f\u043e\u0431\u0435\u0434!","og_url":"https:\/\/baccarat168.app\/es\/play-baccarat-online\/","og_site_name":"Baccarat","article_modified_time":"2024-06-14T22:22:49+00:00","twitter_card":"summary_large_image","twitter_misc":{"Tiempo de lectura":"17 minutos"},"schema":{"@context":"https:\/\/schema.org","@graph":[{"@type":"WebPage","@id":"https:\/\/baccarat168.app\/play-baccarat-online\/","url":"https:\/\/baccarat168.app\/play-baccarat-online\/","name":"\u041e\u043d\u043b\u0430\u0439\u043d \u041a\u0430\u0437\u0438\u043d\u043e: \u0418\u0433\u0440\u0430\u0439\u0442\u0435 \u0432 Baccarat, \u0420\u0435\u0433\u0438\u0441\u0442\u0440\u0438\u0440\u0443\u0439\u0442\u0435\u0441\u044c \u0438 \u0412\u044b\u0438\u0433\u0440\u044b\u0432\u0430\u0439\u0442\u0435!","isPartOf":{"@id":"https:\/\/baccarat168.app\/#website"},"datePublished":"2023-11-30T01:11:20+00:00","dateModified":"2024-06-14T22:22:49+00:00","description":"\u0417\u0430\u0433\u043b\u044f\u043d\u0438\u0442\u0435 \u0432 \u043c\u0438\u0440 \u0430\u0437\u0430\u0440\u0442\u043d\u044b\u0445 \u0440\u0430\u0437\u0432\u043b\u0435\u0447\u0435\u043d\u0438\u0439. \u0420\u0435\u0433\u0438\u0441\u0442\u0440\u0438\u0440\u0443\u0439\u0442\u0435\u0441\u044c, \u0438\u0433\u0440\u0430\u0439\u0442\u0435 \u0431\u0435\u0441\u043f\u043b\u0430\u0442\u043d\u043e \u0432 Baccarat \u0438 \u0432\u043d\u043e\u0441\u0438\u0442\u0435 \u0434\u0435\u043f\u043e\u0437\u0438\u0442 \u0434\u043b\u044f \u0437\u0430\u0445\u0432\u0430\u0442\u044b\u0432\u0430\u044e\u0449\u0438\u0445 \u043f\u043e\u0431\u0435\u0434!","breadcrumb":{"@id":"https:\/\/baccarat168.app\/play-baccarat-online\/#breadcrumb"},"inLanguage":"es-ES","potentialAction":[{"@type":"ReadAction","target":["https:\/\/baccarat168.app\/play-baccarat-online\/"]}]},{"@type":"BreadcrumbList","@id":"https:\/\/baccarat168.app\/play-baccarat-online\/#breadcrumb","itemListElement":[{"@type":"ListItem","position":1,"name":"Home","item":"https:\/\/baccarat168.app\/"},{"@type":"ListItem","position":2,"name":"\u0418\u0433\u0440\u0430\u0442\u044c \u0432 \u043e\u043d\u043b\u0430\u0439\u043d \u043a\u0430\u0437\u0438\u043d\u043e: \u043f\u043e\u0433\u0440\u0443\u0436\u0435\u043d\u0438\u0435 \u0432 \u043c\u0438\u0440 Baccarat \u0438 \u0430\u0437\u0430\u0440\u0442\u043d\u044b\u0445 \u043f\u043e\u0431\u0435\u0434"}]},{"@type":"WebSite","@id":"https:\/\/baccarat168.app\/#website","url":"https:\/\/baccarat168.app\/","name":"Baccarat","description":"","potentialAction":[{"@type":"SearchAction","target":{"@type":"EntryPoint","urlTemplate":"https:\/\/baccarat168.app\/?s={search_term_string}"},"query-input":{"@type":"PropertyValueSpecification","valueRequired":true,"valueName":"search_term_string"}}],"inLanguage":"es-ES"}]}},"_links":{"self":[{"href":"https:\/\/baccarat168.app\/es\/wp-json\/wp\/v2\/pages\/7","targetHints":{"allow":["GET"]}}],"collection":[{"href":"https:\/\/baccarat168.app\/es\/wp-json\/wp\/v2\/pages"}],"about":[{"href":"https:\/\/baccarat168.app\/es\/wp-json\/wp\/v2\/types\/page"}],"author":[{"embeddable":true,"href":"https:\/\/baccarat168.app\/es\/wp-json\/wp\/v2\/users\/1"}],"replies":[{"embeddable":true,"href":"https:\/\/baccarat168.app\/es\/wp-json\/wp\/v2\/comments?post=7"}],"version-history":[{"count":24,"href":"https:\/\/baccarat168.app\/es\/wp-json\/wp\/v2\/pages\/7\/revisions"}],"predecessor-version":[{"id":43,"href":"https:\/\/baccarat168.app\/es\/wp-json\/wp\/v2\/pages\/7\/revisions\/43"}],"wp:attachment":[{"href":"https:\/\/baccarat168.app\/es\/wp-json\/wp\/v2\/media?parent=7"}],"curies":[{"name":"wp","href":"https:\/\/api.w.org\/{rel}","templated":true}]}}