{"id":9,"date":"2023-11-30T01:12:04","date_gmt":"2023-11-30T01:12:04","guid":{"rendered":"https:\/\/baccarat168.app\/?page_id=9"},"modified":"2024-06-14T22:12:04","modified_gmt":"2024-06-14T22:12:04","slug":"download-baccarat","status":"publish","type":"page","link":"https:\/\/baccarat168.app\/en\/download-baccarat\/","title":{"rendered":"Downloading Baccarat Game: Your path to excitement in a convenient format!"},"content":{"rendered":"<h3>1. Download on Android<\/h3>\n<p>Want to enjoy Baccarat gambling right from your Android device? It&#8217;s easy and convenient! Just follow these steps:<\/p>\n<ul>\n<li><strong>Open Google Play Store:<\/strong> Go to the app store on your device.<\/li>\n<li><strong>Search for Baccarat:<\/strong> Type &#8220;Baccarat&#8221; into the search bar to find our app.<\/li>\n<li><strong>Install and Play:<\/strong> Tap the &#8220;Install&#8221; button, wait for the download to complete, and you&#8217;re ready to dive into the world of Baccarat right from your Android device!<\/li>\n<\/ul>\n<h3>2. Download on iPhone<\/h3>\n<p>Own an iPhone? Don&#8217;t worry, Baccarat is available for you too! Downloading to your iPhone is also simple:<\/p>\n<ul>\n<li><strong>Open the App Store:<\/strong> Go to the app store on your iPhone.<\/li>\n<li><strong>Search for Baccarat:<\/strong> Type &#8220;Baccarat&#8221; into the search bar and find our app.<\/li>\n<li><strong>Install and Play:<\/strong> Tap the &#8220;Install&#8221; button, confirm the installation, and your Baccarat cards are already in your hands!<\/li>\n<\/ul>\n<h3>3. Download on Computer<\/h3>\n<p>Prefer playing on the big screen of your computer? Download Baccarat directly to your computer and enjoy the game in a comfortable setting:<\/p>\n<ul>\n<li><strong>Visit the Official Website:<\/strong> Go to our official website and find the download section.<\/li>\n<li><strong>Choose the Computer Version:<\/strong> Select the appropriate version for your operating system (Windows, MacOS).<\/li>\n<li><strong>Follow the Instructions:<\/strong> Follow the simple instructions to install the application on your computer and get ready for exciting rounds of Baccarat!<\/li>\n<\/ul>\n<p>Baccarat is now available anytime, anywhere, and you can choose the convenient format for your gambling adventure. Don&#8217;t miss the chance to be part of the exciting world of Baccarat right from your device or computer! Download now and start your thrilling journey to victory.<\/p>\n","protected":false},"excerpt":{"rendered":"<p>1. Download on Android Want to enjoy Baccarat gambling right from your Android device? It&#8217;s easy and convenient! Just follow these steps: Open Google Play <a href=\"https:\/\/baccarat168.app\/en\/download-baccarat\/\" class=\"read-more-link\">Continue Reading<\/a><\/p>\n","protected":false},"author":1,"featured_media":0,"parent":0,"menu_order":0,"comment_status":"closed","ping_status":"closed","template":"","meta":{"footnotes":""},"class_list":["post-9","page","type-page","status-publish","hentry"],"yoast_head":"<!-- This site is optimized with the Yoast SEO plugin v27.2 - https:\/\/yoast.com\/product\/yoast-seo-wordpress\/ -->\n<title>Laden Sie Baccarat auf Android, iPhone oder Computer herunter<\/title>\n<meta name=\"description\" content=\"Play Baccarat anywhere. Download the app to your device and enjoy thrilling rounds at the online casino.\" \/>\n<meta name=\"robots\" content=\"index, follow, max-snippet:-1, max-image-preview:large, max-video-preview:-1\" \/>\n<link rel=\"canonical\" href=\"https:\/\/baccarat168.app\/en\/download-baccarat\/\" \/>\n<meta property=\"og:locale\" content=\"en_US\" \/>\n<meta property=\"og:locale:alternate\" content=\"ru_RU\" \/>\n<meta property=\"og:locale:alternate\" content=\"pt_PT\" \/>\n<meta property=\"og:locale:alternate\" content=\"es_ES\" \/>\n<meta property=\"og:locale:alternate\" content=\"fr_FR\" \/>\n<meta property=\"og:locale:alternate\" content=\"de_DE\" \/>\n<meta property=\"og:locale:alternate\" content=\"ro_RO\" \/>\n<meta property=\"og:locale:alternate\" content=\"sr_RS\" \/>\n<meta property=\"og:locale:alternate\" content=\"bg_BG\" \/>\n<meta property=\"og:locale:alternate\" content=\"pl_PL\" \/>\n<meta property=\"og:locale:alternate\" content=\"it_IT\" \/>\n<meta property=\"og:type\" content=\"article\" \/>\n<meta property=\"og:title\" content=\"Laden Sie Baccarat auf Android, iPhone oder Computer herunter\" \/>\n<meta property=\"og:description\" content=\"Spielen Sie Baccarat \u00fcberall. Laden Sie die App auf Ihr Ger\u00e4t herunter und genie\u00dfen Sie aufregende Runden im Online-Casino.\" \/>\n<meta property=\"og:url\" content=\"https:\/\/baccarat168.app\/en\/download-baccarat\/\" \/>\n<meta property=\"og:site_name\" content=\"Baccarat\" \/>\n<meta property=\"article:modified_time\" content=\"2024-06-14T22:12:04+00:00\" \/>\n<meta name=\"twitter:card\" content=\"summary_large_image\" \/>\n<meta name=\"twitter:label1\" content=\"Est. reading time\" \/>\n\t<meta name=\"twitter:data1\" content=\"10 minutes\" \/>\n<script type=\"application\/ld+json\" class=\"yoast-schema-graph\">{\"@context\":\"https:\/\/schema.org\",\"@graph\":[{\"@type\":\"WebPage\",\"@id\":\"https:\/\/baccarat168.app\/de\/download-baccarat\/\",\"url\":\"https:\/\/baccarat168.app\/de\/download-baccarat\/\",\"name\":\"Laden Sie Baccarat auf Android, iPhone oder Computer herunter\",\"isPartOf\":{\"@id\":\"https:\/\/baccarat168.app\/#website\"},\"datePublished\":\"2023-11-30T01:12:04+00:00\",\"dateModified\":\"2024-06-14T22:12:04+00:00\",\"description\":\"Spielen Sie Baccarat \u00fcberall. Laden Sie die App auf Ihr Ger\u00e4t herunter und genie\u00dfen Sie aufregende Runden im Online-Casino.\",\"breadcrumb\":{\"@id\":\"https:\/\/baccarat168.app\/de\/download-baccarat\/#breadcrumb\"},\"inLanguage\":\"en-US\",\"potentialAction\":[{\"@type\":\"ReadAction\",\"target\":[\"https:\/\/baccarat168.app\/de\/download-baccarat\/\"]}]},{\"@type\":\"BreadcrumbList\",\"@id\":\"https:\/\/baccarat168.app\/de\/download-baccarat\/#breadcrumb\",\"itemListElement\":[{\"@type\":\"ListItem\",\"position\":1,\"name\":\"Home\",\"item\":\"https:\/\/baccarat168.app\/\"},{\"@type\":\"ListItem\",\"position\":2,\"name\":\"Herunterladen des Baccarat-Spiels: Ihr Weg zur Aufregung in einem praktischen Format!\"}]},{\"@type\":\"WebSite\",\"@id\":\"https:\/\/baccarat168.app\/#website\",\"url\":\"https:\/\/baccarat168.app\/\",\"name\":\"Baccarat\",\"description\":\"\",\"potentialAction\":[{\"@type\":\"SearchAction\",\"target\":{\"@type\":\"EntryPoint\",\"urlTemplate\":\"https:\/\/baccarat168.app\/?s={search_term_string}\"},\"query-input\":{\"@type\":\"PropertyValueSpecification\",\"valueRequired\":true,\"valueName\":\"search_term_string\"}}],\"inLanguage\":\"en-US\"}]}<\/script>\n<!-- \/ Yoast SEO plugin. -->","yoast_head_json":{"title":"Laden Sie Baccarat auf Android, iPhone oder Computer herunter","description":"Play Baccarat anywhere. Download the app to your device and enjoy thrilling rounds at the online casino.","robots":{"index":"index","follow":"follow","max-snippet":"max-snippet:-1","max-image-preview":"max-image-preview:large","max-video-preview":"max-video-preview:-1"},"canonical":"https:\/\/baccarat168.app\/en\/download-baccarat\/","og_locale":"en_US","og_type":"article","og_title":"Laden Sie Baccarat auf Android, iPhone oder Computer herunter","og_description":"Spielen Sie Baccarat \u00fcberall. Laden Sie die App auf Ihr Ger\u00e4t herunter und genie\u00dfen Sie aufregende Runden im Online-Casino.","og_url":"https:\/\/baccarat168.app\/en\/download-baccarat\/","og_site_name":"Baccarat","article_modified_time":"2024-06-14T22:12:04+00:00","twitter_card":"summary_large_image","twitter_misc":{"Est. reading time":"10 minutes"},"schema":{"@context":"https:\/\/schema.org","@graph":[{"@type":"WebPage","@id":"https:\/\/baccarat168.app\/de\/download-baccarat\/","url":"https:\/\/baccarat168.app\/de\/download-baccarat\/","name":"Laden Sie Baccarat auf Android, iPhone oder Computer herunter","isPartOf":{"@id":"https:\/\/baccarat168.app\/#website"},"datePublished":"2023-11-30T01:12:04+00:00","dateModified":"2024-06-14T22:12:04+00:00","description":"Spielen Sie Baccarat \u00fcberall. Laden Sie die App auf Ihr Ger\u00e4t herunter und genie\u00dfen Sie aufregende Runden im Online-Casino.","breadcrumb":{"@id":"https:\/\/baccarat168.app\/de\/download-baccarat\/#breadcrumb"},"inLanguage":"en-US","potentialAction":[{"@type":"ReadAction","target":["https:\/\/baccarat168.app\/de\/download-baccarat\/"]}]},{"@type":"BreadcrumbList","@id":"https:\/\/baccarat168.app\/de\/download-baccarat\/#breadcrumb","itemListElement":[{"@type":"ListItem","position":1,"name":"Home","item":"https:\/\/baccarat168.app\/"},{"@type":"ListItem","position":2,"name":"Herunterladen des Baccarat-Spiels: Ihr Weg zur Aufregung in einem praktischen Format!"}]},{"@type":"WebSite","@id":"https:\/\/baccarat168.app\/#website","url":"https:\/\/baccarat168.app\/","name":"Baccarat","description":"","potentialAction":[{"@type":"SearchAction","target":{"@type":"EntryPoint","urlTemplate":"https:\/\/baccarat168.app\/?s={search_term_string}"},"query-input":{"@type":"PropertyValueSpecification","valueRequired":true,"valueName":"search_term_string"}}],"inLanguage":"en-US"}]}},"_links":{"self":[{"href":"https:\/\/baccarat168.app\/en\/wp-json\/wp\/v2\/pages\/9","targetHints":{"allow":["GET"]}}],"collection":[{"href":"https:\/\/baccarat168.app\/en\/wp-json\/wp\/v2\/pages"}],"about":[{"href":"https:\/\/baccarat168.app\/en\/wp-json\/wp\/v2\/types\/page"}],"author":[{"embeddable":true,"href":"https:\/\/baccarat168.app\/en\/wp-json\/wp\/v2\/users\/1"}],"replies":[{"embeddable":true,"href":"https:\/\/baccarat168.app\/en\/wp-json\/wp\/v2\/comments?post=9"}],"version-history":[{"count":22,"href":"https:\/\/baccarat168.app\/en\/wp-json\/wp\/v2\/pages\/9\/revisions"}],"predecessor-version":[{"id":154,"href":"https:\/\/baccarat168.app\/en\/wp-json\/wp\/v2\/pages\/9\/revisions\/154"}],"wp:attachment":[{"href":"https:\/\/baccarat168.app\/en\/wp-json\/wp\/v2\/media?parent=9"}],"curies":[{"name":"wp","href":"https:\/\/api.w.org\/{rel}","templated":true}]}}