{"id":5,"date":"2023-11-30T01:10:38","date_gmt":"2023-11-30T01:10:38","guid":{"rendered":"https:\/\/baccarat168.app\/?page_id=5"},"modified":"2024-06-15T01:29:57","modified_gmt":"2024-06-15T01:29:57","slug":"about-us","status":"publish","type":"page","link":"https:\/\/baccarat168.app\/de\/about-us\/","title":{"rendered":"\u00dcber uns: teilen Sie Ihre Leidenschaft f\u00fcr Gl\u00fccksspiele"},"content":{"rendered":"<p>Willkommen in unserem Online-Casino, wo Gl\u00fccksspiel auf Information trifft und Ihre Spielmomente zu unseren werden. Wir sind ein Team von Enthusiasten, die diesen Raum geschaffen haben, um mit Ihnen die aufregende Welt des Gl\u00fccksspiel-Entertainments zu teilen.<\/p>\n<p><strong>Hauptidee:<\/strong> Unser Ziel ist es, Ihnen nicht nur ein mitrei\u00dfendes Spielerlebnis zu bieten, sondern auch wertvolle Informationen \u00fcber Spiele, insbesondere unser Lieblingsspiel &#8211; Baccarat. Auf der Seite &#8222;\u00dcber uns&#8220; m\u00f6chten wir unsere Werte und Mission mit Ihnen teilen &#8211; die Schaffung eines Raums, in dem Information und Gl\u00fccksspiel perfekt im Gleichgewicht sind.<\/p>\n<p><strong>Was wir bieten:<\/strong><\/p>\n<ul>\n<li><strong>Spielbewertungen:<\/strong> Wir aktualisieren regelm\u00e4\u00dfig unsere Spielbewertungen und bieten Ihnen detaillierte Informationen zu den Regeln, Strategien und Funktionen jedes Spiels, einschlie\u00dflich unseres Hauptdarstellers &#8211; Baccarat.<\/li>\n<li><strong>Strategien und Tipps:<\/strong> Unsere Experten teilen Strategien, die Ihnen helfen sollen, Ihr Spiel bei Baccarat und anderen Gl\u00fccksspiel-Unterhaltungen zu verbessern. Wir glauben, dass ein informierter Spieler ein erfolgreicher Spieler ist.<\/li>\n<li><strong>Neuigkeiten und Updates:<\/strong> Bleiben Sie auf dem Laufenden \u00fcber die neuesten Entwicklungen in der Welt des Gl\u00fccksspiels. Wir bieten frische Nachrichten und Updates zu Spielen, Turnieren und Branchentrends.<\/li>\n<\/ul>\n<p><strong>Warum wir:<\/strong> Wir sind hier, um Ihre Gl\u00fccksspielreise so reich und aufregend wie m\u00f6glich zu gestalten. Unser Team m\u00f6chte Ihr F\u00fchrer in der Welt des Gl\u00fccksspiels sein, wo jede Karte, jeder Wurf und jede Wette Teil eines einzigartigen Erlebnisses sind.<\/p>\n<p>Bereiten Sie sich darauf vor, in die Welt von Baccarat und anderen spannenden Spielen einzutauchen, unterst\u00fctzt von Informationen, die Ihnen nicht nur helfen zu gewinnen, sondern auch Ihr Verst\u00e4ndnis f\u00fcr Gl\u00fccksspiel und Spielstrategien vertiefen werden. Mit uns ist jeder Zug, den Sie machen, ein Schritt in ein neues Gl\u00fccksspielabenteuer. Willkommen in unserer Welt, wo Gl\u00fccksspiel auf Wissen trifft!<\/p>\n","protected":false},"excerpt":{"rendered":"<p>Willkommen in unserem Online-Casino, wo Gl\u00fccksspiel auf Information trifft und Ihre Spielmomente zu unseren werden. Wir sind ein Team von Enthusiasten, die diesen Raum geschaffen <a href=\"https:\/\/baccarat168.app\/de\/about-us\/\" class=\"read-more-link\">Continue Reading<\/a><\/p>\n","protected":false},"author":1,"featured_media":0,"parent":0,"menu_order":0,"comment_status":"closed","ping_status":"closed","template":"","meta":{"footnotes":""},"class_list":["post-5","page","type-page","status-publish","hentry"],"yoast_head":"<!-- This site is optimized with the Yoast SEO plugin v27.2 - https:\/\/yoast.com\/product\/yoast-seo-wordpress\/ -->\n<title>\u041c\u044b \u2014 \u0412\u0430\u0448 \u0433\u0438\u0434 \u0432 \u043c\u0438\u0440\u0435 \u0430\u0437\u0430\u0440\u0442\u0430: \u043e\u0431 \u0438\u0433\u0440\u0430\u0445, \u0441\u0442\u0440\u0430\u0442\u0435\u0433\u0438\u044f\u0445 \u0438 \u0441\u0435\u043a\u0440\u0435\u0442\u0430\u0445 Baccarat<\/title>\n<meta name=\"description\" content=\"Lernen Sie unser Team von Gl\u00fccksspiel-Enthusiasten kennen. Informationen, Strategien und aufregende Spiele - alles an einem Ort f\u00fcr Sie!\" \/>\n<meta name=\"robots\" content=\"index, follow, max-snippet:-1, max-image-preview:large, max-video-preview:-1\" \/>\n<link rel=\"canonical\" href=\"https:\/\/baccarat168.app\/de\/about-us\/\" \/>\n<meta property=\"og:locale\" content=\"de_DE\" \/>\n<meta property=\"og:locale:alternate\" content=\"ru_RU\" \/>\n<meta property=\"og:locale:alternate\" content=\"en_US\" \/>\n<meta property=\"og:locale:alternate\" content=\"pt_PT\" \/>\n<meta property=\"og:locale:alternate\" content=\"es_ES\" \/>\n<meta property=\"og:locale:alternate\" content=\"fr_FR\" \/>\n<meta property=\"og:locale:alternate\" content=\"ro_RO\" \/>\n<meta property=\"og:locale:alternate\" content=\"sr_RS\" \/>\n<meta property=\"og:locale:alternate\" content=\"bg_BG\" \/>\n<meta property=\"og:locale:alternate\" content=\"pl_PL\" \/>\n<meta property=\"og:locale:alternate\" content=\"it_IT\" \/>\n<meta property=\"og:type\" content=\"article\" \/>\n<meta property=\"og:title\" content=\"\u041c\u044b \u2014 \u0412\u0430\u0448 \u0433\u0438\u0434 \u0432 \u043c\u0438\u0440\u0435 \u0430\u0437\u0430\u0440\u0442\u0430: \u043e\u0431 \u0438\u0433\u0440\u0430\u0445, \u0441\u0442\u0440\u0430\u0442\u0435\u0433\u0438\u044f\u0445 \u0438 \u0441\u0435\u043a\u0440\u0435\u0442\u0430\u0445 Baccarat\" \/>\n<meta property=\"og:description\" content=\"\u041f\u043e\u0437\u043d\u0430\u043a\u043e\u043c\u044c\u0442\u0435\u0441\u044c \u0441 \u043d\u0430\u0448\u0435\u0439 \u043a\u043e\u043c\u0430\u043d\u0434\u043e\u0439 \u0430\u0437\u0430\u0440\u0442\u043d\u044b\u0445 \u044d\u043d\u0442\u0443\u0437\u0438\u0430\u0441\u0442\u043e\u0432. \u0418\u043d\u0444\u043e\u0440\u043c\u0430\u0446\u0438\u044f, \u0441\u0442\u0440\u0430\u0442\u0435\u0433\u0438\u0438 \u0438 \u0432\u043e\u043b\u043d\u0443\u044e\u0449\u0438\u0435 \u0438\u0433\u0440\u044b \u2014 \u0432\u0441\u0451 \u0432 \u043e\u0434\u043d\u043e\u043c \u043c\u0435\u0441\u0442\u0435 \u0434\u043b\u044f \u0432\u0430\u0441!\" \/>\n<meta property=\"og:url\" content=\"https:\/\/baccarat168.app\/de\/about-us\/\" \/>\n<meta property=\"og:site_name\" content=\"Baccarat\" \/>\n<meta property=\"article:modified_time\" content=\"2024-06-15T01:29:57+00:00\" \/>\n<meta name=\"twitter:card\" content=\"summary_large_image\" \/>\n<meta name=\"twitter:label1\" content=\"Gesch\u00e4tzte Lesezeit\" \/>\n\t<meta name=\"twitter:data1\" content=\"13\u00a0Minuten\" \/>\n<script type=\"application\/ld+json\" class=\"yoast-schema-graph\">{\"@context\":\"https:\/\/schema.org\",\"@graph\":[{\"@type\":\"WebPage\",\"@id\":\"https:\/\/baccarat168.app\/about-us\/\",\"url\":\"https:\/\/baccarat168.app\/about-us\/\",\"name\":\"\u041c\u044b \u2014 \u0412\u0430\u0448 \u0433\u0438\u0434 \u0432 \u043c\u0438\u0440\u0435 \u0430\u0437\u0430\u0440\u0442\u0430: \u043e\u0431 \u0438\u0433\u0440\u0430\u0445, \u0441\u0442\u0440\u0430\u0442\u0435\u0433\u0438\u044f\u0445 \u0438 \u0441\u0435\u043a\u0440\u0435\u0442\u0430\u0445 Baccarat\",\"isPartOf\":{\"@id\":\"https:\/\/baccarat168.app\/#website\"},\"datePublished\":\"2023-11-30T01:10:38+00:00\",\"dateModified\":\"2024-06-15T01:29:57+00:00\",\"description\":\"\u041f\u043e\u0437\u043d\u0430\u043a\u043e\u043c\u044c\u0442\u0435\u0441\u044c \u0441 \u043d\u0430\u0448\u0435\u0439 \u043a\u043e\u043c\u0430\u043d\u0434\u043e\u0439 \u0430\u0437\u0430\u0440\u0442\u043d\u044b\u0445 \u044d\u043d\u0442\u0443\u0437\u0438\u0430\u0441\u0442\u043e\u0432. \u0418\u043d\u0444\u043e\u0440\u043c\u0430\u0446\u0438\u044f, \u0441\u0442\u0440\u0430\u0442\u0435\u0433\u0438\u0438 \u0438 \u0432\u043e\u043b\u043d\u0443\u044e\u0449\u0438\u0435 \u0438\u0433\u0440\u044b \u2014 \u0432\u0441\u0451 \u0432 \u043e\u0434\u043d\u043e\u043c \u043c\u0435\u0441\u0442\u0435 \u0434\u043b\u044f \u0432\u0430\u0441!\",\"breadcrumb\":{\"@id\":\"https:\/\/baccarat168.app\/about-us\/#breadcrumb\"},\"inLanguage\":\"de-DE\",\"potentialAction\":[{\"@type\":\"ReadAction\",\"target\":[\"https:\/\/baccarat168.app\/about-us\/\"]}]},{\"@type\":\"BreadcrumbList\",\"@id\":\"https:\/\/baccarat168.app\/about-us\/#breadcrumb\",\"itemListElement\":[{\"@type\":\"ListItem\",\"position\":1,\"name\":\"Home\",\"item\":\"https:\/\/baccarat168.app\/\"},{\"@type\":\"ListItem\",\"position\":2,\"name\":\"\u041e \u043d\u0430\u0441: \u0440\u0430\u0437\u0434\u0435\u043b\u044f\u044f \u0412\u0430\u0448\u0443 \u0441\u0442\u0440\u0430\u0441\u0442\u044c \u043a \u0430\u0437\u0430\u0440\u0442\u0443\"}]},{\"@type\":\"WebSite\",\"@id\":\"https:\/\/baccarat168.app\/#website\",\"url\":\"https:\/\/baccarat168.app\/\",\"name\":\"Baccarat\",\"description\":\"\",\"potentialAction\":[{\"@type\":\"SearchAction\",\"target\":{\"@type\":\"EntryPoint\",\"urlTemplate\":\"https:\/\/baccarat168.app\/?s={search_term_string}\"},\"query-input\":{\"@type\":\"PropertyValueSpecification\",\"valueRequired\":true,\"valueName\":\"search_term_string\"}}],\"inLanguage\":\"de-DE\"}]}<\/script>\n<!-- \/ Yoast SEO plugin. -->","yoast_head_json":{"title":"\u041c\u044b \u2014 \u0412\u0430\u0448 \u0433\u0438\u0434 \u0432 \u043c\u0438\u0440\u0435 \u0430\u0437\u0430\u0440\u0442\u0430: \u043e\u0431 \u0438\u0433\u0440\u0430\u0445, \u0441\u0442\u0440\u0430\u0442\u0435\u0433\u0438\u044f\u0445 \u0438 \u0441\u0435\u043a\u0440\u0435\u0442\u0430\u0445 Baccarat","description":"Lernen Sie unser Team von Gl\u00fccksspiel-Enthusiasten kennen. Informationen, Strategien und aufregende Spiele - alles an einem Ort f\u00fcr Sie!","robots":{"index":"index","follow":"follow","max-snippet":"max-snippet:-1","max-image-preview":"max-image-preview:large","max-video-preview":"max-video-preview:-1"},"canonical":"https:\/\/baccarat168.app\/de\/about-us\/","og_locale":"de_DE","og_type":"article","og_title":"\u041c\u044b \u2014 \u0412\u0430\u0448 \u0433\u0438\u0434 \u0432 \u043c\u0438\u0440\u0435 \u0430\u0437\u0430\u0440\u0442\u0430: \u043e\u0431 \u0438\u0433\u0440\u0430\u0445, \u0441\u0442\u0440\u0430\u0442\u0435\u0433\u0438\u044f\u0445 \u0438 \u0441\u0435\u043a\u0440\u0435\u0442\u0430\u0445 Baccarat","og_description":"\u041f\u043e\u0437\u043d\u0430\u043a\u043e\u043c\u044c\u0442\u0435\u0441\u044c \u0441 \u043d\u0430\u0448\u0435\u0439 \u043a\u043e\u043c\u0430\u043d\u0434\u043e\u0439 \u0430\u0437\u0430\u0440\u0442\u043d\u044b\u0445 \u044d\u043d\u0442\u0443\u0437\u0438\u0430\u0441\u0442\u043e\u0432. \u0418\u043d\u0444\u043e\u0440\u043c\u0430\u0446\u0438\u044f, \u0441\u0442\u0440\u0430\u0442\u0435\u0433\u0438\u0438 \u0438 \u0432\u043e\u043b\u043d\u0443\u044e\u0449\u0438\u0435 \u0438\u0433\u0440\u044b \u2014 \u0432\u0441\u0451 \u0432 \u043e\u0434\u043d\u043e\u043c \u043c\u0435\u0441\u0442\u0435 \u0434\u043b\u044f \u0432\u0430\u0441!","og_url":"https:\/\/baccarat168.app\/de\/about-us\/","og_site_name":"Baccarat","article_modified_time":"2024-06-15T01:29:57+00:00","twitter_card":"summary_large_image","twitter_misc":{"Gesch\u00e4tzte Lesezeit":"13\u00a0Minuten"},"schema":{"@context":"https:\/\/schema.org","@graph":[{"@type":"WebPage","@id":"https:\/\/baccarat168.app\/about-us\/","url":"https:\/\/baccarat168.app\/about-us\/","name":"\u041c\u044b \u2014 \u0412\u0430\u0448 \u0433\u0438\u0434 \u0432 \u043c\u0438\u0440\u0435 \u0430\u0437\u0430\u0440\u0442\u0430: \u043e\u0431 \u0438\u0433\u0440\u0430\u0445, \u0441\u0442\u0440\u0430\u0442\u0435\u0433\u0438\u044f\u0445 \u0438 \u0441\u0435\u043a\u0440\u0435\u0442\u0430\u0445 Baccarat","isPartOf":{"@id":"https:\/\/baccarat168.app\/#website"},"datePublished":"2023-11-30T01:10:38+00:00","dateModified":"2024-06-15T01:29:57+00:00","description":"\u041f\u043e\u0437\u043d\u0430\u043a\u043e\u043c\u044c\u0442\u0435\u0441\u044c \u0441 \u043d\u0430\u0448\u0435\u0439 \u043a\u043e\u043c\u0430\u043d\u0434\u043e\u0439 \u0430\u0437\u0430\u0440\u0442\u043d\u044b\u0445 \u044d\u043d\u0442\u0443\u0437\u0438\u0430\u0441\u0442\u043e\u0432. \u0418\u043d\u0444\u043e\u0440\u043c\u0430\u0446\u0438\u044f, \u0441\u0442\u0440\u0430\u0442\u0435\u0433\u0438\u0438 \u0438 \u0432\u043e\u043b\u043d\u0443\u044e\u0449\u0438\u0435 \u0438\u0433\u0440\u044b \u2014 \u0432\u0441\u0451 \u0432 \u043e\u0434\u043d\u043e\u043c \u043c\u0435\u0441\u0442\u0435 \u0434\u043b\u044f \u0432\u0430\u0441!","breadcrumb":{"@id":"https:\/\/baccarat168.app\/about-us\/#breadcrumb"},"inLanguage":"de-DE","potentialAction":[{"@type":"ReadAction","target":["https:\/\/baccarat168.app\/about-us\/"]}]},{"@type":"BreadcrumbList","@id":"https:\/\/baccarat168.app\/about-us\/#breadcrumb","itemListElement":[{"@type":"ListItem","position":1,"name":"Home","item":"https:\/\/baccarat168.app\/"},{"@type":"ListItem","position":2,"name":"\u041e \u043d\u0430\u0441: \u0440\u0430\u0437\u0434\u0435\u043b\u044f\u044f \u0412\u0430\u0448\u0443 \u0441\u0442\u0440\u0430\u0441\u0442\u044c \u043a \u0430\u0437\u0430\u0440\u0442\u0443"}]},{"@type":"WebSite","@id":"https:\/\/baccarat168.app\/#website","url":"https:\/\/baccarat168.app\/","name":"Baccarat","description":"","potentialAction":[{"@type":"SearchAction","target":{"@type":"EntryPoint","urlTemplate":"https:\/\/baccarat168.app\/?s={search_term_string}"},"query-input":{"@type":"PropertyValueSpecification","valueRequired":true,"valueName":"search_term_string"}}],"inLanguage":"de-DE"}]}},"_links":{"self":[{"href":"https:\/\/baccarat168.app\/de\/wp-json\/wp\/v2\/pages\/5","targetHints":{"allow":["GET"]}}],"collection":[{"href":"https:\/\/baccarat168.app\/de\/wp-json\/wp\/v2\/pages"}],"about":[{"href":"https:\/\/baccarat168.app\/de\/wp-json\/wp\/v2\/types\/page"}],"author":[{"embeddable":true,"href":"https:\/\/baccarat168.app\/de\/wp-json\/wp\/v2\/users\/1"}],"replies":[{"embeddable":true,"href":"https:\/\/baccarat168.app\/de\/wp-json\/wp\/v2\/comments?post=5"}],"version-history":[{"count":22,"href":"https:\/\/baccarat168.app\/de\/wp-json\/wp\/v2\/pages\/5\/revisions"}],"predecessor-version":[{"id":156,"href":"https:\/\/baccarat168.app\/de\/wp-json\/wp\/v2\/pages\/5\/revisions\/156"}],"wp:attachment":[{"href":"https:\/\/baccarat168.app\/de\/wp-json\/wp\/v2\/media?parent=5"}],"curies":[{"name":"wp","href":"https:\/\/api.w.org\/{rel}","templated":true}]}}