{"id":13,"date":"2023-11-30T01:13:39","date_gmt":"2023-11-30T01:13:39","guid":{"rendered":"https:\/\/baccarat168.app\/?page_id=13"},"modified":"2024-06-15T01:38:02","modified_gmt":"2024-06-15T01:38:02","slug":"baccarat-strategies","status":"publish","type":"page","link":"https:\/\/baccarat168.app\/bg\/baccarat-strategies\/","title":{"rendered":"\u0421\u0442\u0440\u0430\u0442\u0435\u0433\u0438\u0438 \u0437\u0430 \u0438\u0433\u0440\u0430\u0442\u0430 \u0411\u0430\u043a\u0430\u0440\u0430: \u043f\u044a\u0442\u044f\u0442 \u043a\u044a\u043c \u0443\u0441\u043f\u0435\u0445\u0430 \u0438 \u0432\u044a\u043b\u043d\u0443\u0432\u0430\u0449\u0438\u0442\u0435 \u043f\u043e\u0431\u0435\u0434\u0438"},"content":{"rendered":"<h3>\u0412\u044a\u0432\u0435\u0434\u0435\u043d\u0438\u0435<\/h3>\n<p>\u0411\u0430\u043a\u0430\u0440\u0430 \u0435 \u0435\u0434\u043d\u0430 \u043e\u0442 \u043d\u0430\u0439-\u0434\u043e\u0441\u0442\u044a\u043f\u043d\u0438\u0442\u0435 \u0438 \u0432\u044a\u043b\u043d\u0443\u0432\u0430\u0449\u0438 \u043a\u0430\u0440\u0442\u0438 \u0432 \u0441\u0432\u0435\u0442\u0430 \u043d\u0430 \u0445\u0430\u0437\u0430\u0440\u0442\u0430, \u043a\u043e\u044f\u0442\u043e \u043f\u0440\u0435\u0434\u043e\u0441\u0442\u0430\u0432\u044f \u043d\u0430 \u0438\u0433\u0440\u0430\u0447\u0438\u0442\u0435 \u0443\u043d\u0438\u043a\u0430\u043b\u043d\u0430 \u0432\u044a\u0437\u043c\u043e\u0436\u043d\u043e\u0441\u0442 \u0434\u0430 \u0441\u044a\u0447\u0435\u0442\u0430\u044f\u0442 \u043a\u044a\u0441\u043c\u0435\u0442 \u0438 \u0441\u0442\u0440\u0430\u0442\u0435\u0433\u0438\u044f. \u0412 \u0442\u0430\u0437\u0438 \u0441\u0435\u043a\u0446\u0438\u044f \u0449\u0435 \u0440\u0430\u0437\u0433\u043b\u0435\u0434\u0430\u043c\u0435 \u043d\u044f\u043a\u043e\u043b\u043a\u043e \u0435\u0444\u0435\u043a\u0442\u0438\u0432\u043d\u0438 \u0441\u0442\u0440\u0430\u0442\u0435\u0433\u0438\u0438 \u0438 \u043e\u0431\u0449\u0438 \u043f\u0440\u0435\u043f\u043e\u0440\u044a\u043a\u0438, \u043a\u043e\u0438\u0442\u043e \u0449\u0435 \u0432\u0438 \u043f\u043e\u043c\u043e\u0433\u043d\u0430\u0442 \u0434\u0430 \u0443\u0432\u0435\u043b\u0438\u0447\u0438\u0442\u0435 \u0448\u0430\u043d\u0441\u043e\u0432\u0435\u0442\u0435 \u0441\u0438 \u0437\u0430 \u0443\u0441\u043f\u0435\u0445 \u0432 \u0441\u0432\u0435\u0442\u0430 \u043d\u0430 \u0411\u0430\u043a\u0430\u0440\u0430.<\/p>\n<h3>1. \u0421\u0442\u0440\u0430\u0442\u0435\u0433\u0438\u044f \u043d\u0430 \u041c\u0430\u0440\u0442\u0438\u043d\u0433\u0435\u0439\u043b: \u0423\u043f\u0440\u0430\u0432\u043b\u0435\u043d\u0438\u0435 \u043d\u0430 \u0431\u0430\u043d\u043a\u0440\u043e\u043b\u0430<\/h3>\n<p>\u0415\u0434\u043d\u0430 \u043e\u0442 \u043d\u0430\u0439-\u0438\u0437\u0432\u0435\u0441\u0442\u043d\u0438\u0442\u0435 \u0441\u0442\u0440\u0430\u0442\u0435\u0433\u0438\u0438 \u0432 \u0441\u0432\u0435\u0442\u0430 \u043d\u0430 \u0445\u0430\u0437\u0430\u0440\u0442\u0430 \u0435 \u0441\u0442\u0440\u0430\u0442\u0435\u0433\u0438\u044f\u0442\u0430 \u043d\u0430 \u041c\u0430\u0440\u0442\u0438\u043d\u0433\u0435\u0439\u043b. \u0422\u0430\u0437\u0438 \u0441\u0442\u0440\u0430\u0442\u0435\u0433\u0438\u044f \u0441\u0435 \u0431\u0430\u0437\u0438\u0440\u0430 \u043d\u0430 \u043f\u0440\u0438\u043d\u0446\u0438\u043f\u0430 \u0434\u0430 \u0441\u0435 \u0443\u0434\u0432\u043e\u044f\u0432\u0430 \u0437\u0430\u043b\u043e\u0433\u044a\u0442 \u0441\u043b\u0435\u0434 \u0432\u0441\u044f\u043a\u0430 \u0437\u0430\u0433\u0443\u0431\u0430. \u0412 \u0411\u0430\u043a\u0430\u0440\u0430 \u0442\u044f \u043c\u043e\u0436\u0435 \u0434\u0430 \u0431\u044a\u0434\u0435 \u0435\u0444\u0435\u043a\u0442\u0438\u0432\u043d\u0430, \u0430\u043a\u043e \u0443\u043f\u0440\u0430\u0432\u043b\u044f\u0432\u0430\u0442\u0435 \u0431\u0430\u043d\u043a\u0440\u043e\u043b\u0430 \u0441\u0438 \u0438 \u0437\u0430\u0434\u0430\u0432\u0430\u0442\u0435 \u043b\u0438\u043c\u0438\u0442\u0438.<\/p>\n<p>\u041d\u0430\u043f\u0440\u0438\u043c\u0435\u0440, \u0430\u043a\u043e \u0437\u0430\u0433\u0443\u0431\u0438\u0442\u0435 10 \u0435\u0434\u0438\u043d\u0438\u0446\u0438, \u0441\u043b\u0435\u0434\u0432\u0430\u0449\u0438\u044f\u0442 \u0437\u0430\u043b\u043e\u0433 \u0449\u0435 \u0431\u044a\u0434\u0435 20. \u0422\u043e\u0432\u0430 \u0432\u0438 \u043f\u043e\u0437\u0432\u043e\u043b\u044f\u0432\u0430 \u0431\u044a\u0440\u0437\u043e \u0434\u0430 \u043f\u043e\u043a\u0440\u0438\u0435\u0442\u0435 \u0437\u0430\u0433\u0443\u0431\u0438\u0442\u0435, \u043a\u043e\u0433\u0430\u0442\u043e \u043a\u044a\u0441\u043c\u0435\u0442\u044a\u0442 \u0432\u0438 \u0441\u0435 \u043e\u0431\u044a\u0440\u043d\u0435. \u0412\u0430\u0436\u043d\u043e \u0435 \u043e\u0431\u0430\u0447\u0435 \u0434\u0430 \u0437\u0430\u0434\u0430\u0434\u0435\u0442\u0435 \u043b\u0438\u043c\u0438\u0442 \u0437\u0430 \u0437\u0430\u043b\u043e\u0437\u0438\u0442\u0435, \u0437\u0430 \u0434\u0430 \u0438\u0437\u0431\u0435\u0433\u043d\u0435\u0442\u0435 \u0441\u0435\u0440\u0438\u043e\u0437\u043d\u0438 \u0437\u0430\u0433\u0443\u0431\u0438.<\/p>\n<h3>2. \u0421\u0442\u0440\u0430\u0442\u0435\u0433\u0438\u044f \u043d\u0430 \u041f\u0430\u0440\u043e\u043b\u0438: \u0418\u0433\u0440\u043e\u0432\u0438 \u043c\u043e\u0434\u0435\u043b\u0438<\/h3>\n<p>\u0411\u0430\u043a\u0430\u0440\u0430, \u043a\u0430\u0442\u043e \u043c\u043d\u043e\u0433\u043e \u0434\u0440\u0443\u0433\u0438 \u0445\u0430\u0437\u0430\u0440\u0442\u043d\u0438 \u0438\u0433\u0440\u0438, \u0441\u043b\u0435\u0434\u0432\u0430 \u0437\u0430\u043a\u043e\u043d\u0438\u0442\u0435 \u043d\u0430 \u0432\u0435\u0440\u043e\u044f\u0442\u043d\u043e\u0441\u0442\u0442\u0430. \u0421\u0442\u0440\u0430\u0442\u0435\u0433\u0438\u044f\u0442\u0430 \u043d\u0430 \u041f\u0430\u0440\u043e\u043b\u0438 \u0441\u0435 \u0431\u0430\u0437\u0438\u0440\u0430 \u043d\u0430 \u043e\u0442\u043a\u0440\u0438\u0432\u0430\u043d\u0435\u0442\u043e \u043d\u0430 \u043c\u043e\u0434\u0435\u043b\u0438 \u0432 \u0440\u0435\u0437\u0443\u043b\u0442\u0430\u0442\u0438\u0442\u0435 \u043e\u0442 \u043f\u0440\u0435\u0434\u0445\u043e\u0434\u043d\u0438 \u043a\u0440\u044a\u0433\u043e\u0432\u0435 \u0438 \u0438\u0437\u043f\u043e\u043b\u0437\u0432\u0430\u043d\u0435\u0442\u043e \u0438\u043c \u0437\u0430 \u0432\u0437\u0435\u043c\u0430\u043d\u0435 \u043d\u0430 \u0440\u0435\u0448\u0435\u043d\u0438\u044f \u0432 \u043d\u0430\u0441\u0442\u043e\u044f\u0449\u0438\u044f \u043a\u0440\u044a\u0433.<\/p>\n<p>\u0421\u043b\u0435\u0434\u0435\u0442\u0435 \u0434\u0430\u043b\u0438 \u0418\u0433\u0440\u0430\u0447\u044a\u0442 \u0438\u043b\u0438 \u0411\u0430\u043d\u043a\u0435\u0440\u044a\u0442 \u043f\u0435\u0447\u0435\u043b\u044f\u0442 \u0438 \u0430\u043a\u043e \u0438\u043c\u0430 \u043f\u043e\u0432\u0442\u0430\u0440\u044f\u0449\u0438 \u0441\u0435 \u043c\u043e\u0434\u0435\u043b\u0438, \u0430\u0434\u0430\u043f\u0442\u0438\u0440\u0430\u0439\u0442\u0435 \u0437\u0430\u043b\u043e\u0437\u0438\u0442\u0435 \u0441\u0438 \u0441\u044a\u043e\u0442\u0432\u0435\u0442\u043d\u043e. \u0422\u0430\u0437\u0438 \u0441\u0442\u0440\u0430\u0442\u0435\u0433\u0438\u044f \u0438\u0437\u0438\u0441\u043a\u0432\u0430 \u0432\u043d\u0438\u043c\u0430\u043d\u0438\u0435 \u043a\u044a\u043c \u0434\u0435\u0442\u0430\u0439\u043b\u0438\u0442\u0435 \u0438 \u043d\u0430\u0431\u043b\u044e\u0434\u0435\u043d\u0438\u0435 \u0438, \u0432\u044a\u043f\u0440\u0435\u043a\u0438 \u0447\u0435 \u043d\u0435 \u0433\u0430\u0440\u0430\u043d\u0442\u0438\u0440\u0430 \u0443\u0441\u043f\u0435\u0445, \u043c\u043e\u0436\u0435 \u0434\u0430 \u0431\u044a\u0434\u0435 \u0435\u0444\u0435\u043a\u0442\u0438\u0432\u043d\u0430 \u0432 \u043d\u044f\u043a\u043e\u0438 \u0441\u0438\u0442\u0443\u0430\u0446\u0438\u0438.<\/p>\n<h3>3. \u0421\u0442\u0440\u0430\u0442\u0435\u0433\u0438\u044f \u043d\u0430 \u0424\u0438\u0431\u043e\u043d\u0430\u0447\u0438: \u041f\u043e\u0441\u043b\u0435\u0434\u043e\u0432\u0430\u0442\u0435\u043b\u043d\u043e\u0441\u0442 \u0438 \u041f\u0440\u043e\u0433\u0440\u0435\u0441\u0438\u044f<\/h3>\n<p>\u0421\u0442\u0440\u0430\u0442\u0435\u0433\u0438\u044f\u0442\u0430 \u043d\u0430 \u0424\u0438\u0431\u043e\u043d\u0430\u0447\u0438 \u0441\u0435 \u0431\u0430\u0437\u0438\u0440\u0430 \u043d\u0430 \u0434\u043e\u0431\u0440\u0435 \u0438\u0437\u0432\u0435\u0441\u0442\u043d\u0430\u0442\u0430 \u043c\u0430\u0442\u0435\u043c\u0430\u0442\u0438\u0447\u0435\u0441\u043a\u0430 \u043f\u043e\u0441\u043b\u0435\u0434\u043e\u0432\u0430\u0442\u0435\u043b\u043d\u043e\u0441\u0442, \u043a\u044a\u0434\u0435\u0442\u043e \u0432\u0441\u044f\u043a\u043e \u0447\u0438\u0441\u043b\u043e \u0435 \u0441\u0431\u043e\u0440\u044a\u0442 \u043e\u0442 \u0434\u0432\u0435 \u043f\u0440\u0435\u0434\u0438\u0448\u043d\u0438 \u0447\u0438\u0441\u043b\u0430. \u0412 \u0411\u0430\u043a\u0430\u0440\u0430 \u043c\u043e\u0436\u0435\u0442\u0435 \u0434\u0430 \u0438\u0437\u043f\u043e\u043b\u0437\u0432\u0430\u0442\u0435 \u0442\u0430\u0437\u0438 \u0441\u0442\u0440\u0430\u0442\u0435\u0433\u0438\u044f, \u043a\u0430\u0442\u043e \u0443\u0432\u0435\u043b\u0438\u0447\u0430\u0432\u0430\u0442\u0435 \u0437\u0430\u043b\u043e\u0433\u0430 \u0441\u0438 \u0441\u043f\u043e\u0440\u0435\u0434 \u0440\u0435\u0434\u0438\u0446\u0430\u0442\u0430 \u043d\u0430 \u0424\u0438\u0431\u043e\u043d\u0430\u0447\u0438 \u0441\u043b\u0435\u0434 \u0432\u0441\u044f\u043a\u0430 \u0437\u0430\u0433\u0443\u0431\u0430.<\/p>\n<p>\u041d\u0430\u043f\u0440\u0438\u043c\u0435\u0440, \u0430\u043a\u043e \u0432\u0430\u0448\u0430\u0442\u0430 \u043f\u044a\u0440\u0432\u043e\u043d\u0430\u0447\u0430\u043b\u043d\u0430 \u0437\u0430\u043b\u043e\u0433 \u0435 10 \u0435\u0434\u0438\u043d\u0438\u0446\u0438 \u0438 \u0437\u0430\u0433\u0443\u0431\u0438\u0442\u0435, \u0441\u043b\u0435\u0434\u0432\u0430\u0449\u0438\u044f\u0442 \u0437\u0430\u043b\u043e\u0433 \u0449\u0435 \u0431\u044a\u0434\u0435 20 (10 + 10), \u0441\u043b\u0435\u0434 \u0442\u043e\u0432\u0430 30 (20 + 10) \u0438 \u0442\u0430\u043a\u0430 \u043d\u0430\u0442\u0430\u0442\u044a\u043a. \u0422\u0430\u0437\u0438 \u0441\u0442\u0440\u0430\u0442\u0435\u0433\u0438\u044f \u043f\u043e\u043c\u0430\u0433\u0430 \u0434\u0430 \u0441\u0435 \u043e\u0433\u0440\u0430\u043d\u0438\u0447\u0430\u0442 \u0437\u0430\u0433\u0443\u0431\u0438\u0442\u0435 \u0438 \u043c\u043e\u0436\u0435 \u0434\u0430 \u0431\u044a\u0434\u0435 \u0435\u0444\u0435\u043a\u0442\u0438\u0432\u043d\u0430, \u0430\u043a\u043e \u0438\u043c\u0430\u0442\u0435 \u0442\u044a\u0440\u043f\u0435\u043d\u0438\u0435 \u0438 \u0441\u043b\u0435\u0434\u0438\u0442\u0435 \u0442\u0435\u043a\u0443\u0449\u0438\u0442\u0435 \u0442\u0435\u043d\u0434\u0435\u043d\u0446\u0438\u0438.<\/p>\n<h3>\u041e\u0431\u0449\u0438 \u043f\u0440\u0435\u043f\u043e\u0440\u044a\u043a\u0438:<\/h3>\n<ul>\n<li><strong>\u0423\u043f\u0440\u0430\u0432\u043b\u044f\u0432\u0430\u0439\u0442\u0435 \u0431\u0430\u043d\u043a\u0440\u043e\u043b\u0430 \u0441\u0438:<\/strong><br \/>\n\u0417\u0430\u0434\u0430\u0439\u0442\u0435 \u043b\u0438\u043c\u0438\u0442\u0438 \u0437\u0430 \u0437\u0430\u0433\u0443\u0431\u0438 \u0438 \u043f\u0435\u0447\u0430\u043b\u0431\u0438.<br \/>\n\u0418\u0437\u043f\u043e\u043b\u0437\u0432\u0430\u0439\u0442\u0435 \u0441\u0442\u0440\u0430\u0442\u0435\u0433\u0438\u0438 \u0437\u0430 \u0443\u043f\u0440\u0430\u0432\u043b\u0435\u043d\u0438\u0435 \u043d\u0430 \u0431\u0430\u043d\u043a\u0440\u043e\u043b\u0430, \u0437\u0430 \u0434\u0430 \u0438\u0437\u0431\u0435\u0433\u043d\u0435\u0442\u0435 \u0441\u0435\u0440\u0438\u043e\u0437\u043d\u0438 \u0437\u0430\u0433\u0443\u0431\u0438.<\/li>\n<li><strong>\u0411\u044a\u0434\u0435\u0442\u0435 \u0432\u043d\u0438\u043c\u0430\u0442\u0435\u043b\u043d\u0438:<\/strong><br \/>\n\u0421\u043b\u0435\u0434\u0435\u0442\u0435 \u0437\u0430 \u043c\u043e\u0434\u0435\u043b\u0438 \u0432 \u0440\u0435\u0437\u0443\u043b\u0442\u0430\u0442\u0438\u0442\u0435 \u043e\u0442 \u043f\u0440\u0435\u0434\u0445\u043e\u0434\u043d\u0438\u0442\u0435 \u043a\u0440\u044a\u0433\u043e\u0432\u0435.<br \/>\n\u041d\u0435 \u0441\u0435 \u0434\u043e\u0432\u0435\u0440\u044f\u0432\u0430\u0439\u0442\u0435 \u0441\u0430\u043c\u043e \u043d\u0430 \u043a\u044a\u0441\u043c\u0435\u0442\u0430; \u0432\u043d\u0438\u043c\u0430\u043d\u0438\u0435\u0442\u043e \u043c\u043e\u0436\u0435 \u0434\u0430 \u0431\u044a\u0434\u0435 \u0432\u0430\u0448 \u0441\u044a\u044e\u0437\u043d\u0438\u043a.<\/li>\n<li><strong>\u041f\u0440\u0430\u043a\u0442\u0438\u043a\u0443\u0432\u0430\u0439\u0442\u0435 \u0438\u0433\u0440\u0430\u0442\u0430:<\/strong><br \/>\n\u0418\u0433\u0440\u0430\u0439\u0442\u0435 \u0432 \u0440\u0435\u0436\u0438\u043c &#8222;\u0418\u0433\u0440\u0430\u0439 \u0437\u0430 \u0441\u0432\u043e\u0431\u043e\u0434\u043d\u043e&#8220; \u0437\u0430 \u0434\u0430 \u0443\u0441\u044a\u0432\u044a\u0440\u0448\u0435\u043d\u0441\u0442\u0432\u0430\u0442\u0435 \u0441\u0442\u0440\u0430\u0442\u0435\u0433\u0438\u0438\u0442\u0435 \u0441\u0438 \u0431\u0435\u0437 \u0440\u0438\u0441\u043a.<br \/>\n\u041f\u0440\u0430\u043a\u0442\u0438\u043a\u0430\u0442\u0430 \u0449\u0435 \u0432\u0438 \u043f\u043e\u043c\u043e\u0433\u043d\u0435 \u0434\u0430 \u0440\u0430\u0437\u0431\u0435\u0440\u0435\u0442\u0435 \u043f\u043e-\u0434\u043e\u0431\u0440\u0435 \u0434\u0438\u043d\u0430\u043c\u0438\u043a\u0430\u0442\u0430 \u043d\u0430 \u0438\u0433\u0440\u0430\u0442\u0430 \u0438 \u0441\u0432\u043e\u044f \u0441\u0442\u0438\u043b \u043d\u0430 \u0438\u0433\u0440\u0430.<\/li>\n<li><strong>\u0417\u0430\u0434\u0430\u0439\u0442\u0435 \u0440\u0430\u0437\u0443\u043c\u043d\u0438 \u0446\u0435\u043b\u0438:<\/strong><br \/>\n\u041e\u043f\u0440\u0435\u0434\u0435\u043b\u0435\u0442\u0435 \u0446\u0435\u043b\u0438\u0442\u0435 \u0441\u0438 \u043f\u0440\u0435\u0434\u0438 \u0437\u0430\u043f\u043e\u0447\u0432\u0430\u043d\u0435 \u043d\u0430 \u0438\u0433\u0440\u0430\u0442\u0430, \u0431\u0438\u043b\u043e \u0442\u043e \u0440\u0430\u0437\u0432\u043b\u0435\u0447\u0435\u043d\u0438\u0435, \u043a\u043e\u043d\u043a\u0440\u0435\u0442\u043d\u0430 \u043f\u0435\u0447\u0430\u043b\u0431\u0430 \u0438\u043b\u0438 \u043e\u043f\u0438\u0442.<\/li>\n<\/ul>\n<h3>\u0417\u0430\u043a\u043b\u044e\u0447\u0435\u043d\u0438\u0435<\/h3>\n<p>\u0418\u043c\u0430 \u043c\u043d\u043e\u0433\u043e \u0441\u0442\u0440\u0430\u0442\u0435\u0433\u0438\u0438 \u0438 \u043f\u043e\u0434\u0445\u043e\u0434\u0438 \u0437\u0430 \u0438\u0433\u0440\u0430 \u043d\u0430 \u0411\u0430\u043a\u0430\u0440\u0430. \u0412\u0441\u0435\u043a\u0438 \u0438\u0433\u0440\u0430\u0447 \u043c\u043e\u0436\u0435 \u0434\u0430 \u043d\u0430\u043c\u0435\u0440\u0438 \u0441\u0432\u043e\u044f \u0443\u043d\u0438\u043a\u0430\u043b\u0435\u043d \u0441\u0442\u0438\u043b \u0438 \u0441\u0442\u0440\u0430\u0442\u0435\u0433\u0438\u044f, \u043a\u043e\u044f\u0442\u043e \u043e\u0442\u0433\u043e\u0432\u0430\u0440\u044f \u043d\u0430 \u043d\u0435\u0433\u043e\u0432\u0438\u0442\u0435 \u043f\u0440\u0435\u0434\u043f\u043e\u0447\u0438\u0442\u0430\u043d\u0438\u044f. \u0417\u0430\u043f\u043e\u043c\u043d\u0435\u0442\u0435, \u0447\u0435 \u0445\u0430\u0437\u0430\u0440\u0442\u043d\u0438\u0442\u0435 \u0438\u0433\u0440\u0438 \u0441\u0430 \u043f\u0440\u0435\u0434\u043d\u0430\u0437\u043d\u0430\u0447\u0435\u043d\u0438 \u043f\u0440\u0435\u0438\u043c\u0443\u0449\u0435\u0441\u0442\u0432\u0435\u043d\u043e \u0434\u0430 \u0434\u043e\u043d\u0435\u0441\u0430\u0442 \u0443\u0434\u043e\u0432\u043e\u043b\u0441\u0442\u0432\u0438\u0435, \u0437\u0430\u0442\u043e\u0432\u0430 \u0441\u0435 \u043d\u0430\u0441\u043b\u0430\u0436\u0434\u0430\u0432\u0430\u0439\u0442\u0435 \u043d\u0430 \u043f\u0440\u043e\u0446\u0435\u0441\u0430 \u0438 \u0438\u0433\u0440\u0430\u0439\u0442\u0435 \u043e\u0442\u0433\u043e\u0432\u043e\u0440\u043d\u043e. \u0416\u0435\u043b\u0430\u0435\u043c \u0432\u0438 \u0443\u0441\u043f\u0435\u0445 \u0432\u044a\u0432 \u0432\u0430\u0448\u0438\u0442\u0435 \u043f\u0440\u0438\u043a\u043b\u044e\u0447\u0435\u043d\u0438\u044f \u0432 \u0441\u0432\u0435\u0442\u0430 \u043d\u0430 \u0411\u0430\u043a\u0430\u0440\u0430!<\/p>\n","protected":false},"excerpt":{"rendered":"<p>\u0412\u044a\u0432\u0435\u0434\u0435\u043d\u0438\u0435 \u0411\u0430\u043a\u0430\u0440\u0430 \u0435 \u0435\u0434\u043d\u0430 \u043e\u0442 \u043d\u0430\u0439-\u0434\u043e\u0441\u0442\u044a\u043f\u043d\u0438\u0442\u0435 \u0438 \u0432\u044a\u043b\u043d\u0443\u0432\u0430\u0449\u0438 \u043a\u0430\u0440\u0442\u0438 \u0432 \u0441\u0432\u0435\u0442\u0430 \u043d\u0430 \u0445\u0430\u0437\u0430\u0440\u0442\u0430, \u043a\u043e\u044f\u0442\u043e \u043f\u0440\u0435\u0434\u043e\u0441\u0442\u0430\u0432\u044f \u043d\u0430 \u0438\u0433\u0440\u0430\u0447\u0438\u0442\u0435 \u0443\u043d\u0438\u043a\u0430\u043b\u043d\u0430 \u0432\u044a\u0437\u043c\u043e\u0436\u043d\u043e\u0441\u0442 \u0434\u0430 \u0441\u044a\u0447\u0435\u0442\u0430\u044f\u0442 \u043a\u044a\u0441\u043c\u0435\u0442 \u0438 \u0441\u0442\u0440\u0430\u0442\u0435\u0433\u0438\u044f. \u0412 <a href=\"https:\/\/baccarat168.app\/bg\/baccarat-strategies\/\" class=\"read-more-link\">Continue Reading<\/a><\/p>\n","protected":false},"author":1,"featured_media":0,"parent":0,"menu_order":0,"comment_status":"closed","ping_status":"closed","template":"","meta":{"footnotes":""},"class_list":["post-13","page","type-page","status-publish","hentry"],"yoast_head":"<!-- This site is optimized with the Yoast SEO plugin v27.2 - https:\/\/yoast.com\/product\/yoast-seo-wordpress\/ -->\n<title>Maximizar el \u00c9xito: Estrategias Efectivas para Jugar al Baccarat<\/title>\n<meta name=\"description\" content=\"\u041e\u0442\u043a\u0440\u0438\u0439\u0442\u0435 \u043d\u0430\u0439-\u0434\u043e\u0431\u0440\u0438\u0442\u0435 \u0441\u0442\u0440\u0430\u0442\u0435\u0433\u0438\u0438 \u0437\u0430 \u043f\u0435\u0447\u0430\u043b\u0431\u0430 \u0432 \u0411\u0430\u043a\u043a\u0430\u0440\u0430. \u041f\u043e\u043b\u0435\u0437\u043d\u0438 \u0441\u044a\u0432\u0435\u0442\u0438, \u0442\u0430\u043a\u0442\u0438\u043a\u0438 \u0438 \u0440\u044a\u043a\u043e\u0432\u043e\u0434\u0441\u0442\u0432\u0430 \u0437\u0430 \u043f\u043e\u0434\u043e\u0431\u0440\u044f\u0432\u0430\u043d\u0435 \u043d\u0430 \u0432\u0430\u0448\u0430\u0442\u0430 \u0438\u0433\u0440\u0430.\" \/>\n<meta name=\"robots\" content=\"index, follow, max-snippet:-1, max-image-preview:large, max-video-preview:-1\" \/>\n<link rel=\"canonical\" href=\"https:\/\/baccarat168.app\/bg\/baccarat-strategies\/\" \/>\n<meta property=\"og:locale\" content=\"bg_BG\" \/>\n<meta property=\"og:locale:alternate\" content=\"ru_RU\" \/>\n<meta property=\"og:locale:alternate\" content=\"en_US\" \/>\n<meta property=\"og:locale:alternate\" content=\"pt_PT\" \/>\n<meta property=\"og:locale:alternate\" content=\"es_ES\" \/>\n<meta property=\"og:locale:alternate\" content=\"fr_FR\" \/>\n<meta property=\"og:locale:alternate\" content=\"de_DE\" \/>\n<meta property=\"og:locale:alternate\" content=\"ro_RO\" \/>\n<meta property=\"og:locale:alternate\" content=\"sr_RS\" \/>\n<meta property=\"og:locale:alternate\" content=\"pl_PL\" \/>\n<meta property=\"og:locale:alternate\" content=\"it_IT\" \/>\n<meta property=\"og:type\" content=\"article\" \/>\n<meta property=\"og:title\" content=\"Maximizar el \u00c9xito: Estrategias Efectivas para Jugar al Baccarat\" \/>\n<meta property=\"og:description\" content=\"Explora las mejores estrategias para ganar en el Baccarat. Consejos \u00fatiles, t\u00e1cticas y gu\u00edas para mejorar tu juego.\" \/>\n<meta property=\"og:url\" content=\"https:\/\/baccarat168.app\/bg\/baccarat-strategies\/\" \/>\n<meta property=\"og:site_name\" content=\"Baccarat\" \/>\n<meta property=\"article:modified_time\" content=\"2024-06-15T01:38:02+00:00\" \/>\n<meta name=\"twitter:card\" content=\"summary_large_image\" \/>\n<meta name=\"twitter:label1\" content=\"Est. reading time\" \/>\n\t<meta name=\"twitter:data1\" content=\"19 \u043c\u0438\u043d\u0443\u0442\u0438\" \/>\n<script type=\"application\/ld+json\" class=\"yoast-schema-graph\">{\"@context\":\"https:\/\/schema.org\",\"@graph\":[{\"@type\":\"WebPage\",\"@id\":\"https:\/\/baccarat168.app\/es\/baccarat-strategies\/\",\"url\":\"https:\/\/baccarat168.app\/es\/baccarat-strategies\/\",\"name\":\"Maximizar el \u00c9xito: Estrategias Efectivas para Jugar al Baccarat\",\"isPartOf\":{\"@id\":\"https:\/\/baccarat168.app\/#website\"},\"datePublished\":\"2023-11-30T01:13:39+00:00\",\"dateModified\":\"2024-06-15T01:38:02+00:00\",\"description\":\"Explora las mejores estrategias para ganar en el Baccarat. Consejos \u00fatiles, t\u00e1cticas y gu\u00edas para mejorar tu juego.\",\"breadcrumb\":{\"@id\":\"https:\/\/baccarat168.app\/es\/baccarat-strategies\/#breadcrumb\"},\"inLanguage\":\"bg-BG\",\"potentialAction\":[{\"@type\":\"ReadAction\",\"target\":[\"https:\/\/baccarat168.app\/es\/baccarat-strategies\/\"]}]},{\"@type\":\"BreadcrumbList\",\"@id\":\"https:\/\/baccarat168.app\/es\/baccarat-strategies\/#breadcrumb\",\"itemListElement\":[{\"@type\":\"ListItem\",\"position\":1,\"name\":\"Home\",\"item\":\"https:\/\/baccarat168.app\/\"},{\"@type\":\"ListItem\",\"position\":2,\"name\":\"Estrategias del juego de Baccarat: el camino hacia el \u00e9xito y emocionantes victorias\"}]},{\"@type\":\"WebSite\",\"@id\":\"https:\/\/baccarat168.app\/#website\",\"url\":\"https:\/\/baccarat168.app\/\",\"name\":\"Baccarat\",\"description\":\"\",\"potentialAction\":[{\"@type\":\"SearchAction\",\"target\":{\"@type\":\"EntryPoint\",\"urlTemplate\":\"https:\/\/baccarat168.app\/?s={search_term_string}\"},\"query-input\":{\"@type\":\"PropertyValueSpecification\",\"valueRequired\":true,\"valueName\":\"search_term_string\"}}],\"inLanguage\":\"bg-BG\"}]}<\/script>\n<!-- \/ Yoast SEO plugin. -->","yoast_head_json":{"title":"Maximizar el \u00c9xito: Estrategias Efectivas para Jugar al Baccarat","description":"\u041e\u0442\u043a\u0440\u0438\u0439\u0442\u0435 \u043d\u0430\u0439-\u0434\u043e\u0431\u0440\u0438\u0442\u0435 \u0441\u0442\u0440\u0430\u0442\u0435\u0433\u0438\u0438 \u0437\u0430 \u043f\u0435\u0447\u0430\u043b\u0431\u0430 \u0432 \u0411\u0430\u043a\u043a\u0430\u0440\u0430. \u041f\u043e\u043b\u0435\u0437\u043d\u0438 \u0441\u044a\u0432\u0435\u0442\u0438, \u0442\u0430\u043a\u0442\u0438\u043a\u0438 \u0438 \u0440\u044a\u043a\u043e\u0432\u043e\u0434\u0441\u0442\u0432\u0430 \u0437\u0430 \u043f\u043e\u0434\u043e\u0431\u0440\u044f\u0432\u0430\u043d\u0435 \u043d\u0430 \u0432\u0430\u0448\u0430\u0442\u0430 \u0438\u0433\u0440\u0430.","robots":{"index":"index","follow":"follow","max-snippet":"max-snippet:-1","max-image-preview":"max-image-preview:large","max-video-preview":"max-video-preview:-1"},"canonical":"https:\/\/baccarat168.app\/bg\/baccarat-strategies\/","og_locale":"bg_BG","og_type":"article","og_title":"Maximizar el \u00c9xito: Estrategias Efectivas para Jugar al Baccarat","og_description":"Explora las mejores estrategias para ganar en el Baccarat. Consejos \u00fatiles, t\u00e1cticas y gu\u00edas para mejorar tu juego.","og_url":"https:\/\/baccarat168.app\/bg\/baccarat-strategies\/","og_site_name":"Baccarat","article_modified_time":"2024-06-15T01:38:02+00:00","twitter_card":"summary_large_image","twitter_misc":{"Est. reading time":"19 \u043c\u0438\u043d\u0443\u0442\u0438"},"schema":{"@context":"https:\/\/schema.org","@graph":[{"@type":"WebPage","@id":"https:\/\/baccarat168.app\/es\/baccarat-strategies\/","url":"https:\/\/baccarat168.app\/es\/baccarat-strategies\/","name":"Maximizar el \u00c9xito: Estrategias Efectivas para Jugar al Baccarat","isPartOf":{"@id":"https:\/\/baccarat168.app\/#website"},"datePublished":"2023-11-30T01:13:39+00:00","dateModified":"2024-06-15T01:38:02+00:00","description":"Explora las mejores estrategias para ganar en el Baccarat. Consejos \u00fatiles, t\u00e1cticas y gu\u00edas para mejorar tu juego.","breadcrumb":{"@id":"https:\/\/baccarat168.app\/es\/baccarat-strategies\/#breadcrumb"},"inLanguage":"bg-BG","potentialAction":[{"@type":"ReadAction","target":["https:\/\/baccarat168.app\/es\/baccarat-strategies\/"]}]},{"@type":"BreadcrumbList","@id":"https:\/\/baccarat168.app\/es\/baccarat-strategies\/#breadcrumb","itemListElement":[{"@type":"ListItem","position":1,"name":"Home","item":"https:\/\/baccarat168.app\/"},{"@type":"ListItem","position":2,"name":"Estrategias del juego de Baccarat: el camino hacia el \u00e9xito y emocionantes victorias"}]},{"@type":"WebSite","@id":"https:\/\/baccarat168.app\/#website","url":"https:\/\/baccarat168.app\/","name":"Baccarat","description":"","potentialAction":[{"@type":"SearchAction","target":{"@type":"EntryPoint","urlTemplate":"https:\/\/baccarat168.app\/?s={search_term_string}"},"query-input":{"@type":"PropertyValueSpecification","valueRequired":true,"valueName":"search_term_string"}}],"inLanguage":"bg-BG"}]}},"_links":{"self":[{"href":"https:\/\/baccarat168.app\/bg\/wp-json\/wp\/v2\/pages\/13","targetHints":{"allow":["GET"]}}],"collection":[{"href":"https:\/\/baccarat168.app\/bg\/wp-json\/wp\/v2\/pages"}],"about":[{"href":"https:\/\/baccarat168.app\/bg\/wp-json\/wp\/v2\/types\/page"}],"author":[{"embeddable":true,"href":"https:\/\/baccarat168.app\/bg\/wp-json\/wp\/v2\/users\/1"}],"replies":[{"embeddable":true,"href":"https:\/\/baccarat168.app\/bg\/wp-json\/wp\/v2\/comments?post=13"}],"version-history":[{"count":22,"href":"https:\/\/baccarat168.app\/bg\/wp-json\/wp\/v2\/pages\/13\/revisions"}],"predecessor-version":[{"id":158,"href":"https:\/\/baccarat168.app\/bg\/wp-json\/wp\/v2\/pages\/13\/revisions\/158"}],"wp:attachment":[{"href":"https:\/\/baccarat168.app\/bg\/wp-json\/wp\/v2\/media?parent=13"}],"curies":[{"name":"wp","href":"https:\/\/api.w.org\/{rel}","templated":true}]}}